{"id":48338,"date":"2024-02-14T11:14:25","date_gmt":"2024-02-14T10:14:25","guid":{"rendered":"https:\/\/www.raschvin.com\/produkt\/remy-martin-1738-5-cl-40\/"},"modified":"2024-02-14T11:14:25","modified_gmt":"2024-02-14T10:14:25","slug":"remy-martin-1738-5-cl-40","status":"publish","type":"product","link":"https:\/\/www.raschvin.com\/sv\/produkt\/remy-martin-1738-5-cl-40\/","title":{"rendered":"R\u00e9my Martin 1738 5 cl. 40%"},"content":{"rendered":"<p>En miniatyr av Remy Martins ber\u00f6mda Cognac fr\u00e5n 1738, som ligger mellan VSOP och XO i Remy Martin-serien.<\/p>\n<p>Bakom dess kungliga utseende d\u00f6ljer sig mjuka och rika smaker som \u00e4r len och v\u00e4lbalanserad i gommen.<\/p>\n<p>Detta \u00e4r en autentisk konjak, djupt rotad i terroiren och traditionen som en g\u00e5ng hedrades av den franske kungen sj\u00e4lv.<\/p>\n<p>Remy Martins 1738 Accord Royal Cognac skapades f\u00f6r att sitta mellan deras VSOP- och XO-uttryck.<\/p>\n<p>N\u00e4sa: Gener\u00f6sa toner av plommon- och fikonmarmelad avrundade av intensiva ektoner av kola och rostat br\u00f6d.<\/p>\n<p>Smak: Mjukheten fr\u00e5n sm\u00f6rkola och bakade kryddor med inslag av m\u00f6rk choklad.<\/p>\n<p>Finish: Exceptionellt rund med en kr\u00e4mig eftersmak och en koncentration av n\u00f6taktiga aromer som ges av en noggrann blandning av eaux-de-vie lagrad p\u00e5 rostade franska ekfat.<\/p>\n","protected":false},"excerpt":{"rendered":"<p>Cognac Fine Champagne \u2013 France<\/p>\n","protected":false},"featured_media":48416,"template":"","meta":{"_acf_changed":false,"rs_blank_template":"","rs_page_bg_color":"","slide_template_v7":""},"product_brand":[],"product_cat":[2387,2389,4606,4600],"product_tag":[],"class_list":{"0":"post-48338","1":"product","2":"type-product","3":"status-publish","4":"has-post-thumbnail","6":"product_cat-avec-sv","7":"product_cat-cognac-sv","8":"product_cat-v-s-o-p-sv","9":"product_cat-x-o-sv","10":"pa_land-frankrike","11":"pa_procent-40-sv-2","12":"pa_producent-remy-martin-sv","13":"pa_region-cognac-sv","14":"pa_volume-5-sv","16":"first","17":"instock","18":"taxable","19":"shipping-taxable","20":"purchasable","21":"product-type-simple"},"bundled_by":[],"bundle_stock_status":"instock","bundle_stock_quantity":null,"bundle_virtual":false,"bundle_layout":"","bundle_add_to_cart_form_location":"","bundle_editable_in_cart":false,"bundle_sold_individually_context":"","bundle_item_grouping":"","bundle_min_size":"","bundle_max_size":"","bundle_price":[],"bundled_items":[],"bundle_sell_ids":[],"acf":[],"_links":{"self":[{"href":"https:\/\/www.raschvin.com\/sv\/wp-json\/wp\/v2\/product\/48338","targetHints":{"allow":["GET"]}}],"collection":[{"href":"https:\/\/www.raschvin.com\/sv\/wp-json\/wp\/v2\/product"}],"about":[{"href":"https:\/\/www.raschvin.com\/sv\/wp-json\/wp\/v2\/types\/product"}],"wp:featuredmedia":[{"embeddable":true,"href":"https:\/\/www.raschvin.com\/sv\/wp-json\/wp\/v2\/media\/48416"}],"wp:attachment":[{"href":"https:\/\/www.raschvin.com\/sv\/wp-json\/wp\/v2\/media?parent=48338"}],"wp:term":[{"taxonomy":"product_brand","embeddable":true,"href":"https:\/\/www.raschvin.com\/sv\/wp-json\/wp\/v2\/product_brand?post=48338"},{"taxonomy":"product_cat","embeddable":true,"href":"https:\/\/www.raschvin.com\/sv\/wp-json\/wp\/v2\/product_cat?post=48338"},{"taxonomy":"product_tag","embeddable":true,"href":"https:\/\/www.raschvin.com\/sv\/wp-json\/wp\/v2\/product_tag?post=48338"}],"curies":[{"name":"wp","href":"https:\/\/api.w.org\/{rel}","templated":true}]}}