{"id":48323,"date":"2024-02-14T10:32:48","date_gmt":"2024-02-14T09:32:48","guid":{"rendered":"https:\/\/www.raschvin.com\/produkt\/campari-bitter-5-cl-25\/"},"modified":"2024-02-14T10:32:48","modified_gmt":"2024-02-14T09:32:48","slug":"campari-bitter-5-cl-25","status":"publish","type":"product","link":"https:\/\/www.raschvin.com\/sv\/produkt\/campari-bitter-5-cl-25\/","title":{"rendered":"Campari Bitter 5 cl. 25%"},"content":{"rendered":"<p>Campari miniatyr, en av v\u00e4rldens mest k\u00e4nda aperitifer. Campari anv\u00e4nds i ett stort antal cocktails som Negroni och Americano. Ingen bar \u00e4r komplett utan Campari.<\/p>\n<p>Campari \u00e4r idag grunden f\u00f6r n\u00e5gra av de mest k\u00e4nda cocktailsna.<br \/>\nSmaken erh\u00e5lls genom infusion av bittra \u00f6rter, aromatiska v\u00e4xter och frukter, alkohol och vatten.<br \/>\nDen livliga r\u00f6da f\u00e4rgen, den intensiva aromen och dess inspirerande smak har gjort Campari till en symbol f\u00f6r fest och gl\u00e4dje.<br \/>\nF\u00f6rslag:<br \/>\nNegroni.<br \/>\n\u2013 2 cl Campari<br \/>\n\u2013 2 cl r\u00f6d vermouth<br \/>\n\u2013 2 cl torr gin<br \/>\nH\u00e4ll alla ingredienser i ditt cocktailglas och r\u00f6r om.<br \/>\nTorr Campari<br \/>\n\u2013 1 cl Campari<br \/>\n\u2013 4 cl gin<br \/>\n\u2013 8 cl Tonic vatten<br \/>\n\u2013 1 cl limejuice<br \/>\nTills\u00e4tt alla ingredienser i ett glas och r\u00f6r om. Dekorera ev med lime.<br \/>\nCampari \u00e4r en alkoholhaltig sprit som erh\u00e5lls genom att blanda bittra \u00f6rter, aromatiska v\u00e4xter och frukt i alkohol och vatten. M\u00e5nga har f\u00f6rs\u00f6kt gissa antalet ingredienser: vissa s\u00e4ger att det finns 20 eller 60, men andra listar ingredienserna till 80. \u00c4n idag \u00e4r alkohol och vatten de enda k\u00e4nda ingredienserna i dess speciella och hemliga recept. Dess livfulla r\u00f6da f\u00e4rg, intensiva arom och karakteristiska bittra smak g\u00f6r den extremt m\u00e5ngsidig och den perfekta basen f\u00f6r n\u00e5gra av de mest k\u00e4nda cocktails runt om i v\u00e4rlden.<\/p>\n","protected":false},"excerpt":{"rendered":"<p>The Original Apertivo<\/p>\n","protected":false},"featured_media":48371,"template":"","meta":{"_acf_changed":false,"rs_blank_template":"","rs_page_bg_color":"","slide_template_v7":""},"product_brand":[],"product_cat":[2394],"product_tag":[],"class_list":{"0":"post-48323","1":"product","2":"type-product","3":"status-publish","4":"has-post-thumbnail","6":"product_cat-bitter-sv","7":"pa_land-italien-sv","8":"pa_procent-25-sv","9":"pa_producent-campari-group-sv","10":"pa_volume-5-sv","12":"first","13":"instock","14":"taxable","15":"shipping-taxable","16":"purchasable","17":"product-type-simple"},"bundled_by":[],"bundle_stock_status":"instock","bundle_stock_quantity":null,"bundle_virtual":false,"bundle_layout":"","bundle_add_to_cart_form_location":"","bundle_editable_in_cart":false,"bundle_sold_individually_context":"","bundle_item_grouping":"","bundle_min_size":"","bundle_max_size":"","bundle_price":[],"bundled_items":[],"bundle_sell_ids":[],"acf":[],"_links":{"self":[{"href":"https:\/\/www.raschvin.com\/sv\/wp-json\/wp\/v2\/product\/48323","targetHints":{"allow":["GET"]}}],"collection":[{"href":"https:\/\/www.raschvin.com\/sv\/wp-json\/wp\/v2\/product"}],"about":[{"href":"https:\/\/www.raschvin.com\/sv\/wp-json\/wp\/v2\/types\/product"}],"wp:featuredmedia":[{"embeddable":true,"href":"https:\/\/www.raschvin.com\/sv\/wp-json\/wp\/v2\/media\/48371"}],"wp:attachment":[{"href":"https:\/\/www.raschvin.com\/sv\/wp-json\/wp\/v2\/media?parent=48323"}],"wp:term":[{"taxonomy":"product_brand","embeddable":true,"href":"https:\/\/www.raschvin.com\/sv\/wp-json\/wp\/v2\/product_brand?post=48323"},{"taxonomy":"product_cat","embeddable":true,"href":"https:\/\/www.raschvin.com\/sv\/wp-json\/wp\/v2\/product_cat?post=48323"},{"taxonomy":"product_tag","embeddable":true,"href":"https:\/\/www.raschvin.com\/sv\/wp-json\/wp\/v2\/product_tag?post=48323"}],"curies":[{"name":"wp","href":"https:\/\/api.w.org\/{rel}","templated":true}]}}