{"id":48314,"date":"2024-02-14T10:03:36","date_gmt":"2024-02-14T09:03:36","guid":{"rendered":"https:\/\/www.raschvin.com\/produkt\/original-dr-nielsens-bitter-3x2-cl-38\/"},"modified":"2024-02-14T10:03:36","modified_gmt":"2024-02-14T09:03:36","slug":"original-dr-nielsens-bitter-3x2-cl-38","status":"publish","type":"product","link":"https:\/\/www.raschvin.com\/sv\/produkt\/original-dr-nielsens-bitter-3x2-cl-38\/","title":{"rendered":"Original Dr. Nielsen\u2019s Bitter 3&#215;2 cl. 38%"},"content":{"rendered":"<p>Original Dr. Nielsen Bitter \u00e4r ett extrakt av \u00e5tta olika \u00f6rter, bl.a Pomeranian och stj\u00e4rnanis. Den k\u00e4nnetecknas av en mild, karakt\u00e4rsfull och behaglig smak och en raffinerad, perfekt balanserad eftersmak. Denna unika smak \u00e5terspeglar alla \u00f6rter som anv\u00e4nds.<\/p>\n<p>Den kan avnjutas i rumstemperatur som en v\u00e4rmande dram i kallt v\u00e4der eller helt enkelt med en \u00f6l.<br \/>\nDr. Nielsen var en ivrig j\u00e4gare och friluftsm\u00e4nniska, som fram till 1937 bodde i en sidoflygel av Hobro Apotek, d\u00e4r han tillsammans med sina goda v\u00e4nner, apotekarfamiljen, lade ner mycket arbete p\u00e5 att hitta &#8221;den r\u00e4tta bittra&#8221;. M\u00e5nga kv\u00e4llar spenderades innan det en dag i det annars m\u00f6rka 30-talet ljusnade \u2013 en m\u00e5ngsidig bitter med m\u00e5nga anv\u00e4ndningsomr\u00e5den hade hittats! 1988, Dr. Nielsens familjerecept gick vidare och l\u00e4t Johs. M. Klein Distribution A\/S vink\u00e4llare slutf\u00f6r arbetet.<\/p>\n","protected":false},"excerpt":{"rendered":"<p>Danish Classic Bitter<\/p>\n","protected":false},"featured_media":48380,"template":"","meta":{"_acf_changed":false,"rs_blank_template":"","rs_page_bg_color":"","slide_template_v7":""},"product_brand":[],"product_cat":[2394],"product_tag":[],"class_list":{"0":"post-48314","1":"product","2":"type-product","3":"status-publish","4":"has-post-thumbnail","6":"product_cat-bitter-sv","7":"pa_land-danmark-sv","8":"pa_procent-38-sv","9":"pa_producent-johns-m-klein-sv","10":"pa_volume-6-sv","12":"first","13":"instock","14":"taxable","15":"shipping-taxable","16":"purchasable","17":"product-type-simple"},"bundled_by":[],"bundle_stock_status":"instock","bundle_stock_quantity":null,"bundle_virtual":false,"bundle_layout":"","bundle_add_to_cart_form_location":"","bundle_editable_in_cart":false,"bundle_sold_individually_context":"","bundle_item_grouping":"","bundle_min_size":"","bundle_max_size":"","bundle_price":[],"bundled_items":[],"bundle_sell_ids":[],"acf":[],"_links":{"self":[{"href":"https:\/\/www.raschvin.com\/sv\/wp-json\/wp\/v2\/product\/48314","targetHints":{"allow":["GET"]}}],"collection":[{"href":"https:\/\/www.raschvin.com\/sv\/wp-json\/wp\/v2\/product"}],"about":[{"href":"https:\/\/www.raschvin.com\/sv\/wp-json\/wp\/v2\/types\/product"}],"wp:featuredmedia":[{"embeddable":true,"href":"https:\/\/www.raschvin.com\/sv\/wp-json\/wp\/v2\/media\/48380"}],"wp:attachment":[{"href":"https:\/\/www.raschvin.com\/sv\/wp-json\/wp\/v2\/media?parent=48314"}],"wp:term":[{"taxonomy":"product_brand","embeddable":true,"href":"https:\/\/www.raschvin.com\/sv\/wp-json\/wp\/v2\/product_brand?post=48314"},{"taxonomy":"product_cat","embeddable":true,"href":"https:\/\/www.raschvin.com\/sv\/wp-json\/wp\/v2\/product_cat?post=48314"},{"taxonomy":"product_tag","embeddable":true,"href":"https:\/\/www.raschvin.com\/sv\/wp-json\/wp\/v2\/product_tag?post=48314"}],"curies":[{"name":"wp","href":"https:\/\/api.w.org\/{rel}","templated":true}]}}