{"id":48310,"date":"2024-02-14T09:53:13","date_gmt":"2024-02-14T08:53:13","guid":{"rendered":"https:\/\/www.raschvin.com\/produkt\/froeken-nielsens-sommersnaps-3x2-cl-38\/"},"modified":"2024-02-14T09:53:13","modified_gmt":"2024-02-14T08:53:13","slug":"froeken-nielsens-sommersnaps-3x2-cl-38","status":"publish","type":"product","link":"https:\/\/www.raschvin.com\/sv\/produkt\/froeken-nielsens-sommersnaps-3x2-cl-38\/","title":{"rendered":"Fr\u00f8ken Nielsens Sommersnaps 3&#215;2 cl. 38%"},"content":{"rendered":"<p>Miss Nielsens Sommersnaps i miniformat<\/p>\n<p>Efter mer \u00e4n 16 \u00e5r av framg\u00e5ngsrikt arbete i danska hem har Dr. Nielsen&#8217;s Bitter presenterar stolt sin &#8221;lillasyster&#8221; &#8211; Original Fr\u00f8ken Nielsens Sommersnaps, i maj 2004. Original Fr\u00f8ken Nielsens Sommersnaps \u00e4r smaken av dansk sommar! Den har utvecklats av Johs. M. Kleins egen vinkypare. Den \u00e4r framst\u00e4lld som konjak och smaksatt med den danska sommarens b\u00e4r och fl\u00e4der. Och som gr\u00e4dde p\u00e5 moset \u2013 en liten touch av blomman fr\u00e5n vildhumle.<\/p>\n<p>Original Fr\u00f8ken Nielsens Sommersnaps \u00e4r \u2013 precis som Original Dr. Nielsen&#8217;s Bitter \u2013 helt eget. Med en l\u00e4tt s\u00f6t doft som Eau de Vie och karakt\u00e4rsfull som hemmagjord kryddsnaps. Servera Original Fr\u00f8ken Nielsens Sommersnaps i rumstemperatur eller kylda. Njut av det d\u00e5 och d\u00e5, med en god \u00f6l, en god lunch, en kopp kaffe eller bara i gott s\u00e4llskap.<\/p>\n","protected":false},"excerpt":{"rendered":"<p>Danish Summer Snaps<\/p>\n","protected":false},"featured_media":48353,"template":"","meta":{"_acf_changed":false,"rs_blank_template":"","rs_page_bg_color":"","slide_template_v7":""},"product_brand":[],"product_cat":[2393,2743],"product_tag":[],"class_list":{"0":"post-48310","1":"product","2":"type-product","3":"status-publish","4":"has-post-thumbnail","6":"product_cat-akvavit-snaps-sv","7":"product_cat-brannvin-sv","8":"pa_land-danmark-sv","9":"pa_procent-38-sv","10":"pa_producent-johns-m-klein-sv","11":"pa_volume-6-sv","13":"first","14":"instock","15":"taxable","16":"shipping-taxable","17":"purchasable","18":"product-type-simple"},"bundled_by":[],"bundle_stock_status":"instock","bundle_stock_quantity":null,"bundle_virtual":false,"bundle_layout":"","bundle_add_to_cart_form_location":"","bundle_editable_in_cart":false,"bundle_sold_individually_context":"","bundle_item_grouping":"","bundle_min_size":"","bundle_max_size":"","bundle_price":[],"bundled_items":[],"bundle_sell_ids":[],"acf":[],"_links":{"self":[{"href":"https:\/\/www.raschvin.com\/sv\/wp-json\/wp\/v2\/product\/48310","targetHints":{"allow":["GET"]}}],"collection":[{"href":"https:\/\/www.raschvin.com\/sv\/wp-json\/wp\/v2\/product"}],"about":[{"href":"https:\/\/www.raschvin.com\/sv\/wp-json\/wp\/v2\/types\/product"}],"wp:featuredmedia":[{"embeddable":true,"href":"https:\/\/www.raschvin.com\/sv\/wp-json\/wp\/v2\/media\/48353"}],"wp:attachment":[{"href":"https:\/\/www.raschvin.com\/sv\/wp-json\/wp\/v2\/media?parent=48310"}],"wp:term":[{"taxonomy":"product_brand","embeddable":true,"href":"https:\/\/www.raschvin.com\/sv\/wp-json\/wp\/v2\/product_brand?post=48310"},{"taxonomy":"product_cat","embeddable":true,"href":"https:\/\/www.raschvin.com\/sv\/wp-json\/wp\/v2\/product_cat?post=48310"},{"taxonomy":"product_tag","embeddable":true,"href":"https:\/\/www.raschvin.com\/sv\/wp-json\/wp\/v2\/product_tag?post=48310"}],"curies":[{"name":"wp","href":"https:\/\/api.w.org\/{rel}","templated":true}]}}