{"id":48307,"date":"2024-02-14T09:45:14","date_gmt":"2024-02-14T08:45:14","guid":{"rendered":"https:\/\/www.raschvin.com\/produkt\/branca-menta-3x2-cl-28\/"},"modified":"2024-02-14T09:45:14","modified_gmt":"2024-02-14T08:45:14","slug":"branca-menta-3x2-cl-28","status":"publish","type":"product","link":"https:\/\/www.raschvin.com\/sv\/produkt\/branca-menta-3x2-cl-28\/","title":{"rendered":"Branca Menta 3&#215;2 cl. 28%"},"content":{"rendered":"<p>Den intensiva k\u00e4nslan av fullst\u00e4ndig njutning<br \/>\nBrancamenta, lik\u00f6ren med den omissk\u00e4nnliga mintsmaken, \u00f6verraskar med den intensiva k\u00e4nslan av fullst\u00e4ndig njutning den ger oss med varje klunk.<\/p>\n<p>Dess hemliga formel inneh\u00e5ller \u00f6rter fr\u00e5n fyra kontinenter och eterisk olja fr\u00e5n v\u00e4rldens b\u00e4sta pepparmynta. Naturlig och s\u00e4rskilt uppfriskande, den \u00e4r perfekt f\u00f6r varje s\u00e4song.<\/p>\n","protected":false},"excerpt":{"rendered":"<p>Italian Herbal Liqueur \u2013 Amaro<\/p>\n","protected":false},"featured_media":48362,"template":"","meta":{"_acf_changed":false,"rs_blank_template":"","rs_page_bg_color":"","slide_template_v7":""},"product_brand":[],"product_cat":[2387,2390,2394,2402,2407,4714],"product_tag":[],"class_list":{"0":"post-48307","1":"product","2":"type-product","3":"status-publish","4":"has-post-thumbnail","6":"product_cat-avec-sv","7":"product_cat-sprit","8":"product_cat-bitter-sv","9":"product_cat-sprit-sv","10":"product_cat-shots-sv","11":"product_cat-ort","12":"pa_land-italien-sv","13":"pa_procent-28-sv","14":"pa_producent-fratelli-branca-distillerie-sv","15":"pa_volume-6-sv","17":"first","18":"instock","19":"taxable","20":"shipping-taxable","21":"purchasable","22":"product-type-simple"},"bundled_by":[],"bundle_stock_status":"instock","bundle_stock_quantity":null,"bundle_virtual":false,"bundle_layout":"","bundle_add_to_cart_form_location":"","bundle_editable_in_cart":false,"bundle_sold_individually_context":"","bundle_item_grouping":"","bundle_min_size":"","bundle_max_size":"","bundle_price":[],"bundled_items":[],"bundle_sell_ids":[],"acf":[],"_links":{"self":[{"href":"https:\/\/www.raschvin.com\/sv\/wp-json\/wp\/v2\/product\/48307","targetHints":{"allow":["GET"]}}],"collection":[{"href":"https:\/\/www.raschvin.com\/sv\/wp-json\/wp\/v2\/product"}],"about":[{"href":"https:\/\/www.raschvin.com\/sv\/wp-json\/wp\/v2\/types\/product"}],"wp:featuredmedia":[{"embeddable":true,"href":"https:\/\/www.raschvin.com\/sv\/wp-json\/wp\/v2\/media\/48362"}],"wp:attachment":[{"href":"https:\/\/www.raschvin.com\/sv\/wp-json\/wp\/v2\/media?parent=48307"}],"wp:term":[{"taxonomy":"product_brand","embeddable":true,"href":"https:\/\/www.raschvin.com\/sv\/wp-json\/wp\/v2\/product_brand?post=48307"},{"taxonomy":"product_cat","embeddable":true,"href":"https:\/\/www.raschvin.com\/sv\/wp-json\/wp\/v2\/product_cat?post=48307"},{"taxonomy":"product_tag","embeddable":true,"href":"https:\/\/www.raschvin.com\/sv\/wp-json\/wp\/v2\/product_tag?post=48307"}],"curies":[{"name":"wp","href":"https:\/\/api.w.org\/{rel}","templated":true}]}}