{"id":48304,"date":"2024-02-14T09:33:26","date_gmt":"2024-02-14T08:33:26","guid":{"rendered":"https:\/\/www.raschvin.com\/produkt\/fernet-branca-amaro-3x2-cl-39\/"},"modified":"2024-02-14T09:33:26","modified_gmt":"2024-02-14T08:33:26","slug":"fernet-branca-amaro-3x2-cl-39","status":"publish","type":"product","link":"https:\/\/www.raschvin.com\/sv\/produkt\/fernet-branca-amaro-3x2-cl-39\/","title":{"rendered":"Fernet Branca Amaro 3&#215;2 cl. 39%"},"content":{"rendered":"<p>Vinifiering \/ expansion<br \/>\nDe 27 \u00f6rterna den best\u00e5r av kommer fr\u00e5n alla 5 kontinenter: aloe fr\u00e5n Sydafrika, rabarber fr\u00e5n Kina, gentiana fr\u00e5n Frankrike, galangal fr\u00e5n Indien eller Sri Lanka, kamomill fr\u00e5n Italien och Argentina, f\u00f6r att bara n\u00e4mna n\u00e5gra.<br \/>\nDet finns \u00e4ven blommor, \u00f6rter, r\u00f6tter och v\u00e4xter som man g\u00f6r alkoholhaltiga infusioner, extrakt och infusioner av, som vid r\u00e4tt blandning avg\u00f6r produktens h\u00e4lsofr\u00e4mjande egenskaper.<\/p>\n<p>Fernet-Branca har lagrats p\u00e5 ekfat i minst ett \u00e5r och har en ljusbrun f\u00e4rg med b\u00e4rnstensf\u00e4rgade reflektioner och en intensiv och genomtr\u00e4ngande doft, balanserad och v\u00e4llustig.<br \/>\nBer\u00e4ttelse<br \/>\nDen italienska traditionens stora bitterhet<br \/>\nFernet-Branca f\u00f6ddes 1845 och har med tiden beh\u00e5llit sin personlighet och originalitet, vilket g\u00f6r att den kan er\u00f6vra Europa och Amerika.<\/p>\n<p>Den hemliga produktformeln f\u00f6rs vidare fr\u00e5n far till son inom Branca-familjen. Detta har s\u00e4kerst\u00e4llt bevarandet av produktkvaliteten och g\u00f6r Fernet-Branca \u00e4n idag till amaro, som anses vara den b\u00e4sta matsm\u00e4ltningslik\u00f6ren.<\/p>\n","protected":false},"excerpt":{"rendered":"<p>Classic Italian Herbal Liqueur<\/p>\n","protected":false},"featured_media":48386,"template":"","meta":{"_acf_changed":false,"rs_blank_template":"","rs_page_bg_color":"","slide_template_v7":""},"product_brand":[],"product_cat":[2387,2390,2394,2402,2407,4714],"product_tag":[],"class_list":{"0":"post-48304","1":"product","2":"type-product","3":"status-publish","4":"has-post-thumbnail","6":"product_cat-avec-sv","7":"product_cat-sprit","8":"product_cat-bitter-sv","9":"product_cat-sprit-sv","10":"product_cat-shots-sv","11":"product_cat-ort","12":"pa_land-italien-sv","13":"pa_procent-39-sv","14":"pa_producent-fratelli-branca-distillerie-sv","15":"pa_volume-6-sv","17":"first","18":"instock","19":"taxable","20":"shipping-taxable","21":"purchasable","22":"product-type-simple"},"bundled_by":[],"bundle_stock_status":"instock","bundle_stock_quantity":null,"bundle_virtual":false,"bundle_layout":"","bundle_add_to_cart_form_location":"","bundle_editable_in_cart":false,"bundle_sold_individually_context":"","bundle_item_grouping":"","bundle_min_size":"","bundle_max_size":"","bundle_price":[],"bundled_items":[],"bundle_sell_ids":[],"acf":[],"_links":{"self":[{"href":"https:\/\/www.raschvin.com\/sv\/wp-json\/wp\/v2\/product\/48304","targetHints":{"allow":["GET"]}}],"collection":[{"href":"https:\/\/www.raschvin.com\/sv\/wp-json\/wp\/v2\/product"}],"about":[{"href":"https:\/\/www.raschvin.com\/sv\/wp-json\/wp\/v2\/types\/product"}],"wp:featuredmedia":[{"embeddable":true,"href":"https:\/\/www.raschvin.com\/sv\/wp-json\/wp\/v2\/media\/48386"}],"wp:attachment":[{"href":"https:\/\/www.raschvin.com\/sv\/wp-json\/wp\/v2\/media?parent=48304"}],"wp:term":[{"taxonomy":"product_brand","embeddable":true,"href":"https:\/\/www.raschvin.com\/sv\/wp-json\/wp\/v2\/product_brand?post=48304"},{"taxonomy":"product_cat","embeddable":true,"href":"https:\/\/www.raschvin.com\/sv\/wp-json\/wp\/v2\/product_cat?post=48304"},{"taxonomy":"product_tag","embeddable":true,"href":"https:\/\/www.raschvin.com\/sv\/wp-json\/wp\/v2\/product_tag?post=48304"}],"curies":[{"name":"wp","href":"https:\/\/api.w.org\/{rel}","templated":true}]}}