{"id":48300,"date":"2024-02-14T09:18:34","date_gmt":"2024-02-14T08:18:34","guid":{"rendered":"https:\/\/www.raschvin.com\/produkt\/pure-aeble-minipack-12x5-cl-164\/"},"modified":"2024-02-14T09:18:34","modified_gmt":"2024-02-14T08:18:34","slug":"pure-aeble-minipack-12x5-cl-164","status":"publish","type":"product","link":"https:\/\/www.raschvin.com\/sv\/produkt\/pure-aeble-minipack-12x5-cl-164\/","title":{"rendered":"Pure \u00c6ble Minipack 12\u00d75 cl. 16,4%"},"content":{"rendered":"<p>En l\u00e5da med de nya Pure Mini Shots med Apple. Mindre storlek, samma goda smak. De passar direkt i fickan och \u00e4r perfekta f\u00f6r att g\u00f6ra alla upplevelser lite b\u00e4ttre.<\/p>\n<p>\u00c4PPELSKOT FR\u00c5N PURE!<br \/>\nPure Apple \u00e4r gjord av noggrant utvalda solmogna \u00e4pplen. \u00c4pplena kokas l\u00e4nge och sedan mosas n\u00e5gra till en fin \u00e4ppelmassa. Denna metod g\u00f6r att du kan beh\u00e5lla \u00e4pplets fr\u00e4scha smak och doft. Vanilj fr\u00e5n riktiga vaniljst\u00e5ng och korn tills\u00e4tts sedan, vilket ger en s\u00f6t doft och fyllig smak.<br \/>\nTa en chans och l\u00e5t dina tankar ta dig tillbaka till smaken av en god gammaldags \u00e4ppelpaj, s\u00e5 som mamma gjorde den n\u00e4r du var barn. Kan avnjutas snyggt, med vispgr\u00e4dde p\u00e5 toppen eller blandas till en drink.<br \/>\nB\u00f6r f\u00f6rvaras svalt och skakas innan det dricks.<\/p>\n<p>F\u00d6RMODLIGT DANMARKS B\u00c4STA SKUT<br \/>\nAlla Pure-produkter \u00e4r skapade och bryggda enligt samma princip: h\u00f6g kvalitet och god smak gjorda av de b\u00e4sta r\u00e5varorna. Ingredienserna \u00e4r noga utvalda f\u00f6r att ge den b\u00e4sta och renaste smaken i varje variant. Forts\u00e4tt ner p\u00e5 sidan och l\u00e4s mer om v\u00e5ra ingredienser.<\/p>\n<p>FINDEstillerAD VODKA<br \/>\nI alla v\u00e5ra produkter anv\u00e4nder vi en ren vodka p\u00e5 96%, som vi g\u00f6r sj\u00e4lva med \u00e5rhusianskt mineralvatten och danskt socker. Vodkan \u00e4r gjord av spannm\u00e5l och r\u00e5g snarare \u00e4n melass, vilket g\u00f6r att den smakar i harmoni med ingredienserna och inte \u00f6vermannar dem, vilket ytterligare bidrar till den rena smaken av shoten.<\/p>\n","protected":false},"excerpt":{"rendered":"<p>Spiritus Made In Aarhus (DK) \u2013 Mixxed By Hand<\/p>\n","protected":false},"featured_media":48413,"template":"","meta":{"_acf_changed":false,"rs_blank_template":"","rs_page_bg_color":"","slide_template_v7":""},"product_brand":[],"product_cat":[2387,4670,2407,2390,2402],"product_tag":[],"class_list":{"0":"post-48300","1":"product","2":"type-product","3":"status-publish","4":"has-post-thumbnail","6":"product_cat-avec-sv","7":"product_cat-frukt","8":"product_cat-shots-sv","9":"product_cat-sprit","10":"product_cat-sprit-sv","11":"pa_land-danmark-sv","12":"pa_procent-16-4-sv","13":"pa_producent-pure-shots-sv","14":"pa_region-aarhus-sv","15":"pa_serveringstemperatur-10-12-sv-2","16":"pa_volume-60-sv","18":"first","19":"instock","20":"sale","21":"taxable","22":"shipping-taxable","23":"purchasable","24":"product-type-simple"},"bundled_by":[],"bundle_stock_status":"instock","bundle_stock_quantity":null,"bundle_virtual":false,"bundle_layout":"","bundle_add_to_cart_form_location":"","bundle_editable_in_cart":false,"bundle_sold_individually_context":"","bundle_item_grouping":"","bundle_min_size":"","bundle_max_size":"","bundle_price":[],"bundled_items":[],"bundle_sell_ids":[],"acf":[],"_links":{"self":[{"href":"https:\/\/www.raschvin.com\/sv\/wp-json\/wp\/v2\/product\/48300","targetHints":{"allow":["GET"]}}],"collection":[{"href":"https:\/\/www.raschvin.com\/sv\/wp-json\/wp\/v2\/product"}],"about":[{"href":"https:\/\/www.raschvin.com\/sv\/wp-json\/wp\/v2\/types\/product"}],"wp:featuredmedia":[{"embeddable":true,"href":"https:\/\/www.raschvin.com\/sv\/wp-json\/wp\/v2\/media\/48413"}],"wp:attachment":[{"href":"https:\/\/www.raschvin.com\/sv\/wp-json\/wp\/v2\/media?parent=48300"}],"wp:term":[{"taxonomy":"product_brand","embeddable":true,"href":"https:\/\/www.raschvin.com\/sv\/wp-json\/wp\/v2\/product_brand?post=48300"},{"taxonomy":"product_cat","embeddable":true,"href":"https:\/\/www.raschvin.com\/sv\/wp-json\/wp\/v2\/product_cat?post=48300"},{"taxonomy":"product_tag","embeddable":true,"href":"https:\/\/www.raschvin.com\/sv\/wp-json\/wp\/v2\/product_tag?post=48300"}],"curies":[{"name":"wp","href":"https:\/\/api.w.org\/{rel}","templated":true}]}}