{"id":48297,"date":"2024-02-14T09:10:53","date_gmt":"2024-02-14T08:10:53","guid":{"rendered":"https:\/\/www.raschvin.com\/produkt\/pure-chokolade-minipack-12x5-cl-164\/"},"modified":"2024-02-14T09:10:53","modified_gmt":"2024-02-14T08:10:53","slug":"pure-chokolade-minipack-12x5-cl-164","status":"publish","type":"product","link":"https:\/\/www.raschvin.com\/sv\/produkt\/pure-chokolade-minipack-12x5-cl-164\/","title":{"rendered":"Pure Chokolade Minipack 12\u00d75 cl. 16,4%"},"content":{"rendered":"<p>En ask med v\u00e5r nyaste Pure Chocolate i miniformat!<br \/>\nMindre storlek, samma goda smak. De passar direkt i fickan och \u00e4r perfekta f\u00f6r att g\u00f6ra alla upplevelser lite b\u00e4ttre.<br \/>\nPure Chocolate \u00e4r gjord av kakao, hasseln\u00f6t och kola. Kakaopulvret \u00e4r en unik kombination av tv\u00e5 olika typer av kakao, d\u00e4r den ena tillf\u00f6r djup och kryddiga toner, medan den andra bidrar med toner av hasseln\u00f6t.<br \/>\nDetta delikata samspel skapar en sp\u00e4nnande och f\u00f6rf\u00f6risk smakupplevelse. Kakaob\u00f6norna kommer fr\u00e5n h\u00e5llbara v\u00e4stafrikanska k\u00e4llor och \u00e4r av h\u00f6gsta kvalitet.<\/p>\n<p>F\u00d6RMODLIGT DANMARKS B\u00c4STA SKUT<br \/>\nAlla Pure-produkter \u00e4r skapade och bryggda enligt samma princip: h\u00f6g kvalitet och god smak gjorda av de b\u00e4sta r\u00e5varorna. Ingredienserna \u00e4r noga utvalda f\u00f6r att ge den b\u00e4sta och renaste smaken i varje variant. Forts\u00e4tt ner p\u00e5 sidan och l\u00e4s mer om v\u00e5ra ingredienser.<\/p>\n<p>FINDEstillerAD VODKA<br \/>\nI alla v\u00e5ra produkter anv\u00e4nder vi en ren vodka p\u00e5 96%, som vi g\u00f6r sj\u00e4lva med \u00e5rhusianskt mineralvatten och danskt socker. Vodkan \u00e4r gjord av spannm\u00e5l och r\u00e5g snarare \u00e4n melass, vilket g\u00f6r att den smakar i harmoni med ingredienserna och inte \u00f6vermannar dem, vilket ytterligare bidrar till den rena smaken av shoten.<\/p>\n","protected":false},"excerpt":{"rendered":"<p>Spiritus Made In Aarhus (DK) \u2013 Mixxed By Hand<\/p>\n","protected":false},"featured_media":48374,"template":"","meta":{"_acf_changed":false,"rs_blank_template":"","rs_page_bg_color":"","slide_template_v7":""},"product_brand":[],"product_cat":[2387,4676,2407,2390,2402],"product_tag":[],"class_list":{"0":"post-48297","1":"product","2":"type-product","3":"status-publish","4":"has-post-thumbnail","6":"product_cat-avec-sv","7":"product_cat-choklad","8":"product_cat-shots-sv","9":"product_cat-sprit","10":"product_cat-sprit-sv","11":"pa_land-danmark-sv","12":"pa_procent-16-4-sv","13":"pa_producent-pure-shots-sv","14":"pa_region-aarhus-sv","15":"pa_volume-60-sv","17":"first","18":"instock","19":"sale","20":"taxable","21":"shipping-taxable","22":"purchasable","23":"product-type-simple"},"bundled_by":[],"bundle_stock_status":"instock","bundle_stock_quantity":null,"bundle_virtual":false,"bundle_layout":"","bundle_add_to_cart_form_location":"","bundle_editable_in_cart":false,"bundle_sold_individually_context":"","bundle_item_grouping":"","bundle_min_size":"","bundle_max_size":"","bundle_price":[],"bundled_items":[],"bundle_sell_ids":[],"acf":[],"_links":{"self":[{"href":"https:\/\/www.raschvin.com\/sv\/wp-json\/wp\/v2\/product\/48297","targetHints":{"allow":["GET"]}}],"collection":[{"href":"https:\/\/www.raschvin.com\/sv\/wp-json\/wp\/v2\/product"}],"about":[{"href":"https:\/\/www.raschvin.com\/sv\/wp-json\/wp\/v2\/types\/product"}],"wp:featuredmedia":[{"embeddable":true,"href":"https:\/\/www.raschvin.com\/sv\/wp-json\/wp\/v2\/media\/48374"}],"wp:attachment":[{"href":"https:\/\/www.raschvin.com\/sv\/wp-json\/wp\/v2\/media?parent=48297"}],"wp:term":[{"taxonomy":"product_brand","embeddable":true,"href":"https:\/\/www.raschvin.com\/sv\/wp-json\/wp\/v2\/product_brand?post=48297"},{"taxonomy":"product_cat","embeddable":true,"href":"https:\/\/www.raschvin.com\/sv\/wp-json\/wp\/v2\/product_cat?post=48297"},{"taxonomy":"product_tag","embeddable":true,"href":"https:\/\/www.raschvin.com\/sv\/wp-json\/wp\/v2\/product_tag?post=48297"}],"curies":[{"name":"wp","href":"https:\/\/api.w.org\/{rel}","templated":true}]}}