{"id":48192,"date":"2024-02-13T15:50:46","date_gmt":"2024-02-13T14:50:46","guid":{"rendered":"https:\/\/www.raschvin.com\/produkt\/kilchoman-single-cask-release-8-years-bourbon-cask-70-cl-579\/"},"modified":"2024-02-13T15:50:46","modified_gmt":"2024-02-13T14:50:46","slug":"kilchoman-single-cask-release-8-years-bourbon-cask-70-cl-579","status":"publish","type":"product","link":"https:\/\/www.raschvin.com\/sv\/produkt\/kilchoman-single-cask-release-8-years-bourbon-cask-70-cl-579\/","title":{"rendered":"Kilchoman Single Cask Release 8 Years Bourbon Cask 70 cl. 57,9%"},"content":{"rendered":"<p>Den 8-\u00e5riga Kilchoman Bourbon Single Cask buteljeras i endast 258 exemplar och buteljeras exklusivt f\u00f6r Danmark. S\u00e5 det \u00e4r en s\u00e4llsynt whisky, och en fantastisk dram fr\u00e5n v\u00e5rt favoritdestilleri p\u00e5 Islay.<\/p>\n<p>Med sina 57,9 % \u00e4r det fart \u00f6ver f\u00e4ltet. Smaken domineras av l\u00e4tt r\u00f6k, rund och s\u00f6t lakrits, lite bacon, korn och en avrundning av piptobak.<\/p>\n<p>Om Kilchoman Distillery<br \/>\nKilchoman \u00e4r Skottlands enda g\u00e5rdsdestilleri och ligger vid Rockside Farm p\u00e5 nordv\u00e4stra Islay. H\u00e4r odlar destilleriet sitt eget spannm\u00e5l vid Machir Bay, och \u00e4r \u00e4ven det enda destilleriet p\u00e5 \u00f6n som b\u00e5de odlar och maltar spannm\u00e5l fr\u00e5n Islay till destilleriets whisky. Kilchoman grundades 2005 och s\u00e5lde 2009 sin f\u00f6rsta whisky. Det \u00e4r klassisk Islay med en tydlig, elegant touch av torvr\u00f6ken som Islay \u00e4r s\u00e5 \u00e4lskad f\u00f6r. Det unika med Kilchoman \u00e4r dock att destilleriets whisky ofta har en liten inslag av citrus, vilket ger en touch av friskhet till dramen. 20% av malten \u00e4r fr\u00e5n v\u00e5rt eget korn, och vi g\u00f6r endast Single Malts \u2013 d.v.s. inte whisky f\u00f6r blandningar. Generellt sett \u00e4r det whisky som kan och b\u00f6r drickas unga och som sj\u00e4lva har en touch av att vara fr\u00e4scha och levande med en salt touch. Det beror p\u00e5 att torven har \u00f6versv\u00e4mmats med saltvatten i \u00e5rhundraden.<\/p>\n<p>Whiskyn j\u00e4ser i minst fyra dagar eller 50 timmar. J\u00e4sningen d\u00f6r sedan och det \u00e4r vid denna tidpunkt som de flesta destillerier stoppar j\u00e4sningen. Kilchoman forts\u00e4tter l\u00e4ngre, vilket skapar en sekund\u00e4r j\u00e4sning och fler estrar. De anv\u00e4nder sm\u00e5 stillbilder och dubbeldestillering.<\/p>\n<p>Exklusiva och popul\u00e4ra whiskysorter<br \/>\nTill destilleriets tv\u00e5 mest popul\u00e4ra whisky, Machir Bay och Sanaig, anv\u00e4nds en kombination av bourbon- och sherryfat. D\u00e4r de flesta faten f\u00f6r Machir Bay \u00e4r bourbonfat, \u00e4r de flesta faten f\u00f6r Sanaig sherryfat. B\u00e5da whiskyerna \u00e4r p\u00e5 46% och har varken tillsatt kola eller \u00e4r kylfiltrerade.<\/p>\n","protected":false},"excerpt":{"rendered":"<p>Islay Single Malt Scotch Whisky<\/p>\n","protected":false},"featured_media":48219,"template":"","meta":{"_acf_changed":false,"rs_blank_template":"","rs_page_bg_color":"","slide_template_v7":""},"product_brand":[],"product_cat":[2387,2392,4651],"product_tag":[],"class_list":{"0":"post-48192","1":"product","2":"type-product","3":"status-publish","4":"has-post-thumbnail","6":"product_cat-avec-sv","7":"product_cat-whisky-sv","8":"product_cat-single-malt-sv","9":"pa_champagne-type-single-cask-sv","10":"pa_land-skottland","11":"pa_procent-57-9-sv","12":"pa_producent-kilchoman-distillery-sv","13":"pa_region-islay-sv","14":"pa_traefad-bourbon-sv","15":"pa_volume-70-sv-2","17":"first","18":"instock","19":"taxable","20":"shipping-taxable","21":"purchasable","22":"product-type-simple"},"bundled_by":[],"bundle_stock_status":"instock","bundle_stock_quantity":null,"bundle_virtual":false,"bundle_layout":"","bundle_add_to_cart_form_location":"","bundle_editable_in_cart":false,"bundle_sold_individually_context":"","bundle_item_grouping":"","bundle_min_size":"","bundle_max_size":"","bundle_price":[],"bundled_items":[],"bundle_sell_ids":[],"acf":[],"_links":{"self":[{"href":"https:\/\/www.raschvin.com\/sv\/wp-json\/wp\/v2\/product\/48192","targetHints":{"allow":["GET"]}}],"collection":[{"href":"https:\/\/www.raschvin.com\/sv\/wp-json\/wp\/v2\/product"}],"about":[{"href":"https:\/\/www.raschvin.com\/sv\/wp-json\/wp\/v2\/types\/product"}],"wp:featuredmedia":[{"embeddable":true,"href":"https:\/\/www.raschvin.com\/sv\/wp-json\/wp\/v2\/media\/48219"}],"wp:attachment":[{"href":"https:\/\/www.raschvin.com\/sv\/wp-json\/wp\/v2\/media?parent=48192"}],"wp:term":[{"taxonomy":"product_brand","embeddable":true,"href":"https:\/\/www.raschvin.com\/sv\/wp-json\/wp\/v2\/product_brand?post=48192"},{"taxonomy":"product_cat","embeddable":true,"href":"https:\/\/www.raschvin.com\/sv\/wp-json\/wp\/v2\/product_cat?post=48192"},{"taxonomy":"product_tag","embeddable":true,"href":"https:\/\/www.raschvin.com\/sv\/wp-json\/wp\/v2\/product_tag?post=48192"}],"curies":[{"name":"wp","href":"https:\/\/api.w.org\/{rel}","templated":true}]}}