{"id":48189,"date":"2024-02-13T15:35:53","date_gmt":"2024-02-13T14:35:53","guid":{"rendered":"https:\/\/www.raschvin.com\/produkt\/kilchoman-px-sherry-cask-matured-2023-ed-70-cl-50\/"},"modified":"2024-02-13T15:35:53","modified_gmt":"2024-02-13T14:35:53","slug":"kilchoman-px-sherry-cask-matured-2023-ed-70-cl-50","status":"publish","type":"product","link":"https:\/\/www.raschvin.com\/sv\/produkt\/kilchoman-px-sherry-cask-matured-2023-ed-70-cl-50\/","title":{"rendered":"Kilchoman PX Sherry Cask Matured 2023 Ed. 70 cl. 50%"},"content":{"rendered":"<p>Pedro Xim\u00e9nez Matured \u00e4r Limited Edition Whisky och ett \u00e4kta skap mellan 33 fade. Ni fade whisky, som bara ligger p\u00e5 PX-fade och 24, som har ligget p\u00e5 PX-fade mellan 12 och 18 m\u00e5nader.<\/p>\n<p>PX-sherry adskiller sig ved at v\u00e6re s\u00f8dere og fyldigere, hvilket giver whiskyen lag af svesker og karamel, der balancerer vackert med citruss\u00f8dme, frugtkompot og t\u00f8rver\u00f8g.<\/p>\n<p>Duft af rosiner, bromb\u00e6r, cigar\u00e6ske, appelsinskal, t\u00f8rver\u00f8g och r\u00f8de frukter tillsammans med Kilchomans citronagtige pr\u00e6g. Bl\u00f8d og rund med salt noter og pr\u00e6g af appelsin, karamel, rosiner, revben och n\u00f8dder.<\/p>\n<p>Om Kilchoman Distillery<br \/>\nKilchoman \u00e4r Skotlands enda farmdestilleri och ligger p\u00e5 Rockside Farm p\u00e5 det nordliga Islay. Her dyrker destilleriet sit eget korn ved Machir Bay, och \u00e4r samtidigt det enda destilleri p\u00e5 \u00f8en, der b\u00e5de gror och malter korn fra Islay til destilleriets whiskyer. Kilchoman blev grundlagt i 2005 och s\u00e5ldes i 2009 sin f\u00f6rsta whisky. Det \u00e4r klassiskt Islay med tydelig, elegant pr\u00e6g af den t\u00f8rver\u00f8g, Islay \u00e4r s\u00e5 \u00e4lskat for. Det unika ved Kilchoman er dog, at destilleriets whiskyer ofta har en liten snert af citrus, som ger et touch af friskhed til drammen. 20% av malten \u00e4r fr\u00e5n egen byg, och man laver endast Single Malts &#8211; dvs. inte whisky till blandningar. I allm\u00e4nhet \u00e4r det whiskyer, d\u00e4r kan och b\u00f6r drickas unge och sj\u00e4lv har et pr\u00e6g af at v\u00e6re friske och levande med et salt pr\u00e6g. Det skyldes, at t\u00f8rven i \u00e5rhundreder er blevet overskyllet med saltvand.<\/p>\n<p>Whiskyen ger minst i fire dage eller 50 timer. Herefter d\u00f6rrg\u00e6res och det \u00e4r p\u00e5 detta tillf\u00e4lle, p\u00e5 de flesta destilleriets stopp i g\u00e6ringen. Kilchoman forts\u00e4tter l\u00e4ngre, vilket skapar en sekund\u00e4r k\u00f6rning och flera ester. Man anv\u00e4nder sm\u00e5 stillbilder och dubbeldestillerer.<\/p>\n<p>Eksklusiv och popul\u00e4r whiskyer<br \/>\nTill destilleriets mest popul\u00e4ra whiskyer Machir Bay och Sanaig anv\u00e4nder man en kombination av bourbon- och sherryfade. Hur de flesta av fadene til Machir Bay \u00e4r bourbonfade, \u00e4r de flesta av fadene til Sanaig sherryfade. B\u00e5da whiskyer \u00e4r 46% och \u00e4r varken tilsat karamel eller \u00e4r kylfiltrerade.<\/p>\n","protected":false},"excerpt":{"rendered":"<p>Islay Single Malt Scotch Whisky<\/p>\n","protected":false},"featured_media":48261,"template":"","meta":{"_acf_changed":false,"rs_blank_template":"","rs_page_bg_color":"","slide_template_v7":""},"product_brand":[],"product_cat":[2387,2392,4651],"product_tag":[],"class_list":{"0":"post-48189","1":"product","2":"type-product","3":"status-publish","4":"has-post-thumbnail","6":"product_cat-avec-sv","7":"product_cat-whisky-sv","8":"product_cat-single-malt-sv","9":"pa_land-skottland","10":"pa_procent-50-sv","11":"pa_producent-kilchoman-distillery-sv","12":"pa_region-islay-sv","13":"pa_traefad-pedro-ximenez-px-sv","14":"pa_volume-70-sv-2","16":"first","17":"instock","18":"taxable","19":"shipping-taxable","20":"purchasable","21":"product-type-simple"},"bundled_by":[],"bundle_stock_status":"instock","bundle_stock_quantity":null,"bundle_virtual":false,"bundle_layout":"","bundle_add_to_cart_form_location":"","bundle_editable_in_cart":false,"bundle_sold_individually_context":"","bundle_item_grouping":"","bundle_min_size":"","bundle_max_size":"","bundle_price":[],"bundled_items":[],"bundle_sell_ids":[],"acf":[],"_links":{"self":[{"href":"https:\/\/www.raschvin.com\/sv\/wp-json\/wp\/v2\/product\/48189","targetHints":{"allow":["GET"]}}],"collection":[{"href":"https:\/\/www.raschvin.com\/sv\/wp-json\/wp\/v2\/product"}],"about":[{"href":"https:\/\/www.raschvin.com\/sv\/wp-json\/wp\/v2\/types\/product"}],"wp:featuredmedia":[{"embeddable":true,"href":"https:\/\/www.raschvin.com\/sv\/wp-json\/wp\/v2\/media\/48261"}],"wp:attachment":[{"href":"https:\/\/www.raschvin.com\/sv\/wp-json\/wp\/v2\/media?parent=48189"}],"wp:term":[{"taxonomy":"product_brand","embeddable":true,"href":"https:\/\/www.raschvin.com\/sv\/wp-json\/wp\/v2\/product_brand?post=48189"},{"taxonomy":"product_cat","embeddable":true,"href":"https:\/\/www.raschvin.com\/sv\/wp-json\/wp\/v2\/product_cat?post=48189"},{"taxonomy":"product_tag","embeddable":true,"href":"https:\/\/www.raschvin.com\/sv\/wp-json\/wp\/v2\/product_tag?post=48189"}],"curies":[{"name":"wp","href":"https:\/\/api.w.org\/{rel}","templated":true}]}}