{"id":48186,"date":"2024-02-13T14:32:38","date_gmt":"2024-02-13T13:32:38","guid":{"rendered":"https:\/\/www.raschvin.com\/produkt\/volata-vermouth-bianco-eco-75-cl-18\/"},"modified":"2024-02-13T14:32:38","modified_gmt":"2024-02-13T13:32:38","slug":"volata-vermouth-bianco-eco-75-cl-18","status":"publish","type":"product","link":"https:\/\/www.raschvin.com\/sv\/produkt\/volata-vermouth-bianco-eco-75-cl-18\/","title":{"rendered":"Volata Vermouth Bianco ECO 75 cl. 18%"},"content":{"rendered":"<p>Volata Bianco \u00e4r en vermouth fr\u00e5n Sydtyrolen, n\u00e4rmare best\u00e4mt Appiano, d\u00e4r ett litet, familje\u00e4gt destilleri har producerat sprit och vermouth i \u00f6ver 9 generationer! Vi \u00e4r mycket glada \u00f6ver att kunna s\u00e4lja deras suver\u00e4na bianco, som \u00e4r gjord p\u00e5 italienskt vin och \u00f6ver 30 olika \u00f6rter och kryddor.<\/p>\n<p>F\u00e4rg: Gyllene.<br \/>\nDoft: L\u00e4cker doft med inslag av honung, exotiska kryddor och blommiga toner.<br \/>\nSmaknoter: En delikat s\u00f6tma kombinerad med kryddiga toner av rosmarin, lite citrus, mal\u00f6rt och vita blommor.<\/p>\n<p>Serveringsf\u00f6rslag: Njut av den \u00f6ver is, i en sprits eller i cocktails. Prova det till exempel i en Negroni Bianco!<\/p>\n","protected":false},"excerpt":{"rendered":"<p>Organic Italian Vermouth<\/p>\n","protected":false},"featured_media":48225,"template":"","meta":{"_acf_changed":false,"rs_blank_template":"","rs_page_bg_color":"","slide_template_v7":""},"product_brand":[],"product_cat":[2774,2765],"product_tag":[],"class_list":{"0":"post-48186","1":"product","2":"type-product","3":"status-publish","4":"has-post-thumbnail","6":"product_cat-vermouth-sv","7":"product_cat-hedvin-sv","8":"pa_land-italien-sv","9":"pa_oekologisk-ja-sv","10":"pa_procent-18-sv","11":"pa_region-suedtirol-alto-adige-sv","12":"pa_volume-75-sv","14":"first","15":"instock","16":"sale","17":"taxable","18":"shipping-taxable","19":"purchasable","20":"product-type-simple"},"bundled_by":[],"bundle_stock_status":"instock","bundle_stock_quantity":null,"bundle_virtual":false,"bundle_layout":"","bundle_add_to_cart_form_location":"","bundle_editable_in_cart":false,"bundle_sold_individually_context":"","bundle_item_grouping":"","bundle_min_size":"","bundle_max_size":"","bundle_price":[],"bundled_items":[],"bundle_sell_ids":[],"acf":[],"_links":{"self":[{"href":"https:\/\/www.raschvin.com\/sv\/wp-json\/wp\/v2\/product\/48186","targetHints":{"allow":["GET"]}}],"collection":[{"href":"https:\/\/www.raschvin.com\/sv\/wp-json\/wp\/v2\/product"}],"about":[{"href":"https:\/\/www.raschvin.com\/sv\/wp-json\/wp\/v2\/types\/product"}],"wp:featuredmedia":[{"embeddable":true,"href":"https:\/\/www.raschvin.com\/sv\/wp-json\/wp\/v2\/media\/48225"}],"wp:attachment":[{"href":"https:\/\/www.raschvin.com\/sv\/wp-json\/wp\/v2\/media?parent=48186"}],"wp:term":[{"taxonomy":"product_brand","embeddable":true,"href":"https:\/\/www.raschvin.com\/sv\/wp-json\/wp\/v2\/product_brand?post=48186"},{"taxonomy":"product_cat","embeddable":true,"href":"https:\/\/www.raschvin.com\/sv\/wp-json\/wp\/v2\/product_cat?post=48186"},{"taxonomy":"product_tag","embeddable":true,"href":"https:\/\/www.raschvin.com\/sv\/wp-json\/wp\/v2\/product_tag?post=48186"}],"curies":[{"name":"wp","href":"https:\/\/api.w.org\/{rel}","templated":true}]}}