{"id":48183,"date":"2024-02-13T14:18:51","date_gmt":"2024-02-13T13:18:51","guid":{"rendered":"https:\/\/www.raschvin.com\/produkt\/volata-vermouth-dry-eco-75-cl-18\/"},"modified":"2024-02-13T14:18:51","modified_gmt":"2024-02-13T13:18:51","slug":"volata-vermouth-dry-eco-75-cl-18","status":"publish","type":"product","link":"https:\/\/www.raschvin.com\/sv\/produkt\/volata-vermouth-dry-eco-75-cl-18\/","title":{"rendered":"Volata Vermouth Dry ECO 75 cl. 18%"},"content":{"rendered":"<p>Volata \u00e4r en serie vermouth som produceras p\u00e5 ett gammalt familje\u00e4gt destilleri i Appiano, Sydtyrolen. Faktum \u00e4r att destilleriet har en licens att destillera, som utf\u00e4rdades p\u00e5 den habsburgska prinsessan Maria Theresas tid! Om drottningen av B\u00f6hmen sj\u00e4lv har njutit av en torr vermouth som den vi har h\u00e4r \u2013 ja, det tror vi inte att det kan r\u00e5da n\u00e5gon tvekan om! Det \u00e4r en kunglig blandning av ett stort antal lokala \u00f6rter och exotiska kryddor, infunderade i lokala viner och f\u00f6rst\u00e4rkt med sprit. Exakt den sorten som regenter inte kan st\u00e5 f\u00f6r. Och det \u00e4r ekologiskt!<\/p>\n<p>F\u00e4rg: Gyllene.<br \/>\nDoft: Sp\u00e4nnande, djup och kryddig doft.<br \/>\nSmaknoter: Smaken av vermouth \u00e4r frisk, fruktig och torr, men inte heller utan en liten touch av s\u00f6tma.<\/p>\n<p>Serveringsf\u00f6rslag: Det smakar s\u00e5 gott att vi n\u00e4stan f\u00f6redrar att njuta av det &#8221;rent&#8221; &#8211; \u00f6ver is med en skiva apelsin eller citron. Men den \u00e4r ocks\u00e5 bra i drinkar och cocktails, och skulle f\u00f6rmodligen vara en uppgradering i de flestas martinis.<\/p>\n","protected":false},"excerpt":{"rendered":"<p>Organic Italian Vermouth<\/p>\n","protected":false},"featured_media":48288,"template":"","meta":{"_acf_changed":false,"rs_blank_template":"","rs_page_bg_color":"","slide_template_v7":""},"product_brand":[],"product_cat":[2765,2774],"product_tag":[],"class_list":{"0":"post-48183","1":"product","2":"type-product","3":"status-publish","4":"has-post-thumbnail","6":"product_cat-hedvin-sv","7":"product_cat-vermouth-sv","8":"pa_land-italien-sv","9":"pa_oekologisk-ja-sv","10":"pa_procent-18-sv","11":"pa_region-suedtirol-alto-adige-sv","12":"pa_volume-75-sv","14":"first","15":"instock","16":"sale","17":"taxable","18":"shipping-taxable","19":"purchasable","20":"product-type-simple"},"bundled_by":[],"bundle_stock_status":"instock","bundle_stock_quantity":null,"bundle_virtual":false,"bundle_layout":"","bundle_add_to_cart_form_location":"","bundle_editable_in_cart":false,"bundle_sold_individually_context":"","bundle_item_grouping":"","bundle_min_size":"","bundle_max_size":"","bundle_price":[],"bundled_items":[],"bundle_sell_ids":[],"acf":[],"_links":{"self":[{"href":"https:\/\/www.raschvin.com\/sv\/wp-json\/wp\/v2\/product\/48183","targetHints":{"allow":["GET"]}}],"collection":[{"href":"https:\/\/www.raschvin.com\/sv\/wp-json\/wp\/v2\/product"}],"about":[{"href":"https:\/\/www.raschvin.com\/sv\/wp-json\/wp\/v2\/types\/product"}],"wp:featuredmedia":[{"embeddable":true,"href":"https:\/\/www.raschvin.com\/sv\/wp-json\/wp\/v2\/media\/48288"}],"wp:attachment":[{"href":"https:\/\/www.raschvin.com\/sv\/wp-json\/wp\/v2\/media?parent=48183"}],"wp:term":[{"taxonomy":"product_brand","embeddable":true,"href":"https:\/\/www.raschvin.com\/sv\/wp-json\/wp\/v2\/product_brand?post=48183"},{"taxonomy":"product_cat","embeddable":true,"href":"https:\/\/www.raschvin.com\/sv\/wp-json\/wp\/v2\/product_cat?post=48183"},{"taxonomy":"product_tag","embeddable":true,"href":"https:\/\/www.raschvin.com\/sv\/wp-json\/wp\/v2\/product_tag?post=48183"}],"curies":[{"name":"wp","href":"https:\/\/api.w.org\/{rel}","templated":true}]}}