{"id":48173,"date":"2024-02-13T13:44:19","date_gmt":"2024-02-13T12:44:19","guid":{"rendered":"https:\/\/www.raschvin.com\/produkt\/cocchi-chinato-cocchi-75-cl-165\/"},"modified":"2024-02-13T13:44:19","modified_gmt":"2024-02-13T12:44:19","slug":"cocchi-chinato-cocchi-75-cl-165","status":"publish","type":"product","link":"https:\/\/www.raschvin.com\/sv\/produkt\/cocchi-chinato-cocchi-75-cl-165\/","title":{"rendered":"Cocchi Chinato Cocchi 75 cl. 16,5%"},"content":{"rendered":"<p>Sl\u00e4pp Gevalia \u2013 n\u00e4r du har ov\u00e4ntade g\u00e4ster b\u00f6r du g\u00f6ra som de piemontesiska b\u00f6nderna och erbjuda Chinato! Detta smaksatta vin, som n\u00e4r det g\u00f6rs p\u00e5 Barolo kallas Barolo Chinato, \u00e4r en av spritv\u00e4rldens b\u00e4st bevarade hemligheter. Det \u00e4r en fantastisk drink f\u00f6re eller efter middagen: djup, komplex och med en tillfredsst\u00e4llande bitters\u00f6tma. Cocchis version \u00e4r gjord p\u00e5 bland annat gentiana, kardemumma och rabarber.<\/p>\n<p>F\u00e4rg: Djupt brun.<br \/>\nDoft: H\u00e4rlig doft av kardemumma, kakao, svartpeppar, frukt och kamfer.<br \/>\nSmaknoter: Fyllig med toner av choklad, kryddor och m\u00f6rk frukt. Slutar riktigt bittert.<\/p>\n<p>Serveringsf\u00f6rslag: Njut av den snyggt, i cocktails eller prova den uppv\u00e4rmd med en twist av apelsinskal.<\/p>\n<p>Cocchi grundades av den unge konditorn Giulio Cocchi 1891. Sedan dess har f\u00f6retaget tillverkat mousserande vin, vermouth och andra smaksatta viner i Piemonte, alltid med kvalitet i fr\u00e4msta rummet. Den goda meritlistan, med 121 \u00e5r av oavbruten drift, fick Cocchi att registreras i Italiens nationella register \u00f6ver historiska f\u00f6retag 2012. F\u00f6retaget har bland annat hj\u00e4lpt till att lyfta Barolo Chinato ur gl\u00f6mskans dimma och var en av drivkrafterna bakom vermouths ren\u00e4ssans. Den nuvarande chefen f\u00f6r Cocchi, Roberto Bava, har ocks\u00e5 valts till president f\u00f6r Vermouth di Torino Institute, som samlar ett antal producenter med det gemensamma m\u00e5let att s\u00e4kerst\u00e4lla identiteten och fortsatta \u00f6verlevnad f\u00f6r Torino vermouth.<\/p>\n","protected":false},"excerpt":{"rendered":"<p>Vino Aromatizzato Italy<\/p>\n","protected":false},"featured_media":48231,"template":"","meta":{"_acf_changed":false,"rs_blank_template":"","rs_page_bg_color":"","slide_template_v7":""},"product_brand":[],"product_cat":[6191,2765,2774],"product_tag":[],"class_list":{"0":"post-48173","1":"product","2":"type-product","3":"status-publish","4":"has-post-thumbnail","6":"product_cat-andra-sv","7":"product_cat-hedvin-sv","8":"product_cat-vermouth-sv","9":"pa_land-italien-sv","10":"pa_procent-16-5-sv","11":"pa_producent-giulio-cocchi-sv","12":"pa_region-piemonte-sv","13":"pa_volume-75-sv","15":"first","16":"instock","17":"sale","18":"taxable","19":"shipping-taxable","20":"purchasable","21":"product-type-simple"},"bundled_by":[],"bundle_stock_status":"instock","bundle_stock_quantity":null,"bundle_virtual":false,"bundle_layout":"","bundle_add_to_cart_form_location":"","bundle_editable_in_cart":false,"bundle_sold_individually_context":"","bundle_item_grouping":"","bundle_min_size":"","bundle_max_size":"","bundle_price":[],"bundled_items":[],"bundle_sell_ids":[],"acf":[],"_links":{"self":[{"href":"https:\/\/www.raschvin.com\/sv\/wp-json\/wp\/v2\/product\/48173","targetHints":{"allow":["GET"]}}],"collection":[{"href":"https:\/\/www.raschvin.com\/sv\/wp-json\/wp\/v2\/product"}],"about":[{"href":"https:\/\/www.raschvin.com\/sv\/wp-json\/wp\/v2\/types\/product"}],"wp:featuredmedia":[{"embeddable":true,"href":"https:\/\/www.raschvin.com\/sv\/wp-json\/wp\/v2\/media\/48231"}],"wp:attachment":[{"href":"https:\/\/www.raschvin.com\/sv\/wp-json\/wp\/v2\/media?parent=48173"}],"wp:term":[{"taxonomy":"product_brand","embeddable":true,"href":"https:\/\/www.raschvin.com\/sv\/wp-json\/wp\/v2\/product_brand?post=48173"},{"taxonomy":"product_cat","embeddable":true,"href":"https:\/\/www.raschvin.com\/sv\/wp-json\/wp\/v2\/product_cat?post=48173"},{"taxonomy":"product_tag","embeddable":true,"href":"https:\/\/www.raschvin.com\/sv\/wp-json\/wp\/v2\/product_tag?post=48173"}],"curies":[{"name":"wp","href":"https:\/\/api.w.org\/{rel}","templated":true}]}}