{"id":48164,"date":"2024-02-13T13:04:29","date_gmt":"2024-02-13T12:04:29","guid":{"rendered":"https:\/\/www.raschvin.com\/produkt\/gelas-floc-de-gascogne-blanc-75-cl-165\/"},"modified":"2024-02-13T13:04:29","modified_gmt":"2024-02-13T12:04:29","slug":"gelas-floc-de-gascogne-blanc-75-cl-165","status":"publish","type":"product","link":"https:\/\/www.raschvin.com\/sv\/produkt\/gelas-floc-de-gascogne-blanc-75-cl-165\/","title":{"rendered":"Gelas Floc de Gascogne Blanc 75 cl. 16,5%"},"content":{"rendered":"<p>Den perfekta alliansen mellan vitt vin och Armagnac, denna s\u00f6ta lik\u00f6r \u00e4r idealisk att \u00e5tf\u00f6lja en aperitif.<\/p>\n<p>White Floc de Gascogne \u00e4r den perfekta blandningen av f\u00e4rsk druvjuice och armagnac. F\u00f6r att f\u00f6rdjupa denna anda \u00e5ldras blandningen i en tank i flera m\u00e5nader.<\/p>\n<p>Den kan avnjutas kyld som aperitif.<\/p>\n<p>Smakanteckningar<\/p>\n<p>P\u00e4ls: Klar, ljusgul f\u00e4rg.<br \/>\nN\u00e4sa: fruktig och blommig doft.<br \/>\nSmak: girig med smaker av frukt och honung.<\/p>\n<p>Maison Gelas grundades 1865 och har i mer \u00e4n fyra generationer destillerat och \u00e5ldrat Armagnac under familjens eget namn. F\u00f6retaget finns i Bas Armagnac, som \u00e4r det minsta av Armagnacs tre distrikt. H\u00e4r har jorden en mycket speciell karakt\u00e4r, vilket ger de b\u00e4sta v\u00e4xtf\u00f6rh\u00e5llandena i ving\u00e5rdarna.<\/p>\n<p>Maison Gelas erbjuder ett brett utbud av Armagnacs. Familjen odlar druvorna sj\u00e4lva, destillerar spriten och lagrar och buteljerar deras Armagnacs och har d\u00e4rf\u00f6r kontroll \u00f6ver produktens kvalitet fr\u00e5n b\u00f6rjan till slut. Av familjens m\u00e5nga specialiteter kan t.ex. ett antal exceptionella &#8221;monoc\u00e9page&#8221; eller &#8221;single grape&#8221; Armagnacs n\u00e4mns &#8211; det vill s\u00e4ga ett antal &#8221;rena&#8221; och oblandade Armagnacs, d\u00e4r skillnaden i doft och smakintryck \u00e4r riktigt framtr\u00e4dande. Dessa buteljeras givetvis med fatstyrka och utan filtrering. Dessutom erbjuder Maison Gelas, \u00f6verl\u00e4gsen de flesta andra Armagnac-producenter, mer \u00e4n 90 olika vintage Armagnacs \u2013 \u00e4nda tillbaka till 1887.<\/p>\n<p>Sedan 2001 har Philippe Gelas f\u00f6rvaltat och utvecklat familjens stora sortiment. Philippe \u00e4r ocks\u00e5 f\u00f6rfattare till en fantastisk bok om Armagnac och det finns knappast en person som \u00e4r mer kunnig om omr\u00e5dets historia och produktionen av Armagnac.<\/p>\n","protected":false},"excerpt":{"rendered":"<p>Aperitif de France<\/p>\n","protected":false},"featured_media":48240,"template":"","meta":{"_acf_changed":false,"rs_blank_template":"","rs_page_bg_color":"","slide_template_v7":""},"product_brand":[],"product_cat":[2790,2788],"product_tag":[],"class_list":{"0":"post-48164","1":"product","2":"type-product","3":"status-publish","4":"has-post-thumbnail","6":"product_cat-dessertvin-sv","7":"product_cat-vin-sv","8":"pa_land-frankrike","9":"pa_procent-16-5-sv","10":"pa_producent-maison-gelas-sv","11":"pa_region-armagnac-sv","12":"pa_serveringstemperatur-10-12-sv-2","13":"pa_volume-75-sv","15":"first","16":"instock","17":"sale","18":"taxable","19":"shipping-taxable","20":"purchasable","21":"product-type-simple"},"bundled_by":[],"bundle_stock_status":"instock","bundle_stock_quantity":null,"bundle_virtual":false,"bundle_layout":"","bundle_add_to_cart_form_location":"","bundle_editable_in_cart":false,"bundle_sold_individually_context":"","bundle_item_grouping":"","bundle_min_size":"","bundle_max_size":"","bundle_price":[],"bundled_items":[],"bundle_sell_ids":[],"acf":[],"_links":{"self":[{"href":"https:\/\/www.raschvin.com\/sv\/wp-json\/wp\/v2\/product\/48164","targetHints":{"allow":["GET"]}}],"collection":[{"href":"https:\/\/www.raschvin.com\/sv\/wp-json\/wp\/v2\/product"}],"about":[{"href":"https:\/\/www.raschvin.com\/sv\/wp-json\/wp\/v2\/types\/product"}],"wp:featuredmedia":[{"embeddable":true,"href":"https:\/\/www.raschvin.com\/sv\/wp-json\/wp\/v2\/media\/48240"}],"wp:attachment":[{"href":"https:\/\/www.raschvin.com\/sv\/wp-json\/wp\/v2\/media?parent=48164"}],"wp:term":[{"taxonomy":"product_brand","embeddable":true,"href":"https:\/\/www.raschvin.com\/sv\/wp-json\/wp\/v2\/product_brand?post=48164"},{"taxonomy":"product_cat","embeddable":true,"href":"https:\/\/www.raschvin.com\/sv\/wp-json\/wp\/v2\/product_cat?post=48164"},{"taxonomy":"product_tag","embeddable":true,"href":"https:\/\/www.raschvin.com\/sv\/wp-json\/wp\/v2\/product_tag?post=48164"}],"curies":[{"name":"wp","href":"https:\/\/api.w.org\/{rel}","templated":true}]}}