{"id":48161,"date":"2024-02-13T12:54:58","date_gmt":"2024-02-13T11:54:58","guid":{"rendered":"https:\/\/www.raschvin.com\/produkt\/glengoyne-cask-strength-limited-batch-9-70-cl-596\/"},"modified":"2024-02-13T12:54:58","modified_gmt":"2024-02-13T11:54:58","slug":"glengoyne-cask-strength-limited-batch-9-70-cl-596","status":"publish","type":"product","link":"https:\/\/www.raschvin.com\/sv\/produkt\/glengoyne-cask-strength-limited-batch-9-70-cl-596\/","title":{"rendered":"Glengoyne Cask Strength Limited Batch 9 70 cl. 59,6%"},"content":{"rendered":"<p>Glengoyne kommer med en ny som kommer med den nionde batchversionen av Cask Strength Scotch whisky. Den har en typisk rik och stark profil, vilket \u00e4r v\u00e4ldigt popul\u00e4rt. Glengoyne beskrivs som det l\u00e5ngsammaste destilleriet. De vet att deras t\u00e5lamod kommer att bel\u00f6nas. Varje minut tillbringar en annan whisky i kitteln, Glengoyne whisky spenderar tre d\u00e4r.<\/p>\n<p>Cask Strength \u00e4r en skotsk singelmortel fr\u00e5n Highland-regionen, som har fyllts p\u00e5 flaskor i full styrka och i sin renaste form med en alkoholhalt p\u00e5 59,6%. Som om du druckit direkt ur tunnan! Hon mognade p\u00e5 ex-sherry Oloroso, ek och ex-bourbonfat.<\/p>\n<p>Inga tillsatta f\u00e4rg\u00e4mnen och kallfiltrering. Whisky ligger i en j\u00e4ttefin guldsvart presentf\u00f6rpackning.<\/p>\n<p>F\u00e4rg: b\u00e4rnsten med gyllene h\u00f6jdpunkter<br \/>\nDoft: kryddor, bakverk, citron, kola, kex, n\u00f6tter, plommon<br \/>\nSmak: vanilj, frukt, p\u00e4ron, kanel, kryddor, honung, \u00e4pplen<br \/>\nFinish: l\u00e5ng, plommon, aprikoser, kola, honung, bakverk<\/p>\n","protected":false},"excerpt":{"rendered":"<p>Highland Single Malt Scotch Whisky<\/p>\n","protected":false},"featured_media":48246,"template":"","meta":{"_acf_changed":false,"rs_blank_template":"","rs_page_bg_color":"","slide_template_v7":""},"product_brand":[],"product_cat":[2387,4651,2392],"product_tag":[],"class_list":{"0":"post-48161","1":"product","2":"type-product","3":"status-publish","4":"has-post-thumbnail","6":"product_cat-avec-sv","7":"product_cat-single-malt-sv","8":"product_cat-whisky-sv","9":"pa_champagne-type-single-cask-sv","10":"pa_land-skottland","11":"pa_procent-59-6-sv","12":"pa_producent-glengoyne-sv","13":"pa_region-highland-sv","14":"pa_traefad-bourbon-sv","15":"pa_traefad-sherry-sv","16":"pa_volume-70-sv-2","18":"first","19":"instock","20":"taxable","21":"shipping-taxable","22":"purchasable","23":"product-type-simple"},"bundled_by":[],"bundle_stock_status":"instock","bundle_stock_quantity":null,"bundle_virtual":false,"bundle_layout":"","bundle_add_to_cart_form_location":"","bundle_editable_in_cart":false,"bundle_sold_individually_context":"","bundle_item_grouping":"","bundle_min_size":"","bundle_max_size":"","bundle_price":[],"bundled_items":[],"bundle_sell_ids":[],"acf":[],"_links":{"self":[{"href":"https:\/\/www.raschvin.com\/sv\/wp-json\/wp\/v2\/product\/48161","targetHints":{"allow":["GET"]}}],"collection":[{"href":"https:\/\/www.raschvin.com\/sv\/wp-json\/wp\/v2\/product"}],"about":[{"href":"https:\/\/www.raschvin.com\/sv\/wp-json\/wp\/v2\/types\/product"}],"wp:featuredmedia":[{"embeddable":true,"href":"https:\/\/www.raschvin.com\/sv\/wp-json\/wp\/v2\/media\/48246"}],"wp:attachment":[{"href":"https:\/\/www.raschvin.com\/sv\/wp-json\/wp\/v2\/media?parent=48161"}],"wp:term":[{"taxonomy":"product_brand","embeddable":true,"href":"https:\/\/www.raschvin.com\/sv\/wp-json\/wp\/v2\/product_brand?post=48161"},{"taxonomy":"product_cat","embeddable":true,"href":"https:\/\/www.raschvin.com\/sv\/wp-json\/wp\/v2\/product_cat?post=48161"},{"taxonomy":"product_tag","embeddable":true,"href":"https:\/\/www.raschvin.com\/sv\/wp-json\/wp\/v2\/product_tag?post=48161"}],"curies":[{"name":"wp","href":"https:\/\/api.w.org\/{rel}","templated":true}]}}