{"id":48103,"date":"2024-02-10T08:39:18","date_gmt":"2024-02-10T07:39:18","guid":{"rendered":"https:\/\/www.raschvin.com\/produkt\/rivesaltes-ambre-1966-haute-coutume-75-cl\/"},"modified":"2024-02-10T08:39:18","modified_gmt":"2024-02-10T07:39:18","slug":"rivesaltes-ambre-1966-haute-coutume-75-cl","status":"publish","type":"product","link":"https:\/\/www.raschvin.com\/sv\/produkt\/rivesaltes-ambre-1966-haute-coutume-75-cl\/","title":{"rendered":"Rivesaltes Ambr\u00e9 1966 Haute Coutume 75 cl."},"content":{"rendered":"<p>Det h\u00e4r \u00e4r en underbar men samtidigt skamligt f\u00f6rbisedd typ av vin.<\/p>\n<p>Det finns olika versioner av Rivesaltes; denna s\u00f6ta gl\u00f6gg \u00e4r av typen ambre, som \u00e4r den b\u00e4rnstensf\u00e4rgade och ljusaste av de oxidativt lagrade versionerna. F\u00f6r nyb\u00f6rjare, f\u00f6r \u00f6versiktens skull, kan Rivesaltes ambre j\u00e4mf\u00f6ras med tawny portvin, men Rivesaltes har en l\u00e4gre alkoholhalt som en av flera skillnader, och den verkar mindre br\u00e4ckt, med fr\u00e4schare syra och \u00e4r ofta mer elegant \u00e4n sin portugisiska k\u00e4ndis kusin .<\/p>\n<p>Haute Coutume Rivesaltes Ambr\u00e9 1966 \u00e4r Vignerons Catalans \u00e4ldsta rivesaltes, gjorda av druvsorterna grenache blanc, grenache gris och macabeu fr\u00e5n olika terroirer i Roussillon.<br \/>\nLagringen skedde oxidativt i tankar och \u00e4ldre ekfat av varierande storlek, d\u00e4r vinet har tillbringat en livstid innan utj\u00e4mning och buteljering.<\/p>\n<p>Med en s\u00e5 l\u00e5ng lagring sjunker all ursprunglig druvkarakt\u00e4r i bakgrunden: detta vin handlar om \u00e5ldrande aromer, och som tur \u00e4r \u00e4r de fantastiska: ett konglomerat av apelsinskal, torkat fikon, katrinplommon, str\u00f6socker, kaffe, rancio och en touch av honung. Genom avdunstning under lagring har en stor koncentration uppn\u00e5tts i vinet med en s\u00f6tma som h\u00e5lls i schack av en balanserad, flyktig syra.<\/p>\n<p>Serveras vid cirka 10-13\u00b0, detta \u00e4r ett h\u00e4rligt meditationsvin, men kom ocks\u00e5 ih\u00e5g att denna typ av vin passar bra till crema catalana, cr\u00e8me caramel, cr\u00e8me br\u00fbl\u00e9e, foie gras terrine och generellt desserter med choklad, n\u00f6tter och andra aromatiska komponenter, finns i vinet.<br \/>\nVidare \u2013 och mer m\u00e4rkligt \u2013 prisas den som en bra partner till en cigarr, samt ett samtal om varf\u00f6r v\u00e4rlden inte l\u00e4ngre \u00e4r vad den brukade vara.<\/p>\n<p>Rivesaltes Ambr\u00e9 h\u00e5ller sig fr\u00e4sch l\u00e5ngt efter att vinet har \u00f6ppnats: m\u00e5nader snarare \u00e4n veckor.<br \/>\nVinet kan ocks\u00e5 buteljeras och kommer att h\u00e5lla sig i \u00e5ratal med den \u00e5ldersprofil som det buteljerades med.<\/p>\n<p>*** + &#8217;Coup de Coeur&#8217; Guide Hachette<\/p>\n","protected":false},"excerpt":{"rendered":"<p>Det h\u00e4r \u00e4r en underbar men samtidigt skamligt f\u00f6rbisedd typ av vin. Det finns olika versioner av Rivesaltes; denna s\u00f6ta gl\u00f6gg \u00e4r av typen ambre, som \u00e4r den b\u00e4rnstensf\u00e4rgade och&#8230;<\/p>\n","protected":false},"featured_media":48115,"template":"","meta":{"_acf_changed":false,"rs_blank_template":"","rs_page_bg_color":"","slide_template_v7":""},"product_brand":[],"product_cat":[2788,2790],"product_tag":[],"class_list":{"0":"post-48103","1":"product","2":"type-product","3":"status-publish","4":"has-post-thumbnail","6":"product_cat-vin-sv","7":"product_cat-dessertvin-sv","8":"pa_aargang-1966-sv","9":"pa_drue-grenache-blanc-sv","10":"pa_drue-grenache-gris-sv","11":"pa_drue-macabeu-sv","12":"pa_land-frankrike","13":"pa_procent-16-sv","14":"pa_producent-haute-coutume-sv","15":"pa_region-roussillon-sv","16":"pa_serveringstemperatur-10-13-sv-2","17":"pa_volume-75-sv","19":"first","20":"instock","21":"taxable","22":"shipping-taxable","23":"purchasable","24":"product-type-simple"},"bundled_by":[],"bundle_stock_status":"instock","bundle_stock_quantity":null,"bundle_virtual":false,"bundle_layout":"","bundle_add_to_cart_form_location":"","bundle_editable_in_cart":false,"bundle_sold_individually_context":"","bundle_item_grouping":"","bundle_min_size":"","bundle_max_size":"","bundle_price":[],"bundled_items":[],"bundle_sell_ids":[],"acf":[],"_links":{"self":[{"href":"https:\/\/www.raschvin.com\/sv\/wp-json\/wp\/v2\/product\/48103","targetHints":{"allow":["GET"]}}],"collection":[{"href":"https:\/\/www.raschvin.com\/sv\/wp-json\/wp\/v2\/product"}],"about":[{"href":"https:\/\/www.raschvin.com\/sv\/wp-json\/wp\/v2\/types\/product"}],"wp:featuredmedia":[{"embeddable":true,"href":"https:\/\/www.raschvin.com\/sv\/wp-json\/wp\/v2\/media\/48115"}],"wp:attachment":[{"href":"https:\/\/www.raschvin.com\/sv\/wp-json\/wp\/v2\/media?parent=48103"}],"wp:term":[{"taxonomy":"product_brand","embeddable":true,"href":"https:\/\/www.raschvin.com\/sv\/wp-json\/wp\/v2\/product_brand?post=48103"},{"taxonomy":"product_cat","embeddable":true,"href":"https:\/\/www.raschvin.com\/sv\/wp-json\/wp\/v2\/product_cat?post=48103"},{"taxonomy":"product_tag","embeddable":true,"href":"https:\/\/www.raschvin.com\/sv\/wp-json\/wp\/v2\/product_tag?post=48103"}],"curies":[{"name":"wp","href":"https:\/\/api.w.org\/{rel}","templated":true}]}}