{"id":47935,"date":"2024-02-08T15:19:53","date_gmt":"2024-02-08T14:19:53","guid":{"rendered":"https:\/\/www.raschvin.com\/produkt\/pastis-de-lile-de-re-eco-50-cl-45\/"},"modified":"2024-02-08T15:19:53","modified_gmt":"2024-02-08T14:19:53","slug":"pastis-de-lile-de-re-eco-50-cl-45","status":"publish","type":"product","link":"https:\/\/www.raschvin.com\/sv\/produkt\/pastis-de-lile-de-re-eco-50-cl-45\/","title":{"rendered":"Pastis de L&#8217;ile de R\u00e9 ECO 50 cl. 45%"},"content":{"rendered":"<p>Pastis de L&#8217;ile de R\u00e9 \u00e4r resultatet av m\u00f6tet mellan en beg\u00e5vad sommelier och Didier Dorin \u2013 herbalist extraordinaire specialiserad p\u00e5 medicinalv\u00e4xter och medelhavs\u00f6rter. Didiers marker ligger i Charente-Maritime, utspridda \u00f6ver b\u00e5de fastlandet och \u00f6n Ile de R\u00e9. Du kanske k\u00e4nner till Ile de R\u00e9 om du \u00e4r ett cognacfantast, eftersom det \u00e4r en av f\u00e5 platser utanf\u00f6r fastlandet d\u00e4r det tillverkas konjak. \u00d6ns salta myrmark ger \u00f6rterna en mycket speciell karakt\u00e4r, som ocks\u00e5 varierar fr\u00e5n \u00e5r till \u00e5r beroende p\u00e5 v\u00e4dret, varf\u00f6r denna pastis (som den enda vi h\u00f6rt talas om) tappas som vintagepastis! F\u00e4nk\u00e5lsfr\u00f6n spelar huvudrollen och det \u00e4r framf\u00f6r allt de som tillsammans med lakrits ger den karakt\u00e4ristiska doften och smaken. Andra \u00f6rter ing\u00e5r ocks\u00e5 i receptet, men de f\u00f6rblir tyv\u00e4rr Didiers hemlighet!<\/p>\n","protected":false},"excerpt":{"rendered":"<p>Pastis de L&#8217;ile de R\u00e9 \u00e4r resultatet av m\u00f6tet mellan en beg\u00e5vad sommelier och Didier Dorin \u2013 herbalist extraordinaire specialiserad p\u00e5 medicinalv\u00e4xter och medelhavs\u00f6rter. Didiers marker ligger i Charente-Maritime, utspridda&#8230;<\/p>\n","protected":false},"featured_media":48040,"template":"","meta":{"_acf_changed":false,"rs_blank_template":"","rs_page_bg_color":"","slide_template_v7":""},"product_brand":[],"product_cat":[2406,2402],"product_tag":[],"class_list":{"0":"post-47935","1":"product","2":"type-product","3":"status-publish","4":"has-post-thumbnail","6":"product_cat-ouzo-raki-pastis-sv","7":"product_cat-sprit-sv","8":"pa_land-frankrike","9":"pa_oekologisk-ja-sv","10":"pa_procent-45-sv","11":"pa_producent-pastis-de-lile-de-re-sv","12":"pa_region-charente-maritime-sv","13":"pa_volume-50-sv","15":"first","16":"instock","17":"sale","18":"taxable","19":"shipping-taxable","20":"purchasable","21":"product-type-simple"},"bundled_by":[],"bundle_stock_status":"instock","bundle_stock_quantity":null,"bundle_virtual":false,"bundle_layout":"","bundle_add_to_cart_form_location":"","bundle_editable_in_cart":false,"bundle_sold_individually_context":"","bundle_item_grouping":"","bundle_min_size":"","bundle_max_size":"","bundle_price":[],"bundled_items":[],"bundle_sell_ids":[],"acf":[],"_links":{"self":[{"href":"https:\/\/www.raschvin.com\/sv\/wp-json\/wp\/v2\/product\/47935","targetHints":{"allow":["GET"]}}],"collection":[{"href":"https:\/\/www.raschvin.com\/sv\/wp-json\/wp\/v2\/product"}],"about":[{"href":"https:\/\/www.raschvin.com\/sv\/wp-json\/wp\/v2\/types\/product"}],"wp:featuredmedia":[{"embeddable":true,"href":"https:\/\/www.raschvin.com\/sv\/wp-json\/wp\/v2\/media\/48040"}],"wp:attachment":[{"href":"https:\/\/www.raschvin.com\/sv\/wp-json\/wp\/v2\/media?parent=47935"}],"wp:term":[{"taxonomy":"product_brand","embeddable":true,"href":"https:\/\/www.raschvin.com\/sv\/wp-json\/wp\/v2\/product_brand?post=47935"},{"taxonomy":"product_cat","embeddable":true,"href":"https:\/\/www.raschvin.com\/sv\/wp-json\/wp\/v2\/product_cat?post=47935"},{"taxonomy":"product_tag","embeddable":true,"href":"https:\/\/www.raschvin.com\/sv\/wp-json\/wp\/v2\/product_tag?post=47935"}],"curies":[{"name":"wp","href":"https:\/\/api.w.org\/{rel}","templated":true}]}}