{"id":47929,"date":"2024-02-08T14:52:42","date_gmt":"2024-02-08T13:52:42","guid":{"rendered":"https:\/\/www.raschvin.com\/produkt\/banyuls-la-bergerie-des-abeilles-2020-aop-75-cl\/"},"modified":"2024-02-08T14:52:42","modified_gmt":"2024-02-08T13:52:42","slug":"banyuls-la-bergerie-des-abeilles-2020-aop-75-cl","status":"publish","type":"product","link":"https:\/\/www.raschvin.com\/sv\/produkt\/banyuls-la-bergerie-des-abeilles-2020-aop-75-cl\/","title":{"rendered":"Banyuls La Bergerie des Abeilles 2020 AOP 75 cl."},"content":{"rendered":"<p>Familjen Parc\u00e9, som \u00e4ger Domaine de la Rectorie, kan nog b\u00e4st beskrivas som den franska motsvarigheten till den danska vinfamiljen Vinding-Diers. P\u00e5 Rectorie \u00e4r det en vinodlare, en pianist och en fotograf som g\u00e5tt samman f\u00f6r att forts\u00e4tta den ving\u00e5rd som deras far grundade f\u00f6r mer \u00e4n hundra \u00e5r sedan. Tomterna ligger med en m\u00e4ngd olika exponeringar mot havet p\u00e5 sluttningar som bara ser sin like i Dourodalen och Mosel. De m\u00e5nga olika platserna ger lika m\u00e5nga olika typer av jord, m\u00e4ngd solljus, temperatur och vinf\u00f6rh\u00e5llanden. D\u00e4r terroiren i Bourgogne f\u00f6r\u00e4ndras fr\u00e5n \u00e5ker till \u00e5ker, h\u00e4r sker f\u00f6r\u00e4ndringen meter f\u00f6r meter.<br \/>\nPierre Parc\u00e9 v\u00e4lkomnar dig n\u00e4r du bes\u00f6ker g\u00e5rden. Egentligen \u00e4r han, precis som sina br\u00f6der, konstn\u00e4rligt utbildad, s\u00e5 n\u00e4r han inte tar emot g\u00e4ster \u00e4r han oftast ute och fotograferar i ving\u00e5rdarna. Dom\u00e4nen \u00e4r inte stor. 24 hektar. Det \u00e4r dock uppdelat i s\u00e5 m\u00e5nga som 30 olika paket, spridda \u00f6ver hela Banyuls. Vinrankorna odlas under extrema f\u00f6rh\u00e5llanden p\u00e5 mycket h\u00f6ga och otillg\u00e4ngliga terrasser.<br \/>\nVi \u00e4r mycket stolta \u00f6ver att vinerna fr\u00e5n Domaine de la Rectorie \u00e5terigen tagit en plats i v\u00e5rt sortiment.<\/p>\n","protected":false},"excerpt":{"rendered":"<p>Domaine De La Rectorie<\/p>\n","protected":false},"featured_media":47995,"template":"","meta":{"_acf_changed":false,"rs_blank_template":"","rs_page_bg_color":"","slide_template_v7":""},"product_brand":[],"product_cat":[2790,2788],"product_tag":[],"class_list":{"0":"post-47929","1":"product","2":"type-product","3":"status-publish","4":"has-post-thumbnail","6":"product_cat-dessertvin-sv","7":"product_cat-vin-sv","8":"pa_drue-grenache-noir-sv","9":"pa_drue-grenache-gris-sv","10":"pa_land-frankrike","11":"pa_procent-16-sv","12":"pa_producent-domaine-de-la-rectorie-sv","13":"pa_region-languedoc-roussillon-2-sv","14":"pa_serveringstemperatur-18-20-sv","15":"pa_volume-75-sv","17":"first","18":"instock","19":"taxable","20":"shipping-taxable","21":"purchasable","22":"product-type-simple"},"bundled_by":[],"bundle_stock_status":"instock","bundle_stock_quantity":null,"bundle_virtual":false,"bundle_layout":"","bundle_add_to_cart_form_location":"","bundle_editable_in_cart":false,"bundle_sold_individually_context":"","bundle_item_grouping":"","bundle_min_size":"","bundle_max_size":"","bundle_price":[],"bundled_items":[],"bundle_sell_ids":[],"acf":[],"_links":{"self":[{"href":"https:\/\/www.raschvin.com\/sv\/wp-json\/wp\/v2\/product\/47929","targetHints":{"allow":["GET"]}}],"collection":[{"href":"https:\/\/www.raschvin.com\/sv\/wp-json\/wp\/v2\/product"}],"about":[{"href":"https:\/\/www.raschvin.com\/sv\/wp-json\/wp\/v2\/types\/product"}],"wp:featuredmedia":[{"embeddable":true,"href":"https:\/\/www.raschvin.com\/sv\/wp-json\/wp\/v2\/media\/47995"}],"wp:attachment":[{"href":"https:\/\/www.raschvin.com\/sv\/wp-json\/wp\/v2\/media?parent=47929"}],"wp:term":[{"taxonomy":"product_brand","embeddable":true,"href":"https:\/\/www.raschvin.com\/sv\/wp-json\/wp\/v2\/product_brand?post=47929"},{"taxonomy":"product_cat","embeddable":true,"href":"https:\/\/www.raschvin.com\/sv\/wp-json\/wp\/v2\/product_cat?post=47929"},{"taxonomy":"product_tag","embeddable":true,"href":"https:\/\/www.raschvin.com\/sv\/wp-json\/wp\/v2\/product_tag?post=47929"}],"curies":[{"name":"wp","href":"https:\/\/api.w.org\/{rel}","templated":true}]}}