{"id":47921,"date":"2024-02-08T14:16:15","date_gmt":"2024-02-08T13:16:15","guid":{"rendered":"https:\/\/www.raschvin.com\/produkt\/louis-andrieu-orange-amber-igp-eco-2022-75-cl\/"},"modified":"2026-01-29T16:38:28","modified_gmt":"2026-01-29T15:38:28","slug":"louis-andrieu-orange-amber-igp-eco-2022-75-cl","status":"publish","type":"product","link":"https:\/\/www.raschvin.com\/sv\/produkt\/louis-andrieu-orange-amber-igp-eco-2022-75-cl\/","title":{"rendered":"Louis Andrieu Orange Amber IGP ECO 2023 75 cl."},"content":{"rendered":"<p>Vinets arom n\u00e5r ut till dig med toner av kanderad apelsin och balsamico. N\u00e4r du smakar f\u00e5r du uppleva ett fr\u00e4scht vin med en bra syra med inslag av mer kanderad apelsin, balsamico och citrusfrukt. Uppfriskande och med en delikat beska.<\/p>\n<p>Om Famille Fabre<br \/>\nHos franska Famille Fabre, liksom f\u00f6r m\u00e5nga andra goda vinmakare, \u00e4r ett respektfullt f\u00f6rh\u00e5llande till naturen av avg\u00f6rande betydelse. Sedan 1991 har Louis Fabre banat v\u00e4g f\u00f6r husets omst\u00e4llning till ekologisk vinodling och var en av de f\u00f6rsta Languedoc vinmakarna som verkligen blev gr\u00f6n. Han forts\u00e4tter \u00e4n i dag att prioritera och utveckla ett milj\u00f6medvetet jordbruk och vinframst\u00e4llning, att utforska nya metoder och letar alltid efter nya l\u00f6sningar p\u00e5 de milj\u00f6problem vi st\u00e5r inf\u00f6r. Mantrat \u00e4r: &#8221;Kvalitet \u00e4r inte ett tillst\u00e5nd, det \u00e4r en v\u00e4g&#8221;.<\/p>\n<p>I flera generationer har familjen Fabre odlat en medf\u00f6dd k\u00e4nsla f\u00f6r uppfinningar och innovation. Det kan ses fr\u00e5n Andr\u00e9 Fabres sk\u00f6rd &#8221;vagnar&#8221; till Louis Andrieus &#8221;colorim\u00e8tre&#8221; som anv\u00e4nds f\u00f6r att m\u00e4ta f\u00e4rgen p\u00e5 vin. En \u00f6ppenhet f\u00f6r nya id\u00e9er har blivit ryggraden i ett evigt engagemang f\u00f6r kvalitet. De nysk\u00f6rdade druvorna s\u00e4tter tonen och vinmakaren t\u00e4nker sig nya \u00e5rg\u00e5ngar; kolsyra maceration, naturliga och mousserande viner.<\/p>\n<p>Idag \u00e4ger familjen Fabre fem slott, bland annat Chateau de Luc och Domaine de Grande Courtade. Chateau de Luc \u00e4r ett riktigt vackert, gammalt slott fr\u00e5n 1300-talet. Slottets ving\u00e5rdar ligger terrasserade p\u00e5 de omgivande sluttningarna, fr\u00e4mst med ett h\u00f6gt l\u00e4ge ovanf\u00f6r havet och d\u00e4rmed ett svalt klimat f\u00f6r omr\u00e5det.<\/p>\n","protected":false},"excerpt":{"rendered":"<p>French Orange Wine<\/p>\n","protected":false},"featured_media":47956,"template":"","meta":{"_acf_changed":false,"rs_blank_template":"","rs_page_bg_color":"","slide_template_v7":""},"product_brand":[],"product_cat":[2788,2794],"product_tag":[],"class_list":{"0":"post-47921","1":"product","2":"type-product","3":"status-publish","4":"has-post-thumbnail","6":"product_cat-vin-sv","7":"product_cat-orange-vin","8":"pa_aargang-2023-sv","9":"pa_drue-sauvignon-blanc-sv","10":"pa_land-frankrike","11":"pa_oekologisk-ja-sv","12":"pa_procent-13-5-sv","13":"pa_producent-famille-fabre-sv","14":"pa_region-pays-doc-sv","15":"pa_serveringstemperatur-12-14-sv","16":"pa_volume-75-sv","18":"first","19":"instock","20":"taxable","21":"shipping-taxable","22":"purchasable","23":"product-type-simple"},"bundled_by":[],"bundle_stock_status":"instock","bundle_stock_quantity":null,"bundle_virtual":false,"bundle_layout":"","bundle_add_to_cart_form_location":"","bundle_editable_in_cart":false,"bundle_sold_individually_context":"","bundle_item_grouping":"","bundle_min_size":"","bundle_max_size":"","bundle_price":[],"bundled_items":[],"bundle_sell_ids":[],"acf":[],"_links":{"self":[{"href":"https:\/\/www.raschvin.com\/sv\/wp-json\/wp\/v2\/product\/47921","targetHints":{"allow":["GET"]}}],"collection":[{"href":"https:\/\/www.raschvin.com\/sv\/wp-json\/wp\/v2\/product"}],"about":[{"href":"https:\/\/www.raschvin.com\/sv\/wp-json\/wp\/v2\/types\/product"}],"wp:featuredmedia":[{"embeddable":true,"href":"https:\/\/www.raschvin.com\/sv\/wp-json\/wp\/v2\/media\/47956"}],"wp:attachment":[{"href":"https:\/\/www.raschvin.com\/sv\/wp-json\/wp\/v2\/media?parent=47921"}],"wp:term":[{"taxonomy":"product_brand","embeddable":true,"href":"https:\/\/www.raschvin.com\/sv\/wp-json\/wp\/v2\/product_brand?post=47921"},{"taxonomy":"product_cat","embeddable":true,"href":"https:\/\/www.raschvin.com\/sv\/wp-json\/wp\/v2\/product_cat?post=47921"},{"taxonomy":"product_tag","embeddable":true,"href":"https:\/\/www.raschvin.com\/sv\/wp-json\/wp\/v2\/product_tag?post=47921"}],"curies":[{"name":"wp","href":"https:\/\/api.w.org\/{rel}","templated":true}]}}