{"id":47904,"date":"2024-02-08T13:01:13","date_gmt":"2024-02-08T12:01:13","guid":{"rendered":"https:\/\/www.raschvin.com\/produkt\/chateau-piaut-simon-sauternes-2017-75-cl\/"},"modified":"2024-02-08T13:01:13","modified_gmt":"2024-02-08T12:01:13","slug":"chateau-piaut-simon-sauternes-2017-75-cl","status":"publish","type":"product","link":"https:\/\/www.raschvin.com\/sv\/produkt\/chateau-piaut-simon-sauternes-2017-75-cl\/","title":{"rendered":"Chateau Piaut-Simon Sauternes 2017 75 cl."},"content":{"rendered":"<p>Familjen Dufour har odlat vinstockar och gjort vin p\u00e5 Ch\u00e2teau Simon sedan 1814. Ch\u00e2teau Simon har f\u00f6rt kunnat som g\u00e5tt i arv fr\u00e5n generation till generation och rikt p\u00e5 en pionj\u00e4randa och str\u00e4cker sig idag \u00f6ver 33 hektar i appellationerna Barsac \u2013 Sauternes, Graves och Bordeaux . Sauternes viner drar d\u00e4rf\u00f6r nytta av ett unikt mikroklimat, k\u00e4nnetecknat av en temperaturskillnad mellan det varma vattnet i Garonne och de mycket kalla fl\u00f6dena i Ciron. P\u00e5 h\u00f6sten katalyserar morgondimman utvecklingen av Botrytis Cinerea, \u00e4delr\u00f6ta, Sauternes-vinernas heliga gral. Manuell sk\u00f6rd med 4 till 5 p\u00e5 varandra f\u00f6ljande mycket noggranna sorteringar. Endast \u00f6vermogna (botrytiserade) klasar v\u00e4ljs och pressas f\u00f6rsiktigt \u00f6ver natten. Efter kalls\u00e4ttning j\u00e4ser musten i termoreglerade rostfria k\u00e4rl. De b\u00e4sta partierna v\u00e4ljs ut och lagras p\u00e5 ekfat i 18 m\u00e5nader.<\/p>\n<p>Med en magnifik gyllene f\u00e4rg utvecklar detta vin en mycket intensiv doft med en subtil bukett av exotiska frukter och citrusfrukter. Anfallet \u00e4r rund och fruktig med en riklig, rik och fr\u00e4sch evolution. Avslutningen \u00e4r l\u00e4cker med kryddiga toner och en elegant fr\u00e4sch, l\u00e4tt mintaktig touch.<\/p>\n","protected":false},"excerpt":{"rendered":"<p>Vin de Bordeaux<\/p>\n","protected":false},"featured_media":47998,"template":"","meta":{"_acf_changed":false,"rs_blank_template":"","rs_page_bg_color":"","slide_template_v7":""},"product_brand":[],"product_cat":[2788,2790],"product_tag":[],"class_list":{"0":"post-47904","1":"product","2":"type-product","3":"status-publish","4":"has-post-thumbnail","6":"product_cat-vin-sv","7":"product_cat-dessertvin-sv","8":"pa_aargang-2017-sv","9":"pa_drue-semillon-sv","10":"pa_land-frankrike","11":"pa_procent-13-5-sv","12":"pa_producent-chateau-piaut-sv","13":"pa_region-bordeaux-sv","14":"pa_serveringstemperatur-8-10-sv","15":"pa_volume-75-sv","17":"first","18":"outofstock","19":"taxable","20":"shipping-taxable","21":"purchasable","22":"product-type-simple"},"bundled_by":[],"bundle_stock_status":"outofstock","bundle_stock_quantity":null,"bundle_virtual":false,"bundle_layout":"","bundle_add_to_cart_form_location":"","bundle_editable_in_cart":false,"bundle_sold_individually_context":"","bundle_item_grouping":"","bundle_min_size":"","bundle_max_size":"","bundle_price":[],"bundled_items":[],"bundle_sell_ids":[],"acf":[],"_links":{"self":[{"href":"https:\/\/www.raschvin.com\/sv\/wp-json\/wp\/v2\/product\/47904","targetHints":{"allow":["GET"]}}],"collection":[{"href":"https:\/\/www.raschvin.com\/sv\/wp-json\/wp\/v2\/product"}],"about":[{"href":"https:\/\/www.raschvin.com\/sv\/wp-json\/wp\/v2\/types\/product"}],"wp:featuredmedia":[{"embeddable":true,"href":"https:\/\/www.raschvin.com\/sv\/wp-json\/wp\/v2\/media\/47998"}],"wp:attachment":[{"href":"https:\/\/www.raschvin.com\/sv\/wp-json\/wp\/v2\/media?parent=47904"}],"wp:term":[{"taxonomy":"product_brand","embeddable":true,"href":"https:\/\/www.raschvin.com\/sv\/wp-json\/wp\/v2\/product_brand?post=47904"},{"taxonomy":"product_cat","embeddable":true,"href":"https:\/\/www.raschvin.com\/sv\/wp-json\/wp\/v2\/product_cat?post=47904"},{"taxonomy":"product_tag","embeddable":true,"href":"https:\/\/www.raschvin.com\/sv\/wp-json\/wp\/v2\/product_tag?post=47904"}],"curies":[{"name":"wp","href":"https:\/\/api.w.org\/{rel}","templated":true}]}}