{"id":47724,"date":"2024-02-05T18:39:13","date_gmt":"2024-02-05T17:39:13","guid":{"rendered":"https:\/\/www.raschvin.com\/produkt\/idda-etna-bianco-gaja-dop-2021-75-cl\/"},"modified":"2024-02-05T18:39:13","modified_gmt":"2024-02-05T17:39:13","slug":"idda-etna-bianco-gaja-dop-2021-75-cl","status":"publish","type":"product","link":"https:\/\/www.raschvin.com\/sv\/produkt\/idda-etna-bianco-gaja-dop-2021-75-cl\/","title":{"rendered":"IDDA Etna Bianco GAJA DOP 2021 75 cl."},"content":{"rendered":"<p>IDDA Etna Bianco \u00e4r gjord av druvsorten Carricante n\u00e4ra Biancavilla, p\u00e5 vulkanens sydv\u00e4stra sluttningar, p\u00e5 en h\u00f6jd av 700-800 m.a.s.l. Vintern 2018\/2019 var ganska klassisk f\u00f6r omr\u00e5det, med en del sn\u00f6fall i november och i januari, samt n\u00e5gra regnskurar i slutet av vintern, vilket s\u00e4kerst\u00e4llde goda vattenreserver. En period med svala temperaturer i mars och april, samt regn i maj, f\u00f6rsenade knoppning och blomning. D\u00e4refter var sommaren extremt varm och torr (upp till 35-40\u00b0C) och p\u00e5 grund av den sena blomningen blev sk\u00f6rden ganska sen. Sk\u00f6rden var mindre \u00e4n 2018, men 2019 \u00e5rs viner visar bra komplexitet och harmoni. Pressningen skedde med hela klasar. Efter en naturlig sedimentering j\u00e4stes musten i en kombination av tr\u00e4fat (10 hl.) och st\u00e5ltankar, f\u00f6ljt av en mognad i 12 m\u00e5nader i samma typ av beh\u00e5llare.<\/p>\n<p>IDDA Bianco 2019 erbjuder l\u00e4ckra, krispiga aromer av citrusfrukt (lime, druva), kiwi och passionsfrukt samt l\u00e4tta, exotiska nyanser av akaciablomma, jasmin och \u00f6rter i b\u00e5de doft och smak. Smaken har en bra torrhet och velour, med karakt\u00e4r av marsipan, persika och en mycket l\u00e4cker, krispig och mineral finish, med salta toner. Perfekt till skaldjur och fisk, till vitt k\u00f6tt i l\u00e4tta s\u00e5ser och till ostar som Pecorino.<\/p>\n<p>Gaja Sicilien<br \/>\nIngen annan vinmakare kan nog matcha det rykte och det inflytande som Angelo Gaja (f\u00f6dd 1940) har uppn\u00e5tt p\u00e5 den internationella vinscenen sedan han b\u00f6rjade p\u00e5 familjef\u00f6retaget i Barbaresco 1961 och tog \u00f6ver dess ledning 1969. De senaste \u00e5ren har 5:e generationen, best\u00e5ende av d\u00f6ttrarna Gaia och Rossana samt sonen Giovanni, kontinuerligt befordrats, men de har fortfarande sin pappa och l\u00e4rare vid sin sida.<\/p>\n<p>Under en resa till Etna-omr\u00e5det p\u00e5 Sicilien 2016 tr\u00e4ffade Angelo Gaja en av de mest k\u00e4nda vinmakarna i omr\u00e5det, Alberto Graci. Familjen Graci (Alberto och syster Elena) har odlat vin p\u00e5 Etna sedan 2005 och Angelo Gaja blev genast h\u00e4nf\u00f6rd och imponerad av b\u00e5de ving\u00e5rdarna och den klass och elegans han hittade i Etna-vinerna fr\u00e5n Graci.<\/p>\n<p>Det var allts\u00e5 en entusiastisk man som \u00e5terv\u00e4nde hem till Piemonte, och detta resulterade omedelbart efter\u00e5t i uppr\u00e4ttandet av ett &#8221;joint venture&#8221; (50-50) mellan ving\u00e5rdarna Gaja och Graci. Familjerna k\u00f6pte d\u00e4refter 21 ha tillsammans. land p\u00e5 Etnas sydv\u00e4stra sluttningar. 11 ha. av dessa f\u00e4lt, som ligger n\u00e4ra Biancavilla, var redan planterat (1975 och 2006) med Nerello Mascalese (r\u00f6d) och en liten del (1 ha.) Carricante (vit), som hade odlats ekologiskt av den tidigare \u00e4garen. F\u00f6rsta sk\u00f6rden under det nya \u00e4gandet gjordes 2017. Ytterligare 4 ha. planterades med Carricante v\u00e5ren 2018. De har sedan dess \u00e4ven k\u00f6pt 22 ha. mark n\u00e4ra Belpasso, d\u00e4r de f\u00f6rsta 4 ha. har planterats med druvsorten Cataratto (vit) v\u00e5ren 2019.<\/p>\n<p>Den nya ving\u00e5rden har f\u00e5tt namnet IDDA \u2013 ett namn som \u00e4r direkt kopplat till den fortfarande aktiva och nyckfulla vulkanen Etna. Bland lokalbefolkningen tillskrivs vulkanen en kvinnlig natur &#8211; en modernatur som kan vara h\u00e5rd men ocks\u00e5 gener\u00f6s, och den kallas d\u00e4rf\u00f6r f\u00f6r &#8221;IDDA&#8221; &#8211; ett ord som p\u00e5 den lokala sicilianska dialekten betyder &#8221;hon&#8221;.<\/p>\n<p>Etna<br \/>\nP\u00e5 samma s\u00e4tt som man p\u00e5 1990-talet i Toscana n\u00e4stan &#8221;uppt\u00e4ckte ett nytt omr\u00e5de p\u00e5 v\u00e4stkusten &#8211; Maremma&#8221; har det p\u00e5 Sicilien blivit tydligt vilken potential Etnaomr\u00e5det, i den nord\u00f6stra delen av \u00f6n, kan erbjuda . B\u00e5de lokala sicilianska vinproducenter och v\u00e4lk\u00e4nda producenter i andra distrikt i Italien har gett sig ut p\u00e5 ett nytt \u00e4ventyr under de senaste 20 \u00e5ren. Medan de flesta av de ursprungliga ving\u00e5rdarna i omr\u00e5det l\u00e5g p\u00e5 de norra och \u00f6stra sluttningarna av den fortfarande aktiva vulkanen Etna, har m\u00e5nga av de nya ving\u00e5rdarna planterats p\u00e5 de s\u00f6dra sluttningarna \u2013 och ofta ganska l\u00e5ngt upp i vulkanen (till cirka 1 200 m.a.s.l.).<\/p>\n<p>Vinodlingen vid Etna kan sp\u00e5ras l\u00e5ngt tillbaka i historien och beror i f\u00f6rsta hand p\u00e5 perfekta m\u00f6rka, vulkaniska jordarter, god exponering f\u00f6r solen och de h\u00f6gt bel\u00e4gna ving\u00e5rdarna, vilket inneb\u00e4r stora temperaturskillnader, l\u00e4ngre mognad och d\u00e4rmed mer delikat och aromatiskt vitt och r\u00f6da viner. Etna fick sin DOC-status 1968 (ca 950 ha, 2018) och lagstiftningen kr\u00e4ver min. 60% av Carricante-druvan f\u00f6r de vita, kompletterat med t.ex. Cataratto. Rosato och Rosso viner m\u00e5ste g\u00f6ras vid min. 80% Nerello Mascalese, kompletterat med bl.a. Nerello Cappuccio. DOC Etna g\u00e4ller \u00e4ven f\u00f6r b\u00e5de den vita och r\u00f6da Spumante (min. 60% Nerello Mascalese). Det \u00e4r de r\u00f6da Etna-vinerna som dominerar med ca. 60 % av produktionen. En del av vinerna som produceras utanf\u00f6r DOC Etna s\u00e4ljs bl.a. s\u00e5som DOC Sicilia eller IGT Terre Siciliane.<\/p>\n","protected":false},"excerpt":{"rendered":"<p>Gaja Sicily \u2013 Italy<\/p>\n","protected":false},"featured_media":47759,"template":"","meta":{"_acf_changed":false,"rs_blank_template":"","rs_page_bg_color":"","slide_template_v7":""},"product_brand":[],"product_cat":[2788,2792],"product_tag":[],"class_list":{"0":"post-47724","1":"product","2":"type-product","3":"status-publish","4":"has-post-thumbnail","6":"product_cat-vin-sv","7":"product_cat-vitt-vin","8":"pa_aargang-2021-sv","9":"pa_drue-carricante-sv","10":"pa_land-italien-sv","11":"pa_procent-12-5-sv","12":"pa_producent-gaja-sv","13":"pa_region-etna-sv","14":"pa_serveringstemperatur-10-12-sv-2","15":"pa_volume-75-sv","17":"first","18":"instock","19":"taxable","20":"shipping-taxable","21":"purchasable","22":"product-type-simple"},"bundled_by":[],"bundle_stock_status":"instock","bundle_stock_quantity":null,"bundle_virtual":false,"bundle_layout":"","bundle_add_to_cart_form_location":"","bundle_editable_in_cart":false,"bundle_sold_individually_context":"","bundle_item_grouping":"","bundle_min_size":"","bundle_max_size":"","bundle_price":[],"bundled_items":[],"bundle_sell_ids":[],"acf":[],"_links":{"self":[{"href":"https:\/\/www.raschvin.com\/sv\/wp-json\/wp\/v2\/product\/47724","targetHints":{"allow":["GET"]}}],"collection":[{"href":"https:\/\/www.raschvin.com\/sv\/wp-json\/wp\/v2\/product"}],"about":[{"href":"https:\/\/www.raschvin.com\/sv\/wp-json\/wp\/v2\/types\/product"}],"wp:featuredmedia":[{"embeddable":true,"href":"https:\/\/www.raschvin.com\/sv\/wp-json\/wp\/v2\/media\/47759"}],"wp:attachment":[{"href":"https:\/\/www.raschvin.com\/sv\/wp-json\/wp\/v2\/media?parent=47724"}],"wp:term":[{"taxonomy":"product_brand","embeddable":true,"href":"https:\/\/www.raschvin.com\/sv\/wp-json\/wp\/v2\/product_brand?post=47724"},{"taxonomy":"product_cat","embeddable":true,"href":"https:\/\/www.raschvin.com\/sv\/wp-json\/wp\/v2\/product_cat?post=47724"},{"taxonomy":"product_tag","embeddable":true,"href":"https:\/\/www.raschvin.com\/sv\/wp-json\/wp\/v2\/product_tag?post=47724"}],"curies":[{"name":"wp","href":"https:\/\/api.w.org\/{rel}","templated":true}]}}