{"id":47625,"date":"2024-02-02T16:14:54","date_gmt":"2024-02-02T15:14:54","guid":{"rendered":"https:\/\/www.raschvin.com\/produkt\/smaa-roede-mild-menthol-liquorice-100-cl-164\/"},"modified":"2024-02-02T16:14:54","modified_gmt":"2024-02-02T15:14:54","slug":"smaa-roede-mild-menthol-liquorice-100-cl-164","status":"publish","type":"product","link":"https:\/\/www.raschvin.com\/sv\/produkt\/smaa-roede-mild-menthol-liquorice-100-cl-164\/","title":{"rendered":"SM\u00c5 R\u00d8DE Mild Menthol Liquorice 100 cl. 16,4%"},"content":{"rendered":"<p>SM\u00c5 R\u00d8DE \u00e4r en shot gjord p\u00e5 vodka med mild mentol.<\/p>\n<p>Njut av SM\u00c5 R\u00d8DE som s\u00e4llskap till \u00f6l eller drinkar.<\/p>\n<p>Drick i rumstemperatur eller iskall i snapsglas.<\/p>\n<p>Skaka innan servering.<\/p>\n","protected":false},"excerpt":{"rendered":"<p>Danish Liquorice Shot<\/p>\n","protected":false},"featured_media":47628,"template":"","meta":{"_acf_changed":false,"rs_blank_template":"","rs_page_bg_color":"","slide_template_v7":""},"product_brand":[],"product_cat":[2387,4666,2407,2390,2402],"product_tag":[],"class_list":{"0":"post-47625","1":"product","2":"type-product","3":"status-publish","4":"has-post-thumbnail","6":"product_cat-avec-sv","7":"product_cat-lakrits-sprit","8":"product_cat-shots-sv","9":"product_cat-sprit","10":"product_cat-sprit-sv","11":"pa_land-danmark-sv","12":"pa_procent-16-4-sv","13":"pa_producent-spritfabrikken-danmark-sv","14":"pa_volume-100-sv","16":"first","17":"instock","18":"taxable","19":"shipping-taxable","20":"purchasable","21":"product-type-simple"},"bundled_by":[],"bundle_stock_status":"instock","bundle_stock_quantity":null,"bundle_virtual":false,"bundle_layout":"","bundle_add_to_cart_form_location":"","bundle_editable_in_cart":false,"bundle_sold_individually_context":"","bundle_item_grouping":"","bundle_min_size":"","bundle_max_size":"","bundle_price":[],"bundled_items":[],"bundle_sell_ids":[],"acf":[],"_links":{"self":[{"href":"https:\/\/www.raschvin.com\/sv\/wp-json\/wp\/v2\/product\/47625","targetHints":{"allow":["GET"]}}],"collection":[{"href":"https:\/\/www.raschvin.com\/sv\/wp-json\/wp\/v2\/product"}],"about":[{"href":"https:\/\/www.raschvin.com\/sv\/wp-json\/wp\/v2\/types\/product"}],"wp:featuredmedia":[{"embeddable":true,"href":"https:\/\/www.raschvin.com\/sv\/wp-json\/wp\/v2\/media\/47628"}],"wp:attachment":[{"href":"https:\/\/www.raschvin.com\/sv\/wp-json\/wp\/v2\/media?parent=47625"}],"wp:term":[{"taxonomy":"product_brand","embeddable":true,"href":"https:\/\/www.raschvin.com\/sv\/wp-json\/wp\/v2\/product_brand?post=47625"},{"taxonomy":"product_cat","embeddable":true,"href":"https:\/\/www.raschvin.com\/sv\/wp-json\/wp\/v2\/product_cat?post=47625"},{"taxonomy":"product_tag","embeddable":true,"href":"https:\/\/www.raschvin.com\/sv\/wp-json\/wp\/v2\/product_tag?post=47625"}],"curies":[{"name":"wp","href":"https:\/\/api.w.org\/{rel}","templated":true}]}}