{"id":47613,"date":"2024-02-02T14:21:08","date_gmt":"2024-02-02T13:21:08","guid":{"rendered":"https:\/\/www.raschvin.com\/produkt\/butchers-cut-premium-rose-75-cl\/"},"modified":"2024-02-02T14:21:08","modified_gmt":"2024-02-02T13:21:08","slug":"butchers-cut-premium-rose-75-cl","status":"publish","type":"product","link":"https:\/\/www.raschvin.com\/sv\/produkt\/butchers-cut-premium-rose-75-cl\/","title":{"rendered":"Butcher\u2019s Cut Premium Ros\u00e9 75 cl."},"content":{"rendered":"<p>Ett fr\u00e4scht och krispigt ros\u00e9vin fr\u00e5n Argentina som passar till b\u00e5de skogsturen och maten.<\/p>\n<p>Bra p\u00e5:<br \/>\nKyckling och kalkon, sallader, skaldjur<\/p>\n<p>MJUKT OCH KRISPT<\/p>\n<p>Butcher&#8217;s Cut Premium Ros\u00e9 har en fr\u00e4ck rosa f\u00e4rg, en fin kropp och en livlig syra. Doften \u00e4r full av f\u00e4rska b\u00e4r, p\u00e4ron och grapefrukt ackompanjerad av l\u00e4tta blommiga toner.<br \/>\nI munnen \u00e4r vinet mjukt och fruktigt med en fin krispig finish.<br \/>\nButcher&#8217;s Cut ros\u00e9 \u00e4r ett elegant och l\u00e4ttdrucket vin som kan avnjutas med v\u00e4nner p\u00e5 terrassen eller p\u00e5 skogspromenaden. Vinet \u00e4r ocks\u00e5 ett perfekt s\u00e4llskap till sallader, grillat k\u00f6tt, skaldjur eller kyckling.<\/p>\n<p>Serveringstemperatur: 8-10\u00b0C<\/p>\n<p>Tillverkning<\/p>\n<p>Butcher&#8217;s Cut ros\u00e9 \u00e4r gjord p\u00e5 noggrant utvalda druvor fr\u00e5n argentinska ving\u00e5rdar.<br \/>\nDruvorna sk\u00f6rdas vid optimal mognad och f\u00f6rs till ving\u00e5rden, d\u00e4r musten j\u00e4ser vid en sval temperatur f\u00f6r att beh\u00e5lla den f\u00e4rska frukten i vinet. N\u00e4r vinet n\u00e5tt den idealiska alkohol- och sockerniv\u00e5n stoppas j\u00e4sningen, vilket s\u00e4kerst\u00e4ller ett vin med perfekt frukt och friskhet.<\/p>\n<p>Om tillverkaren<\/p>\n<p>Butcher&#8217;s Cut-serien inneh\u00e5ller en flamboyant Malbec och en fr\u00e4sch Chardonnay fr\u00e5n Argentinas vinhuvudstad Mendoza. Butcher&#8217;s Cut \u00e4r en perfekt representant f\u00f6r Argentinas flaggskepp Malbec och f\u00f6r den fruktiga Chardonnay-druvan.<\/p>\n","protected":false},"excerpt":{"rendered":"<p>Mendoza \u2013 Argentina<\/p>\n","protected":false},"featured_media":47649,"template":"","meta":{"_acf_changed":false,"rs_blank_template":"","rs_page_bg_color":"","slide_template_v7":""},"product_brand":[],"product_cat":[2788,2796],"product_tag":[],"class_list":{"0":"post-47613","1":"product","2":"type-product","3":"status-publish","4":"has-post-thumbnail","6":"product_cat-vin-sv","7":"product_cat-rosevin-sv","8":"pa_land-argentina-sv","9":"pa_procent-12-sv","10":"pa_producent-butchers-cut-sv","11":"pa_region-mendoza-sv","12":"pa_serveringstemperatur-8-10-sv","13":"pa_volume-75-sv","15":"first","16":"instock","17":"taxable","18":"shipping-taxable","19":"purchasable","20":"product-type-simple"},"bundled_by":["120295"],"bundle_stock_status":"instock","bundle_stock_quantity":null,"bundle_virtual":false,"bundle_layout":"","bundle_add_to_cart_form_location":"","bundle_editable_in_cart":false,"bundle_sold_individually_context":"","bundle_item_grouping":"","bundle_min_size":"","bundle_max_size":"","bundle_price":[],"bundled_items":[],"bundle_sell_ids":[],"acf":[],"_links":{"self":[{"href":"https:\/\/www.raschvin.com\/sv\/wp-json\/wp\/v2\/product\/47613","targetHints":{"allow":["GET"]}}],"collection":[{"href":"https:\/\/www.raschvin.com\/sv\/wp-json\/wp\/v2\/product"}],"about":[{"href":"https:\/\/www.raschvin.com\/sv\/wp-json\/wp\/v2\/types\/product"}],"wp:featuredmedia":[{"embeddable":true,"href":"https:\/\/www.raschvin.com\/sv\/wp-json\/wp\/v2\/media\/47649"}],"wp:attachment":[{"href":"https:\/\/www.raschvin.com\/sv\/wp-json\/wp\/v2\/media?parent=47613"}],"wp:term":[{"taxonomy":"product_brand","embeddable":true,"href":"https:\/\/www.raschvin.com\/sv\/wp-json\/wp\/v2\/product_brand?post=47613"},{"taxonomy":"product_cat","embeddable":true,"href":"https:\/\/www.raschvin.com\/sv\/wp-json\/wp\/v2\/product_cat?post=47613"},{"taxonomy":"product_tag","embeddable":true,"href":"https:\/\/www.raschvin.com\/sv\/wp-json\/wp\/v2\/product_tag?post=47613"}],"curies":[{"name":"wp","href":"https:\/\/api.w.org\/{rel}","templated":true}]}}