{"id":47610,"date":"2024-02-02T14:10:01","date_gmt":"2024-02-02T13:10:01","guid":{"rendered":"https:\/\/www.raschvin.com\/produkt\/butchers-cut-premium-chardonnay-torrontes-75-cl\/"},"modified":"2024-02-02T14:10:01","modified_gmt":"2024-02-02T13:10:01","slug":"butchers-cut-premium-chardonnay-torrontes-75-cl","status":"publish","type":"product","link":"https:\/\/www.raschvin.com\/sv\/produkt\/butchers-cut-premium-chardonnay-torrontes-75-cl\/","title":{"rendered":"Butcher\u2019s Cut Premium Chardonnay-Torront\u00e9s 75 cl."},"content":{"rendered":"<p>En krispig och l\u00e4cker Chardonnay-Torront\u00e9s med h\u00e4rlig fruktkarakt\u00e4r och frisk harmonisk eftersmak.<\/p>\n<p>Bra p\u00e5:<br \/>\nFisk &#8211; mager, kyckling och kalkon, ost &#8211; mild<\/p>\n<p>KRAFTIG OCH F\u00c4RSK<\/p>\n<p>Vinet framst\u00e5r som halmgult i glaset med en doft av tropisk frukt. Doften \u00e4r frisk och krispig med en intensiv fruktig syra och bra balans.<br \/>\nButcher&#8217;s Cut Premium Chardonnay-Torront\u00e9s \u00e4r en perfekt f\u00f6ljeslagare till sallader, r\u00e4tter med l\u00e4tt k\u00f6tt, fisk eller som aperitif.<\/p>\n<p>Serveringstemperatur: 8-10\u00b0C<\/p>\n<p>\u2014 VinAvisen 2023-11-27<br \/>\n\u201dETT VITT VIN AV CHARDONNAY OCH TORRONT\u00c9S. DEN SENAST N\u00c4MNADE \u00c4R EN DRUVVA HUVUDSAKLIGT ODLAS I ARGENTINA. AFRAMEN HAR TONER AV TORKADE APRIKOS OCH SMAKEN \u00c4R FULL OCH RIK P\u00c5 L\u00c4CKRA FRUKTNOTER. TORRONT\u00c9S HJ\u00c4LPER ATT GER EN SNYGGT F\u00c4RSKHET TILL VINET OCH EN TON AV GR\u00d6NA \u00c4PPLEN.\u201d<br \/>\nTillverkning<\/p>\n<p>Druvorna till Butcher&#8217;s Cut Premium sk\u00f6rdas fr\u00e5n f\u00e4lt i Mendoza, d\u00e4r klimatet \u00e4r s\u00e4rskilt gynnsamt f\u00f6r vinodling. Skillnaden i natt- och dagtemperatur ger druvor med h\u00e4rlig fruktkarakt\u00e4r och fr\u00e4sch\u00f6r. Efter sk\u00f6rden f\u00f6rs druvorna till ving\u00e5rden d\u00e4r de vinifieras enligt traditionella metoder.<\/p>\n<p>CO2 &#8211; Milj\u00f6v\u00e4nlig<\/p>\n<p>Transport av vin i bulk fr\u00e5n ursprungslandet till buteljering i Danmark utg\u00f6r en avsev\u00e4rt minskad CO2-belastning j\u00e4mf\u00f6rt med vin som importeras p\u00e5 flaska. Som ett erk\u00e4nnande av det minskade CO2-avtrycket, men ocks\u00e5 f\u00f6rs\u00e4kran om vinets kvalitet samt de ekonomiska f\u00f6rdelarna med att transportera vin i bulk, utg\u00f6r bulkvin en allt st\u00f6rre del av v\u00e5r verksamhet. L\u00e4s mer h\u00e4r &#8211; www.co2friendlywine.eu.<\/p>\n<p>Om tillverkaren<\/p>\n<p>Butcher&#8217;s Cut-serien inneh\u00e5ller en flamboyant Malbec och en fr\u00e4sch Chardonnay fr\u00e5n Argentinas vinhuvudstad Mendoza. Butcher&#8217;s Cut \u00e4r en perfekt representant f\u00f6r Argentinas flaggskepp Malbec och f\u00f6r den fruktiga Chardonnay-druvan.<\/p>\n<p>Recensioner fr\u00e5n andra \u00e5r<\/p>\n<p>Klass 2021<\/p>\n<p>93p \u2013 Luca Maroni (2022-12-22)<\/p>\n","protected":false},"excerpt":{"rendered":"<p>Mendoza \u2013 Argentina<\/p>\n","protected":false},"featured_media":47640,"template":"","meta":{"_acf_changed":false,"rs_blank_template":"","rs_page_bg_color":"","slide_template_v7":""},"product_brand":[],"product_cat":[2788,2792],"product_tag":[],"class_list":{"0":"post-47610","1":"product","2":"type-product","3":"status-publish","4":"has-post-thumbnail","6":"product_cat-vin-sv","7":"product_cat-vitt-vin","8":"pa_drue-chardonnay-sv","9":"pa_drue-torrontes-sv","10":"pa_land-argentina-sv","11":"pa_procent-12-5-sv","12":"pa_producent-butchers-cut-sv","13":"pa_region-mendoza-sv","14":"pa_serveringstemperatur-8-10-sv","15":"pa_volume-75-sv","17":"first","18":"instock","19":"taxable","20":"shipping-taxable","21":"purchasable","22":"product-type-simple"},"bundled_by":["119679"],"bundle_stock_status":"instock","bundle_stock_quantity":null,"bundle_virtual":false,"bundle_layout":"","bundle_add_to_cart_form_location":"","bundle_editable_in_cart":false,"bundle_sold_individually_context":"","bundle_item_grouping":"","bundle_min_size":"","bundle_max_size":"","bundle_price":[],"bundled_items":[],"bundle_sell_ids":[],"acf":[],"_links":{"self":[{"href":"https:\/\/www.raschvin.com\/sv\/wp-json\/wp\/v2\/product\/47610","targetHints":{"allow":["GET"]}}],"collection":[{"href":"https:\/\/www.raschvin.com\/sv\/wp-json\/wp\/v2\/product"}],"about":[{"href":"https:\/\/www.raschvin.com\/sv\/wp-json\/wp\/v2\/types\/product"}],"wp:featuredmedia":[{"embeddable":true,"href":"https:\/\/www.raschvin.com\/sv\/wp-json\/wp\/v2\/media\/47640"}],"wp:attachment":[{"href":"https:\/\/www.raschvin.com\/sv\/wp-json\/wp\/v2\/media?parent=47610"}],"wp:term":[{"taxonomy":"product_brand","embeddable":true,"href":"https:\/\/www.raschvin.com\/sv\/wp-json\/wp\/v2\/product_brand?post=47610"},{"taxonomy":"product_cat","embeddable":true,"href":"https:\/\/www.raschvin.com\/sv\/wp-json\/wp\/v2\/product_cat?post=47610"},{"taxonomy":"product_tag","embeddable":true,"href":"https:\/\/www.raschvin.com\/sv\/wp-json\/wp\/v2\/product_tag?post=47610"}],"curies":[{"name":"wp","href":"https:\/\/api.w.org\/{rel}","templated":true}]}}