{"id":47555,"date":"2024-02-02T08:29:39","date_gmt":"2024-02-02T07:29:39","guid":{"rendered":"https:\/\/www.raschvin.com\/produkt\/slow-press-chardonnay-75-cl\/"},"modified":"2024-02-02T08:29:39","modified_gmt":"2024-02-02T07:29:39","slug":"slow-press-chardonnay-75-cl","status":"publish","type":"product","link":"https:\/\/www.raschvin.com\/sv\/produkt\/slow-press-chardonnay-75-cl\/","title":{"rendered":"Slow Press Chardonnay 75 cl."},"content":{"rendered":"<p>Fyllig och mjuk Chardonnay med en h\u00e4rlig kr\u00e4mig eftersmak.<\/p>\n<p>Bra p\u00e5:<br \/>\nKyckling och kalkon, pasta och pizza, risotto<\/p>\n<p>MJUK OCH Kr\u00e4mig<\/p>\n<p>Slow Press Chardonnay \u00e4r en klassisk Chardonnay med en lite varm finish. Vinet har massor av frukt med toner av f\u00e4rska \u00e4pplen, citrus och p\u00e4ron och en h\u00e4rlig mjuk finish.<\/p>\n<p>Serveringstemperatur: 8-10\u00b0C<\/p>\n<p>\u2014 VinAvisen 2023-04-24<br \/>\n\u201cEN L\u00c4CKRE FL\u00c4MMER CHARDONNAY MED EN MYCKET AROMATISK DOFT AV VANILJ OCH TORKADE APRIKOSER. SMAKEN \u00c4R MJUK, KR\u00c4MIG OCH FYLLD MED MOGET P\u00c4RON OCH INTYG AV BANAN OCH VANILJ. NJUT AV VINET MED FX FRITAD LAX&#8230;\u201d<br \/>\nTillverkning<\/p>\n<p>Druvorna till Slow Press Chardonnay kommer fr\u00e5n Monterey County, d\u00e4r dagarna \u00e4r varma och n\u00e4tterna svala, dimman fr\u00e5n Stilla havet kanaliseras in i f\u00e4lten fr\u00e5n kusten. Detta klimat \u00e4r perfekt f\u00f6r Chardonnay-druvorna, som kvitterar med goda fruktsmaker och en h\u00e4rlig frisk syra.<br \/>\nDruvorna genomg\u00e5r en noggrann pressning f\u00f6r att utveckla de rika aromerna. Den l\u00e5ngsamma j\u00e4sningen f\u00f6rst\u00e4rker den naturliga frukten. Vinet genomg\u00e5r en mognad i amerikansk ek i nio m\u00e5nader.<\/p>\n<p>Om tillverkaren<\/p>\n<p>Bra vin tar tid.<br \/>\nL\u00e5ngsamhet och njutning.<br \/>\nSlow Press-viner \u00e4r en hyllning till konsten att g\u00f6ra vin. Vi vet att fantastiska viner \u00e4r v\u00e4rda att v\u00e4nta p\u00e5, s\u00e5 vi har dragit ner p\u00e5 processen att g\u00f6ra vin fr\u00e5n b\u00f6rjan till slut.<\/p>\n","protected":false},"excerpt":{"rendered":"<p>Monterey County &#8211; USA<\/p>\n","protected":false},"featured_media":47579,"template":"","meta":{"_acf_changed":false,"rs_blank_template":"","rs_page_bg_color":"","slide_template_v7":""},"product_brand":[],"product_cat":[2788,2792],"product_tag":[],"class_list":{"0":"post-47555","1":"product","2":"type-product","3":"status-publish","4":"has-post-thumbnail","6":"product_cat-vin-sv","7":"product_cat-vitt-vin","8":"pa_drue-chardonnay-sv","9":"pa_land-usa-sv","10":"pa_procent-14-sv","11":"pa_producent-slow-press-sv","12":"pa_region-monterey-county-sv","13":"pa_serveringstemperatur-8-10-sv","14":"pa_volume-75-sv","16":"first","17":"instock","18":"taxable","19":"shipping-taxable","20":"purchasable","21":"product-type-simple"},"bundled_by":[],"bundle_stock_status":"instock","bundle_stock_quantity":null,"bundle_virtual":false,"bundle_layout":"","bundle_add_to_cart_form_location":"","bundle_editable_in_cart":false,"bundle_sold_individually_context":"","bundle_item_grouping":"","bundle_min_size":"","bundle_max_size":"","bundle_price":[],"bundled_items":[],"bundle_sell_ids":[],"acf":[],"_links":{"self":[{"href":"https:\/\/www.raschvin.com\/sv\/wp-json\/wp\/v2\/product\/47555","targetHints":{"allow":["GET"]}}],"collection":[{"href":"https:\/\/www.raschvin.com\/sv\/wp-json\/wp\/v2\/product"}],"about":[{"href":"https:\/\/www.raschvin.com\/sv\/wp-json\/wp\/v2\/types\/product"}],"wp:featuredmedia":[{"embeddable":true,"href":"https:\/\/www.raschvin.com\/sv\/wp-json\/wp\/v2\/media\/47579"}],"wp:attachment":[{"href":"https:\/\/www.raschvin.com\/sv\/wp-json\/wp\/v2\/media?parent=47555"}],"wp:term":[{"taxonomy":"product_brand","embeddable":true,"href":"https:\/\/www.raschvin.com\/sv\/wp-json\/wp\/v2\/product_brand?post=47555"},{"taxonomy":"product_cat","embeddable":true,"href":"https:\/\/www.raschvin.com\/sv\/wp-json\/wp\/v2\/product_cat?post=47555"},{"taxonomy":"product_tag","embeddable":true,"href":"https:\/\/www.raschvin.com\/sv\/wp-json\/wp\/v2\/product_tag?post=47555"}],"curies":[{"name":"wp","href":"https:\/\/api.w.org\/{rel}","templated":true}]}}