{"id":47552,"date":"2024-02-02T08:20:59","date_gmt":"2024-02-02T07:20:59","guid":{"rendered":"https:\/\/www.raschvin.com\/produkt\/slow-press-cabernet-sauvignon-75-cl\/"},"modified":"2024-02-02T08:20:59","modified_gmt":"2024-02-02T07:20:59","slug":"slow-press-cabernet-sauvignon-75-cl","status":"publish","type":"product","link":"https:\/\/www.raschvin.com\/sv\/produkt\/slow-press-cabernet-sauvignon-75-cl\/","title":{"rendered":"Slow Press Cabernet Sauvignon 75 cl."},"content":{"rendered":"<p>Fyllig, mjuk och m\u00f6rk Cabernet Sauvignon med intensiv smak och silkeslena tanniner.<\/p>\n<p>Bra p\u00e5:<br \/>\nGrill, starka kryddiga r\u00e4tter, ost &#8211; stark<\/p>\n<p>MJUKT OCH FULL<\/p>\n<p>Slow Press Cabernet Sauvignon \u00e4r dj\u00e4rv och koncentrerad i smaken med m\u00f6rk frukt, bj\u00f6rnb\u00e4r och svarta vinb\u00e4r samt l\u00e4tt kryddiga toner med inslag av l\u00e4der. Strukturen \u00e4r robust och de fasta tanninerna ger en mjuk finish.<\/p>\n<p>Servera vinet till grillad ost, till en l\u00e4cker hamburgare eller till chili.<\/p>\n<p>Serveringstemperatur: 16-18\u00b0C<\/p>\n<p>\u2014 VinAvisen 2023-06-05<br \/>\n\u201dETT R\u00d6TT VIN MED EN UNDERBART OCH MYCKET REN AROMA AV MOGA SOLB\u00c4R B\u00c5DE I DOFT OCH I DEN INTENSA, MILDA OCH SUPERMJUKA SMAKEN. ETT ENKELT VIN P\u00c5 EXAKT R\u00c4TT OCH V\u00c4LKOMPOSERAT S\u00c4TT&#8230;\u201d<br \/>\nTillverkning<\/p>\n<p>Druvorna f\u00f6r Slow Press sk\u00f6rdas i tre av de b\u00e4sta regionerna f\u00f6r Cabernet Sauvignon:<br \/>\nPaso Robles varma klimat ger Cabernet Sauvignon med perfekta tanniner och smak.<br \/>\nSan Lucas (Monterey) varma dagar och svala n\u00e4tter tillf\u00f6r knallr\u00f6d frukt och toner av \u00f6rter.<br \/>\nLake County ving\u00e5rdar producerar intensiva och harmoniska viner med syltig frukt och mogna tanniner.<br \/>\nSlow Press Cabernet Sauvignon genomg\u00e5r en malolaktisk j\u00e4sning. Druvorna \u00e4r f\u00f6rsiktigt pressade, vilket ger djup till smaken och f\u00f6rst\u00e4rker den naturliga fruktkarakt\u00e4ren. Vinet mognar i amerikansk och fransk ek i sex m\u00e5nader.<\/p>\n<p>Om tillverkaren<\/p>\n<p>Bra vin tar tid.<br \/>\nL\u00e5ngsamhet och njutning.<br \/>\nSlow Press-viner \u00e4r en hyllning till konsten att g\u00f6ra vin. Vi vet att fantastiska viner \u00e4r v\u00e4rda att v\u00e4nta p\u00e5, s\u00e5 vi har dragit ner p\u00e5 processen att g\u00f6ra vin fr\u00e5n b\u00f6rjan till slut.<\/p>\n","protected":false},"excerpt":{"rendered":"<p>California Cab-Sav &#8211; USA<\/p>\n","protected":false},"featured_media":47582,"template":"","meta":{"_acf_changed":false,"rs_blank_template":"","rs_page_bg_color":"","slide_template_v7":""},"product_brand":[],"product_cat":[2788,2798],"product_tag":[],"class_list":{"0":"post-47552","1":"product","2":"type-product","3":"status-publish","4":"has-post-thumbnail","6":"product_cat-vin-sv","7":"product_cat-roedvin-sv","8":"pa_drue-cabernet-sauvignon-sv","9":"pa_land-usa-sv","10":"pa_procent-13-5-sv","11":"pa_producent-slow-press-sv","12":"pa_region-californien-sv","13":"pa_serveringstemperatur-16-18-sv","14":"pa_volume-75-sv","16":"first","17":"instock","18":"taxable","19":"shipping-taxable","20":"purchasable","21":"product-type-simple"},"bundled_by":[],"bundle_stock_status":"instock","bundle_stock_quantity":null,"bundle_virtual":false,"bundle_layout":"","bundle_add_to_cart_form_location":"","bundle_editable_in_cart":false,"bundle_sold_individually_context":"","bundle_item_grouping":"","bundle_min_size":"","bundle_max_size":"","bundle_price":[],"bundled_items":[],"bundle_sell_ids":[],"acf":[],"_links":{"self":[{"href":"https:\/\/www.raschvin.com\/sv\/wp-json\/wp\/v2\/product\/47552","targetHints":{"allow":["GET"]}}],"collection":[{"href":"https:\/\/www.raschvin.com\/sv\/wp-json\/wp\/v2\/product"}],"about":[{"href":"https:\/\/www.raschvin.com\/sv\/wp-json\/wp\/v2\/types\/product"}],"wp:featuredmedia":[{"embeddable":true,"href":"https:\/\/www.raschvin.com\/sv\/wp-json\/wp\/v2\/media\/47582"}],"wp:attachment":[{"href":"https:\/\/www.raschvin.com\/sv\/wp-json\/wp\/v2\/media?parent=47552"}],"wp:term":[{"taxonomy":"product_brand","embeddable":true,"href":"https:\/\/www.raschvin.com\/sv\/wp-json\/wp\/v2\/product_brand?post=47552"},{"taxonomy":"product_cat","embeddable":true,"href":"https:\/\/www.raschvin.com\/sv\/wp-json\/wp\/v2\/product_cat?post=47552"},{"taxonomy":"product_tag","embeddable":true,"href":"https:\/\/www.raschvin.com\/sv\/wp-json\/wp\/v2\/product_tag?post=47552"}],"curies":[{"name":"wp","href":"https:\/\/api.w.org\/{rel}","templated":true}]}}