{"id":47549,"date":"2024-02-02T08:07:21","date_gmt":"2024-02-02T07:07:21","guid":{"rendered":"https:\/\/www.raschvin.com\/produkt\/the-urban-park-rosso-igt-veneto-appassimento-75-cl\/"},"modified":"2024-02-02T08:07:21","modified_gmt":"2024-02-02T07:07:21","slug":"the-urban-park-rosso-igt-veneto-appassimento-75-cl","status":"publish","type":"product","link":"https:\/\/www.raschvin.com\/sv\/produkt\/the-urban-park-rosso-igt-veneto-appassimento-75-cl\/","title":{"rendered":"The Urban Park Rosso IGT Veneto Appassimento 75 cl."},"content":{"rendered":"<p>Konst och vin f\u00f6renas i en sp\u00e4nnande Rosso Passito fr\u00e5n Veneto.<\/p>\n<p>Bra p\u00e5:<br \/>\nBuff\u00e9, grill, ost &#8211; stark, ost &#8211; mild, r\u00f6tt k\u00f6tt, biff, stek<\/p>\n<p>INTENSE OCH ELEGANTA<\/p>\n<p>Vinet har en intensiv granatr\u00f6d f\u00e4rg. Smaken \u00e4r intensiv med mycket r\u00f6d frukt, mjuk, elegant och fyllig.<\/p>\n<p>Njut av till r\u00e4tter med k\u00f6tt, grill eller med ost.<\/p>\n<p>Serveringstemperatur: 16-18\u00b0C<\/p>\n<p>Tillverkning<\/p>\n<p>Projektet Wine Urban Park speglar till fullo Montresors innovativa attityd. Id\u00e9n uppstod ur en \u00f6nskan p\u00e5 00-talet att \u00f6ppna ving\u00e5rden mot gatan och f\u00f6rvandla delar av den till ett samtida konstgalleri; en blandning av klassicism, avantgarde och vinkonst samt de mer klassiska konstformerna.<\/p>\n<p>Urban Park Rosso IGT Veneto Passito \u00e4r gjord p\u00e5 druvorna Corvina, Corvinone och Rondinella fr\u00e5n Veneto-regionen. Druvorna v\u00e4ljs ut och sk\u00f6rdas n\u00e4r de har n\u00e5tt perfekt mognad. Klasarna l\u00e4ggs i l\u00e5dor f\u00f6r att torka i 30 dagar. D\u00e4refter krossas druvorna och j\u00e4sningen sker i rostfria st\u00e5ltankar. D\u00e4refter mognar en del av vinet p\u00e5 ekfat, d\u00e4r tanninerna utvecklas och ger ett sammetslent vin med h\u00e4rliga toner fr\u00e5n faten. Denna tillverkningsmetod resulterar i viner med h\u00f6g sockerhalt med superkoncentrerade aromer.<\/p>\n<p>Om tillverkaren<\/p>\n<p>EN HISTORISK VINGESUS &#8211; Historien om familjen Montresor g\u00e5r l\u00e5ngt tillbaka i tiden och inkluderar n\u00e5gra intressanta f\u00f6rf\u00e4der som greve Claude de Montresor, som p\u00e5 1600-talet var en betrodd r\u00e5dgivare till hertigen av Orleans i Frankrike. I mitten av 1600-talet flyttade en gren av dynastin till regionen Veneto n\u00e4ra Gardasj\u00f6n, k\u00e4nd f\u00f6r sina b\u00f6rdiga marker. H\u00e4r fann de de perfekta f\u00f6ruts\u00e4ttningarna f\u00f6r att odla en av familjens st\u00f6rsta passioner: vinodling. 1892 grundade Giacomo Montresor Cantine Giacomo Montresor.<\/p>\n<p>Cantine Giacomo Montresor \u00e4r en liten venetiansk tidsficka och \u00e4r idag ett mycket erk\u00e4nt och respekterat vinhus i Italien, som g\u00e5ng p\u00e5 g\u00e5ng levererar kritikerrosade viner av mycket h\u00f6g kvalitet.<\/p>\n","protected":false},"excerpt":{"rendered":"<p>Cantine Montresor \u2013 Italy<\/p>\n","protected":false},"featured_media":47570,"template":"","meta":{"_acf_changed":false,"rs_blank_template":"","rs_page_bg_color":"","slide_template_v7":""},"product_brand":[],"product_cat":[2788,2798],"product_tag":[],"class_list":{"0":"post-47549","1":"product","2":"type-product","3":"status-publish","4":"has-post-thumbnail","6":"product_cat-vin-sv","7":"product_cat-roedvin-sv","8":"pa_drue-corvina-sv","9":"pa_drue-corvinone-sv","10":"pa_drue-rondinella-sv","11":"pa_land-italien-sv","12":"pa_procent-14-sv","13":"pa_producent-cantine-montresor-sv","14":"pa_region-veneto-sv","15":"pa_serveringstemperatur-16-18-sv","16":"pa_volume-75-sv","18":"first","19":"instock","20":"taxable","21":"shipping-taxable","22":"purchasable","23":"product-type-simple"},"bundled_by":[],"bundle_stock_status":"instock","bundle_stock_quantity":null,"bundle_virtual":false,"bundle_layout":"","bundle_add_to_cart_form_location":"","bundle_editable_in_cart":false,"bundle_sold_individually_context":"","bundle_item_grouping":"","bundle_min_size":"","bundle_max_size":"","bundle_price":[],"bundled_items":[],"bundle_sell_ids":[],"acf":[],"_links":{"self":[{"href":"https:\/\/www.raschvin.com\/sv\/wp-json\/wp\/v2\/product\/47549","targetHints":{"allow":["GET"]}}],"collection":[{"href":"https:\/\/www.raschvin.com\/sv\/wp-json\/wp\/v2\/product"}],"about":[{"href":"https:\/\/www.raschvin.com\/sv\/wp-json\/wp\/v2\/types\/product"}],"wp:featuredmedia":[{"embeddable":true,"href":"https:\/\/www.raschvin.com\/sv\/wp-json\/wp\/v2\/media\/47570"}],"wp:attachment":[{"href":"https:\/\/www.raschvin.com\/sv\/wp-json\/wp\/v2\/media?parent=47549"}],"wp:term":[{"taxonomy":"product_brand","embeddable":true,"href":"https:\/\/www.raschvin.com\/sv\/wp-json\/wp\/v2\/product_brand?post=47549"},{"taxonomy":"product_cat","embeddable":true,"href":"https:\/\/www.raschvin.com\/sv\/wp-json\/wp\/v2\/product_cat?post=47549"},{"taxonomy":"product_tag","embeddable":true,"href":"https:\/\/www.raschvin.com\/sv\/wp-json\/wp\/v2\/product_tag?post=47549"}],"curies":[{"name":"wp","href":"https:\/\/api.w.org\/{rel}","templated":true}]}}