{"id":47536,"date":"2024-02-01T16:06:03","date_gmt":"2024-02-01T15:06:03","guid":{"rendered":"https:\/\/www.raschvin.com\/produkt\/cocchi-dopo-teatro-vermouth-amaro-75-cl-16\/"},"modified":"2024-02-01T16:06:03","modified_gmt":"2024-02-01T15:06:03","slug":"cocchi-dopo-teatro-vermouth-amaro-75-cl-16","status":"publish","type":"product","link":"https:\/\/www.raschvin.com\/sv\/produkt\/cocchi-dopo-teatro-vermouth-amaro-75-cl-16\/","title":{"rendered":"Cocchi Dopo Teatro Vermouth Amaro 75 cl. 16%"},"content":{"rendered":"<p>Cocchi Dopo Teatro Vermouth Amaro \u00e4r en s\u00e4llsynt vermouthstil, gjord enligt Giulio Cocchis originalrecept. Namnet &#8221;Dopo Teatro&#8221; kommer fr\u00e5n den piemontesiska seden att dricka ett litet glas sval vermouth efter en f\u00f6rest\u00e4llning. Bland ingredienserna hittar du rabarber, mal\u00f6rt och kinabark. Lite Barolo Chinato tillkommer ocks\u00e5, vilket ger \u00e4nnu mer komplexitet och djup.<\/p>\n<p>F\u00e4rg: Djupt r\u00f6d.<br \/>\nLukt: Fantastisk doft av mal\u00f6rt, mynta, m\u00f6rk frukt och apelsin.<br \/>\nSmaknoter: Komplex, djup, l\u00e4tt s\u00f6t och bitter.<\/p>\n<p>Serveringsf\u00f6rslag: Njut av den kyld med en twist av apelsin eller citron, eller anv\u00e4nd den i klassiska cocktails som Negronis.<\/p>\n<p>Cocchi grundades av den unge konditorn Giulio Cocchi 1891. Sedan dess har f\u00f6retaget tillverkat mousserande vin, vermouth och andra smaksatta viner i Piemonte, alltid med kvalitet i fr\u00e4msta rummet. Den goda meritlistan, med 121 \u00e5r av oavbruten drift, fick Cocchi att registreras i Italiens nationella register \u00f6ver historiska f\u00f6retag 2012. F\u00f6retaget har bland annat hj\u00e4lpt till att lyfta Barolo Chinato ur gl\u00f6mskans dimma och var en av drivkrafterna bakom vermouths ren\u00e4ssans. Den nuvarande chefen f\u00f6r Cocchi, Roberto Bava, har ocks\u00e5 valts till president f\u00f6r Vermouth di Torino Institute, som samlar ett antal producenter med det gemensamma m\u00e5let att s\u00e4kerst\u00e4lla identiteten och fortsatta \u00f6verlevnad f\u00f6r Torino vermouth.<\/p>\n<p>Recensioner<\/p>\n<p>Decanter<br \/>\n&#8221;En h\u00f6gre andel bitter cinchona kompenseras av extra socker f\u00f6r en skickligt balanserad vermouth. Smaker av rabarber, sarsaparilla och k\u00f6rsb\u00e4rsbark leder till en mintig, pepprig finish.&#8221; &#8211; 95 po\u00e4ng<\/p>\n<p>Drinks International Annual Brands Report 2024<br \/>\n#1 b\u00e4sts\u00e4ljande Vermouth-m\u00e4rke<br \/>\n&#8217;<br \/>\nDrinks International Annual Brands Report 2024<br \/>\n#1 Topptrenderade Vermouth-m\u00e4rke<\/p>\n","protected":false},"excerpt":{"rendered":"<p>Giulio Cocchi Italy<\/p>\n","protected":false},"featured_media":47597,"template":"","meta":{"_acf_changed":false,"rs_blank_template":"","rs_page_bg_color":"","slide_template_v7":""},"product_brand":[],"product_cat":[2765,2774],"product_tag":[],"class_list":{"0":"post-47536","1":"product","2":"type-product","3":"status-publish","4":"has-post-thumbnail","6":"product_cat-hedvin-sv","7":"product_cat-vermouth-sv","8":"pa_land-italien-sv","9":"pa_procent-16-sv","10":"pa_producent-giulio-cocchi-sv","11":"pa_region-piemonte-sv","12":"pa_volume-75-sv","14":"first","15":"instock","16":"sale","17":"taxable","18":"shipping-taxable","19":"purchasable","20":"product-type-simple"},"bundled_by":[],"bundle_stock_status":"instock","bundle_stock_quantity":null,"bundle_virtual":false,"bundle_layout":"","bundle_add_to_cart_form_location":"","bundle_editable_in_cart":false,"bundle_sold_individually_context":"","bundle_item_grouping":"","bundle_min_size":"","bundle_max_size":"","bundle_price":[],"bundled_items":[],"bundle_sell_ids":[],"acf":[],"_links":{"self":[{"href":"https:\/\/www.raschvin.com\/sv\/wp-json\/wp\/v2\/product\/47536","targetHints":{"allow":["GET"]}}],"collection":[{"href":"https:\/\/www.raschvin.com\/sv\/wp-json\/wp\/v2\/product"}],"about":[{"href":"https:\/\/www.raschvin.com\/sv\/wp-json\/wp\/v2\/types\/product"}],"wp:featuredmedia":[{"embeddable":true,"href":"https:\/\/www.raschvin.com\/sv\/wp-json\/wp\/v2\/media\/47597"}],"wp:attachment":[{"href":"https:\/\/www.raschvin.com\/sv\/wp-json\/wp\/v2\/media?parent=47536"}],"wp:term":[{"taxonomy":"product_brand","embeddable":true,"href":"https:\/\/www.raschvin.com\/sv\/wp-json\/wp\/v2\/product_brand?post=47536"},{"taxonomy":"product_cat","embeddable":true,"href":"https:\/\/www.raschvin.com\/sv\/wp-json\/wp\/v2\/product_cat?post=47536"},{"taxonomy":"product_tag","embeddable":true,"href":"https:\/\/www.raschvin.com\/sv\/wp-json\/wp\/v2\/product_tag?post=47536"}],"curies":[{"name":"wp","href":"https:\/\/api.w.org\/{rel}","templated":true}]}}