{"id":47275,"date":"2024-01-29T14:17:23","date_gmt":"2024-01-29T13:17:23","guid":{"rendered":"https:\/\/www.raschvin.com\/produkt\/midtfyns-sunset-sour-50-cl-6\/"},"modified":"2024-01-29T14:17:23","modified_gmt":"2024-01-29T13:17:23","slug":"midtfyns-sunset-sour-50-cl-6","status":"publish","type":"product","link":"https:\/\/www.raschvin.com\/sv\/produkt\/midtfyns-sunset-sour-50-cl-6\/","title":{"rendered":"Midtfyns Sunset Sour 50 cl. 6%"},"content":{"rendered":"<p>Sunset Sour \u00e4r en fr\u00e4sch och syrlig \u00f6l med tropiska frukter.<\/p>\n<p>Frukttonerna \u00e4r kraftfulla i detta \u00f6l. Det finns b\u00e5de l\u00e4ckra toner av mango, ananas och blodapelsin.<\/p>\n<p>\u00d6len har den perfekta balansen mellan surt och s\u00f6tt. S\u00f6tman kommer fr\u00e5n sj\u00e4lva laktosen.<\/p>\n<p>\u00d6lens vackra f\u00e4rg kommer fr\u00e5n b\u00e5de frukterna och aroniab\u00e4ren, f\u00f6r att reflektera solnedg\u00e5ngens f\u00e4rger.<\/p>\n<p>Denna \u00f6l \u00e4r perfekt att avnjuta p\u00e5 terrassen.<\/p>\n<p>Alk 6,0% vol.<br \/>\nServeringstemperatur 6-8 grader<br \/>\nInneh\u00e5ller: Kornmalt, vetemalt och laktos<\/p>\n","protected":false},"excerpt":{"rendered":"<p>Midtfyns Bryghus \u2013 Denmark<\/p>\n","protected":false},"featured_media":47382,"template":"","meta":{"_acf_changed":false,"rs_blank_template":"","rs_page_bg_color":"","slide_template_v7":""},"product_brand":[],"product_cat":[40],"product_tag":[],"class_list":{"0":"post-47275","1":"product","2":"type-product","3":"status-publish","4":"has-post-thumbnail","6":"product_cat-alla-produkter","7":"pa_land-danmark-sv","8":"pa_procent-6-0-sv","9":"pa_producent-midtfyns-bryghus-sv","10":"pa_region-fyn-sv","11":"pa_serveringstemperatur-6-8-sv","12":"pa_volume-50-sv","14":"first","15":"instock","16":"taxable","17":"shipping-taxable","18":"purchasable","19":"product-type-simple"},"bundled_by":[],"bundle_stock_status":"instock","bundle_stock_quantity":null,"bundle_virtual":false,"bundle_layout":"","bundle_add_to_cart_form_location":"","bundle_editable_in_cart":false,"bundle_sold_individually_context":"","bundle_item_grouping":"","bundle_min_size":"","bundle_max_size":"","bundle_price":[],"bundled_items":[],"bundle_sell_ids":[],"acf":[],"_links":{"self":[{"href":"https:\/\/www.raschvin.com\/sv\/wp-json\/wp\/v2\/product\/47275","targetHints":{"allow":["GET"]}}],"collection":[{"href":"https:\/\/www.raschvin.com\/sv\/wp-json\/wp\/v2\/product"}],"about":[{"href":"https:\/\/www.raschvin.com\/sv\/wp-json\/wp\/v2\/types\/product"}],"wp:featuredmedia":[{"embeddable":true,"href":"https:\/\/www.raschvin.com\/sv\/wp-json\/wp\/v2\/media\/47382"}],"wp:attachment":[{"href":"https:\/\/www.raschvin.com\/sv\/wp-json\/wp\/v2\/media?parent=47275"}],"wp:term":[{"taxonomy":"product_brand","embeddable":true,"href":"https:\/\/www.raschvin.com\/sv\/wp-json\/wp\/v2\/product_brand?post=47275"},{"taxonomy":"product_cat","embeddable":true,"href":"https:\/\/www.raschvin.com\/sv\/wp-json\/wp\/v2\/product_cat?post=47275"},{"taxonomy":"product_tag","embeddable":true,"href":"https:\/\/www.raschvin.com\/sv\/wp-json\/wp\/v2\/product_tag?post=47275"}],"curies":[{"name":"wp","href":"https:\/\/api.w.org\/{rel}","templated":true}]}}