{"id":47265,"date":"2024-01-29T13:35:54","date_gmt":"2024-01-29T12:35:54","guid":{"rendered":"https:\/\/www.raschvin.com\/produkt\/fanoe-lynghvede-hvedeale-med-lyng-krydderier-50-cl-50\/"},"modified":"2024-01-29T13:35:54","modified_gmt":"2024-01-29T12:35:54","slug":"fanoe-lynghvede-hvedeale-med-lyng-krydderier-50-cl-50","status":"publish","type":"product","link":"https:\/\/www.raschvin.com\/sv\/produkt\/fanoe-lynghvede-hvedeale-med-lyng-krydderier-50-cl-50\/","title":{"rendered":"Fan\u00f8 Lynghvede \u2013 Hvedeale med Lyng &#038; Krydderier 50 cl. 5,0%"},"content":{"rendered":"<p>Fan\u00f8 Bovete 5,0% 9&#215;500 ml. \u00d6ltyp: Kryddig Vete\u00f6l Smak: Gyllene vete\u00f6l bryggt med ljung och kryddor. En v\u00e4lsmakande arom av blommor och apelsin ger vika f\u00f6r en aptitretande smak av honung och frukt.<\/p>\n","protected":false},"excerpt":{"rendered":"<p>Fan\u00f8 Bryghus \u2013 Denmark<\/p>\n","protected":false},"featured_media":88371,"template":"","meta":{"_acf_changed":false,"rs_blank_template":"","rs_page_bg_color":"","slide_template_v7":""},"product_brand":[],"product_cat":[2801,2811],"product_tag":[],"class_list":{"0":"post-47265","1":"product","2":"type-product","3":"status-publish","4":"has-post-thumbnail","6":"product_cat-oel-sv","7":"product_cat-veteoel","8":"pa_land-danmark-sv","9":"pa_procent-5-0-sv","10":"pa_producent-fanoe-bryghus-sv","11":"pa_region-fanoe-sv","12":"pa_serveringstemperatur-8-10-sv","13":"pa_volume-50-sv","15":"first","16":"instock","17":"taxable","18":"shipping-taxable","19":"purchasable","20":"product-type-simple"},"bundled_by":[],"bundle_stock_status":"instock","bundle_stock_quantity":null,"bundle_virtual":false,"bundle_layout":"","bundle_add_to_cart_form_location":"","bundle_editable_in_cart":false,"bundle_sold_individually_context":"","bundle_item_grouping":"","bundle_min_size":"","bundle_max_size":"","bundle_price":[],"bundled_items":[],"bundle_sell_ids":[],"acf":[],"_links":{"self":[{"href":"https:\/\/www.raschvin.com\/sv\/wp-json\/wp\/v2\/product\/47265","targetHints":{"allow":["GET"]}}],"collection":[{"href":"https:\/\/www.raschvin.com\/sv\/wp-json\/wp\/v2\/product"}],"about":[{"href":"https:\/\/www.raschvin.com\/sv\/wp-json\/wp\/v2\/types\/product"}],"wp:featuredmedia":[{"embeddable":true,"href":"https:\/\/www.raschvin.com\/sv\/wp-json\/wp\/v2\/media\/88371"}],"wp:attachment":[{"href":"https:\/\/www.raschvin.com\/sv\/wp-json\/wp\/v2\/media?parent=47265"}],"wp:term":[{"taxonomy":"product_brand","embeddable":true,"href":"https:\/\/www.raschvin.com\/sv\/wp-json\/wp\/v2\/product_brand?post=47265"},{"taxonomy":"product_cat","embeddable":true,"href":"https:\/\/www.raschvin.com\/sv\/wp-json\/wp\/v2\/product_cat?post=47265"},{"taxonomy":"product_tag","embeddable":true,"href":"https:\/\/www.raschvin.com\/sv\/wp-json\/wp\/v2\/product_tag?post=47265"}],"curies":[{"name":"wp","href":"https:\/\/api.w.org\/{rel}","templated":true}]}}