{"id":47197,"date":"2025-11-08T08:44:06","date_gmt":"2025-11-08T07:44:06","guid":{"rendered":"https:\/\/www.raschvin.com\/produkt\/quinta-da-boeira-reserve-tawny-port-75-cl\/"},"modified":"2024-01-27T09:04:06","modified_gmt":"2024-01-27T08:04:06","slug":"quinta-da-boeira-reserve-tawny-port-75-cl","status":"publish","type":"product","link":"https:\/\/www.raschvin.com\/sv\/produkt\/quinta-da-boeira-reserve-tawny-port-75-cl\/","title":{"rendered":"Quinta da Boeira &#8211; Reserve Tawny Port 75 cl."},"content":{"rendered":"<p>En vacker karaff med tillh\u00f6rande ask \u00e4r en v\u00e4rdig f\u00f6rpackning f\u00f6r denna h\u00e4rliga reservtawny.<br \/>\nDen \u00e4r gjord av utvalda, aromatiska viner med mellan 4-7 \u00e5rs lagring p\u00e5 mindre fat f\u00f6r att \u2013 genom en oxidativ lagring \u2013 ge \u00f6nskade \u00e5ldrande aromer, s\u00e5 att det f\u00e4rdiga vinet nu framst\u00e5r som moget och rundat.<\/p>\n<p>Reserve Tawny sitter bekv\u00e4mt mellan en b\u00e4ttre, traditionell tawny och en 10-\u00e5rig tawny, och besitter ungdomens charmiga t\u00e4thet och s\u00f6tma, kombinerat med \u00e5lderns milda, kr\u00e4miga fyllighet.<\/p>\n<p>Boeira Reserve Tawny presenterar sig med en ljus mahognyf\u00e4rg, doft av muscovadosocker, valn\u00f6tter, apelsin och rostade fatnoter. S\u00f6tman \u00e4r absolut n\u00e4rvarande, men balanseras av en v\u00e4l avrundad syra som ger en elegant balans. Smaken har intensitet och bra l\u00e4ngd i eftersmaken.<\/p>\n<p>Vi rekommenderar en serveringstemperatur p\u00e5 14-18\u00b0 och servering i ett vitt vinglas till vinet, s\u00e5 att du f\u00e5r den fulla doftupplevelsen. Perfekt som aperitif, till \u00e4delostar, n\u00f6tter, till n\u00f6tbaserade kakor, desserter med torkad, picklad frukt och till julkakor.<\/p>\n<p>H\u00e5ller sig n\u00e5gra veckor i \u00f6ppet tillst\u00e5nd, men det blir ofta en akademisk storlek, d\u00e5 en l\u00e4cker port som denna brukar vara borta l\u00e5ngt innan dess.<\/p>\n","protected":false},"excerpt":{"rendered":"<p>Douro Valley Port \u2013 Portugal<\/p>\n","protected":false},"featured_media":47218,"template":"","meta":{"_acf_changed":false,"rs_blank_template":"","rs_page_bg_color":"","slide_template_v7":""},"product_brand":[],"product_cat":[2765,2772,2788,4734],"product_tag":[],"class_list":{"0":"post-47197","1":"product","2":"type-product","3":"status-publish","4":"has-post-thumbnail","6":"product_cat-hedvin-sv","7":"product_cat-hamn","8":"product_cat-vin-sv","9":"product_cat-aged-tawny-sv","10":"pa_land-portugal-sv","11":"pa_procent-20-sv","12":"pa_producent-quinta-da-boeira-sv","13":"pa_region-douro-sv","14":"pa_serveringstemperatur-14-18-sv","15":"pa_volume-75-sv","17":"first","18":"instock","19":"sale","20":"taxable","21":"shipping-taxable","22":"purchasable","23":"product-type-simple"},"bundled_by":[],"bundle_stock_status":"instock","bundle_stock_quantity":null,"bundle_virtual":false,"bundle_layout":"","bundle_add_to_cart_form_location":"","bundle_editable_in_cart":false,"bundle_sold_individually_context":"","bundle_item_grouping":"","bundle_min_size":"","bundle_max_size":"","bundle_price":[],"bundled_items":[],"bundle_sell_ids":[],"acf":[],"_links":{"self":[{"href":"https:\/\/www.raschvin.com\/sv\/wp-json\/wp\/v2\/product\/47197","targetHints":{"allow":["GET"]}}],"collection":[{"href":"https:\/\/www.raschvin.com\/sv\/wp-json\/wp\/v2\/product"}],"about":[{"href":"https:\/\/www.raschvin.com\/sv\/wp-json\/wp\/v2\/types\/product"}],"wp:featuredmedia":[{"embeddable":true,"href":"https:\/\/www.raschvin.com\/sv\/wp-json\/wp\/v2\/media\/47218"}],"wp:attachment":[{"href":"https:\/\/www.raschvin.com\/sv\/wp-json\/wp\/v2\/media?parent=47197"}],"wp:term":[{"taxonomy":"product_brand","embeddable":true,"href":"https:\/\/www.raschvin.com\/sv\/wp-json\/wp\/v2\/product_brand?post=47197"},{"taxonomy":"product_cat","embeddable":true,"href":"https:\/\/www.raschvin.com\/sv\/wp-json\/wp\/v2\/product_cat?post=47197"},{"taxonomy":"product_tag","embeddable":true,"href":"https:\/\/www.raschvin.com\/sv\/wp-json\/wp\/v2\/product_tag?post=47197"}],"curies":[{"name":"wp","href":"https:\/\/api.w.org\/{rel}","templated":true}]}}