{"id":47147,"date":"2024-01-26T08:29:14","date_gmt":"2024-01-26T07:29:14","guid":{"rendered":"https:\/\/www.raschvin.com\/produkt\/ratzenberger-bacharacher-spaetburgunder-2016-trocken-75-cl\/"},"modified":"2026-02-04T14:36:14","modified_gmt":"2026-02-04T13:36:14","slug":"ratzenberger-bacharacher-spaetburgunder-2016-trocken-75-cl","status":"publish","type":"product","link":"https:\/\/www.raschvin.com\/sv\/produkt\/ratzenberger-bacharacher-spaetburgunder-2016-trocken-75-cl\/","title":{"rendered":"Ratzenberger Bacharacher Sp\u00e4tburgunder Trocken 2019 75 cl."},"content":{"rendered":"<p>Ratzenbergers sp\u00e4tburgunder \u00e4r ett livsbejakande fodral som har delikat, feminin och burgundisk frukt i kombination med saftig identitet och den d\u00e4r inslag av rustikt \u00f6rtgr\u00f6nt som \u00e4r helt r\u00e4tt. Bacharacher Sp\u00e4tburgunder \u00e4r ett komplext men f\u00f6rv\u00e5nansv\u00e4rt omedelbart och \u00e4rligt vin, d\u00e4r vinet verkar avdunsta i glaset.<\/p>\n<p>Tysk pinot noir (=sp\u00e4tburgunder) \u00e4r annars m\u00e5nga saker \u2013 allt fr\u00e5n sur, anemisk shag till gumption, barocka fatbomber fr\u00e5n &#8217;den m\u00f6rka sidan&#8217;. S\u00e5 om du har provat en s\u00e5 har du definitivt inte provat alla. Idag st\u00e5r Tyskland f\u00f6rmodligen som v\u00e4rldens mest intressanta erbjudande f\u00f6r seri\u00f6s pinot noir \u2013 potentialen \u00e4r enorm och talangpoolen likas\u00e5.<\/p>\n<p>I Mittelrheins Bacharach-dal, d\u00e4r Ratzenberger sitter p\u00e5 de b\u00e4sta tomterna, f\u00e5r druvorna gott om sol, men det svala klimatet inneb\u00e4r l\u00e5nga v\u00e4xts\u00e4songer med sena sk\u00f6rdar och tunnskalade druvor som ger ljusa men aromatiska viner.<br \/>\nD\u00e5 fatlagringen sker p\u00e5 gamla fat s\u00e5 finns det inga ekaromer i vinet \u2013 man kan bara k\u00e4nna mikrooxidationen som lagringen ger, vilket rundar av vinet och bidrar till den eteriska stilen.<\/p>\n<p>Doft och smak bjuder p\u00e5 r\u00f6da k\u00f6rsb\u00e4r, vinb\u00e4r och tranb\u00e4r med m\u00f6gel och pelargon i bakgrunden. Saftighet och fin intensitet matchas inte av fyllighet: detta vin \u00e4r en intensiv l\u00e4ttviktare som kanske inte passar alla, men f\u00f6r den v\u00e4xande skaran av kallt klimatentusiaster \u00e4r detta utm\u00e4rkt underh\u00e5llning.<\/p>\n<p>Njut av detta vin fr\u00e5n rymliga vinr\u00f6da glas, serverat n\u00e5got under rumstemperatur, vid ca. 15-16\u00b0.<\/p>\n<p>91 po\u00e4ng Falstaff<\/p>\n","protected":false},"excerpt":{"rendered":"<p>Mittelrhein &#8211; Germany<\/p>\n","protected":false},"featured_media":64041,"template":"","meta":{"_acf_changed":false,"rs_blank_template":"","rs_page_bg_color":"","slide_template_v7":""},"product_brand":[],"product_cat":[2788,2798],"product_tag":[],"class_list":{"0":"post-47147","1":"product","2":"type-product","3":"status-publish","4":"has-post-thumbnail","6":"product_cat-vin-sv","7":"product_cat-roedvin-sv","8":"pa_aargang-2018-sv","9":"pa_drue-spaetburgunder-sv","10":"pa_land-tyskland-sv","11":"pa_procent-13-5-sv","12":"pa_producent-ratzenberger-sv","13":"pa_region-mittelrhein-sv","14":"pa_serveringstemperatur-15-16-sv","15":"pa_volume-75-sv","17":"first","18":"instock","19":"taxable","20":"shipping-taxable","21":"purchasable","22":"product-type-simple"},"bundled_by":["119832"],"bundle_stock_status":"instock","bundle_stock_quantity":null,"bundle_virtual":false,"bundle_layout":"","bundle_add_to_cart_form_location":"","bundle_editable_in_cart":false,"bundle_sold_individually_context":"","bundle_item_grouping":"","bundle_min_size":"","bundle_max_size":"","bundle_price":[],"bundled_items":[],"bundle_sell_ids":[],"acf":[],"_links":{"self":[{"href":"https:\/\/www.raschvin.com\/sv\/wp-json\/wp\/v2\/product\/47147","targetHints":{"allow":["GET"]}}],"collection":[{"href":"https:\/\/www.raschvin.com\/sv\/wp-json\/wp\/v2\/product"}],"about":[{"href":"https:\/\/www.raschvin.com\/sv\/wp-json\/wp\/v2\/types\/product"}],"wp:featuredmedia":[{"embeddable":true,"href":"https:\/\/www.raschvin.com\/sv\/wp-json\/wp\/v2\/media\/64041"}],"wp:attachment":[{"href":"https:\/\/www.raschvin.com\/sv\/wp-json\/wp\/v2\/media?parent=47147"}],"wp:term":[{"taxonomy":"product_brand","embeddable":true,"href":"https:\/\/www.raschvin.com\/sv\/wp-json\/wp\/v2\/product_brand?post=47147"},{"taxonomy":"product_cat","embeddable":true,"href":"https:\/\/www.raschvin.com\/sv\/wp-json\/wp\/v2\/product_cat?post=47147"},{"taxonomy":"product_tag","embeddable":true,"href":"https:\/\/www.raschvin.com\/sv\/wp-json\/wp\/v2\/product_tag?post=47147"}],"curies":[{"name":"wp","href":"https:\/\/api.w.org\/{rel}","templated":true}]}}