{"id":47099,"date":"2024-01-25T19:38:03","date_gmt":"2024-01-25T18:38:03","guid":{"rendered":"https:\/\/www.raschvin.com\/produkt\/cardenal-mendoza-solera-gran-reserva-70-cl-40\/"},"modified":"2024-01-25T19:38:03","modified_gmt":"2024-01-25T18:38:03","slug":"cardenal-mendoza-solera-gran-reserva-70-cl-40","status":"publish","type":"product","link":"https:\/\/www.raschvin.com\/sv\/produkt\/cardenal-mendoza-solera-gran-reserva-70-cl-40\/","title":{"rendered":"Cardenal Mendoza Solera Gran Reserva 70 cl. 40%"},"content":{"rendered":"<p>Cardenal Mendoza Solera Gran Reserva \u00e4r en klassisk Sherry Brandy, lagrad i genomsnitt 15 \u00e5r p\u00e5 Oloroso och Pedro Xim\u00e9nez sherryfat. Uppt\u00e4ck den mest internationellt hyllade Brandy de Jerez sedan 1887.<\/p>\n<p>Egenskaper:<br \/>\nM\u00f6rk mahognyf\u00e4rg, ljus och transparent med kopparh\u00f6jdpunkter. N\u00e4san \u00e4r ren, elegant och rund, med inslag av sherry som har \u00e5ldrats p\u00e5 fat. Smaken \u00e4r v\u00e4lbalanserad, varm och len. Finishen \u00e4r mycket l\u00e5ng, alla subtila nyanser f\u00f6renas och l\u00e4mnar ett best\u00e5ende intryck av personlighet med inslag av russin och katrinplommon.<\/p>\n<p>Lagrat i genomsnitt 15 \u00e5r p\u00e5 Oloroso och Pedro Xim\u00e9nez Sherry-vinfat; br\u00e4nnvinsdestillation i koppardestillation<\/p>\n<p>Vintillverkare<br \/>\nS\u00e1nchez Romate Hnos. 1781 Jerez de la Frontera. I \u00e5rhundraden var staden k\u00e4nd i v\u00e4rlden f\u00f6r sina sherryviner, och i slutet av 1700-talet hade den blivit en kupa av kommersiell verksamhet tack vare den stora internationella efterfr\u00e5gan p\u00e5 dessa viner. Med n\u00e5gra av de \u00e4ldsta ving\u00e5rdarna i Spanien lockade Jerez k\u00f6pm\u00e4n fr\u00e5n n\u00e4r och fj\u00e4rran. Det var dock en spanjor, Juan S\u00e1nchez de la Torre, som grundade ving\u00e5rden &#8217;S\u00e1nchez Romate Hermanos, en av de f\u00e5 kvarvarande ving\u00e5rdarna i Jerez ursprungsbeteckning som fortfarande \u00e4r i h\u00e4nderna p\u00e5 lokala \u00e4gare &#8211; och mindre i h\u00e4nderna av familjen. Det som drev Juan S\u00e1nchez de la Torre var hans rastl\u00f6sa natur och passion f\u00f6r Jerez och dess vinarv. Med tiden v\u00e4xte ving\u00e5rden och anpassade sig till de successiva tekniska framstegen som \u00e4gde rum samtidigt som respekten f\u00f6r traditionella metoder bibeh\u00f6lls. Mer \u00e4n ett sekel efter grundandet blev ving\u00e5rden en milstolpe n\u00e4r 1887 den fj\u00e4rde generationen av familjen S\u00e1nchez Romate best\u00e4mde sig f\u00f6r att skapa en exklusiv konjak f\u00f6r sin familj och krets av n\u00e4rmaste v\u00e4nner. Detta var b\u00f6rjan p\u00e5 Cardenal Mendoza Solera Gran Reserva, f\u00f6retagets flaggskeppsvarum\u00e4rke. Idag beh\u00e5ller S\u00e1nchez Romate-viner och brandy den internationella sprit som skapats av Juan S\u00e1nchez de la Torre sj\u00e4lv, med ett fast engagemang f\u00f6r kvalitet och expansion till resten av v\u00e4rlden.<\/p>\n","protected":false},"excerpt":{"rendered":"<p>Brandy de Jerez<\/p>\n","protected":false},"featured_media":47123,"template":"","meta":{"_acf_changed":false,"rs_blank_template":"","rs_page_bg_color":"","slide_template_v7":""},"product_brand":[],"product_cat":[2387,2395,2743],"product_tag":[],"class_list":{"0":"post-47099","1":"product","2":"type-product","3":"status-publish","4":"has-post-thumbnail","6":"product_cat-avec-sv","7":"product_cat-brandy-sv","8":"product_cat-brannvin-sv","9":"pa_lagring-15-years-sv","10":"pa_land-spanien-sv","11":"pa_procent-40-sv-2","12":"pa_producent-cardenal-mendoza-sv","13":"pa_region-jerez-sv","14":"pa_serveringstemperatur-18-20-sv","15":"pa_traefad-oloroso-sv","16":"pa_traefad-pedro-ximenez-px-sv","17":"pa_volume-70-sv-2","19":"first","20":"instock","21":"sale","22":"taxable","23":"shipping-taxable","24":"purchasable","25":"product-type-simple"},"bundled_by":[],"bundle_stock_status":"instock","bundle_stock_quantity":null,"bundle_virtual":false,"bundle_layout":"","bundle_add_to_cart_form_location":"","bundle_editable_in_cart":false,"bundle_sold_individually_context":"","bundle_item_grouping":"","bundle_min_size":"","bundle_max_size":"","bundle_price":[],"bundled_items":[],"bundle_sell_ids":[],"acf":[],"_links":{"self":[{"href":"https:\/\/www.raschvin.com\/sv\/wp-json\/wp\/v2\/product\/47099","targetHints":{"allow":["GET"]}}],"collection":[{"href":"https:\/\/www.raschvin.com\/sv\/wp-json\/wp\/v2\/product"}],"about":[{"href":"https:\/\/www.raschvin.com\/sv\/wp-json\/wp\/v2\/types\/product"}],"wp:featuredmedia":[{"embeddable":true,"href":"https:\/\/www.raschvin.com\/sv\/wp-json\/wp\/v2\/media\/47123"}],"wp:attachment":[{"href":"https:\/\/www.raschvin.com\/sv\/wp-json\/wp\/v2\/media?parent=47099"}],"wp:term":[{"taxonomy":"product_brand","embeddable":true,"href":"https:\/\/www.raschvin.com\/sv\/wp-json\/wp\/v2\/product_brand?post=47099"},{"taxonomy":"product_cat","embeddable":true,"href":"https:\/\/www.raschvin.com\/sv\/wp-json\/wp\/v2\/product_cat?post=47099"},{"taxonomy":"product_tag","embeddable":true,"href":"https:\/\/www.raschvin.com\/sv\/wp-json\/wp\/v2\/product_tag?post=47099"}],"curies":[{"name":"wp","href":"https:\/\/api.w.org\/{rel}","templated":true}]}}