{"id":47093,"date":"2024-01-25T19:24:52","date_gmt":"2024-01-25T18:24:52","guid":{"rendered":"https:\/\/www.raschvin.com\/produkt\/suze-de-gentiane-70-cl-20\/"},"modified":"2024-01-25T19:24:52","modified_gmt":"2024-01-25T18:24:52","slug":"suze-de-gentiane-70-cl-20","status":"publish","type":"product","link":"https:\/\/www.raschvin.com\/sv\/produkt\/suze-de-gentiane-70-cl-20\/","title":{"rendered":"Suze de Gentiane 70 cl. 20%"},"content":{"rendered":"<p>Suze de Gentiane Liqueur \u00e4r en autentisk fransk bitterlik\u00f6r, tillverkad av den unika gentianaroten som v\u00e4xer i bergen i Schweiz och Frankrike. Gentiana, \u00e4ven k\u00e4nd som Gentiane p\u00e5 franska, \u00e4r k\u00e4nd f\u00f6r sin intensiva bitterhet och anv\u00e4nds som huvudingrediens i m\u00e5nga typer av bitter.<\/p>\n<p>Med en alkoholhalt p\u00e5 15% och en inneh\u00e5llsm\u00e4ngd p\u00e5 70 cl \u00e4r Suze de Gentiane Liqueur perfekt att njuta av ensam eller som en del av olika drinkar. Den kan ocks\u00e5 blandas med lite club soda och apelsin \u00f6ver isbitar f\u00f6r att skapa en uppfriskande och v\u00e4lsmakande cocktail.<\/p>\n<p>Oavsett om du \u00e4r en erfaren bitter\u00e4lskare eller vill utforska den unika smaken av fransk bitterlik\u00f6r, kommer Suze de Gentiane Liqueur s\u00e4kerligen att tillfredsst\u00e4lla dina smakl\u00f6kar. Best\u00e4ll din flaska idag och uppleva den autentiska smaken av Frankrike.<\/p>\n","protected":false},"excerpt":{"rendered":"<p>French Aperitif Liqueur<\/p>\n","protected":false},"featured_media":47111,"template":"","meta":{"_acf_changed":false,"rs_blank_template":"","rs_page_bg_color":"","slide_template_v7":""},"product_brand":[],"product_cat":[6191,2765,2387,4670,2390],"product_tag":[],"class_list":{"0":"post-47093","1":"product","2":"type-product","3":"status-publish","4":"has-post-thumbnail","6":"product_cat-andra-sv","7":"product_cat-hedvin-sv","8":"product_cat-avec-sv","9":"product_cat-frukt","10":"product_cat-sprit","11":"pa_land-frankrike","12":"pa_procent-20-sv","13":"pa_producent-pernod-ricard-2-sv","14":"pa_volume-70-sv-2","16":"first","17":"instock","18":"taxable","19":"shipping-taxable","20":"purchasable","21":"product-type-simple"},"bundled_by":[],"bundle_stock_status":"instock","bundle_stock_quantity":null,"bundle_virtual":false,"bundle_layout":"","bundle_add_to_cart_form_location":"","bundle_editable_in_cart":false,"bundle_sold_individually_context":"","bundle_item_grouping":"","bundle_min_size":"","bundle_max_size":"","bundle_price":[],"bundled_items":[],"bundle_sell_ids":[],"acf":[],"_links":{"self":[{"href":"https:\/\/www.raschvin.com\/sv\/wp-json\/wp\/v2\/product\/47093","targetHints":{"allow":["GET"]}}],"collection":[{"href":"https:\/\/www.raschvin.com\/sv\/wp-json\/wp\/v2\/product"}],"about":[{"href":"https:\/\/www.raschvin.com\/sv\/wp-json\/wp\/v2\/types\/product"}],"wp:featuredmedia":[{"embeddable":true,"href":"https:\/\/www.raschvin.com\/sv\/wp-json\/wp\/v2\/media\/47111"}],"wp:attachment":[{"href":"https:\/\/www.raschvin.com\/sv\/wp-json\/wp\/v2\/media?parent=47093"}],"wp:term":[{"taxonomy":"product_brand","embeddable":true,"href":"https:\/\/www.raschvin.com\/sv\/wp-json\/wp\/v2\/product_brand?post=47093"},{"taxonomy":"product_cat","embeddable":true,"href":"https:\/\/www.raschvin.com\/sv\/wp-json\/wp\/v2\/product_cat?post=47093"},{"taxonomy":"product_tag","embeddable":true,"href":"https:\/\/www.raschvin.com\/sv\/wp-json\/wp\/v2\/product_tag?post=47093"}],"curies":[{"name":"wp","href":"https:\/\/api.w.org\/{rel}","templated":true}]}}