{"id":47090,"date":"2024-01-25T19:09:57","date_gmt":"2024-01-25T18:09:57","guid":{"rendered":"https:\/\/www.raschvin.com\/produkt\/bacardi-8-years-reserva-ocho-70-cl-40\/"},"modified":"2024-01-25T19:09:57","modified_gmt":"2024-01-25T18:09:57","slug":"bacardi-8-years-reserva-ocho-70-cl-40","status":"publish","type":"product","link":"https:\/\/www.raschvin.com\/sv\/produkt\/bacardi-8-years-reserva-ocho-70-cl-40\/","title":{"rendered":"Bacardi 8 Years Reserva Ocho 70 cl. 40%"},"content":{"rendered":"<p>Bacardi Reserva Ocho, \u00e4ven k\u00e4nd som Bacardi 8, \u00e4r en premiumlagrad rom producerad av Bacardi Limited. Den \u00e4r tillverkad med en blandning av rom som har lagrats i minst \u00e5tta \u00e5r p\u00e5 ekfat.<\/p>\n<p>Bacardi Reserva Ocho \u00e4r k\u00e4nt f\u00f6r sin exceptionella kvalitet och komplexitet. Den f\u00f6rl\u00e4ngda lagringsprocessen g\u00f6r att romen kan utveckla rika smaker och aromer, vilket resulterar i en j\u00e4mn och v\u00e4lbalanserad sprit. Den visar upp Bacardis hantverk och expertis inom romproduktion.<\/p>\n<p>Smakprofilen hos Bacardi Reserva Ocho har typiskt toner av torkad frukt, karamell, vanilj och ek. Den erbjuder en lyxig och sofistikerad smakupplevelse, med en l\u00e5ng och tillfredsst\u00e4llande finish.<\/p>\n<p>Bacardi Reserva Ocho avnjutas b\u00e4st rent eller p\u00e5 klipporna f\u00f6r att till fullo uppskatta dess smaker och aromer. Den kan ocks\u00e5 anv\u00e4ndas som ett premiumval i klassiska romcocktails eller avnjutas som en sippande rom.<\/p>\n","protected":false},"excerpt":{"rendered":"<p>Rare Gold Rum<\/p>\n","protected":false},"featured_media":47120,"template":"","meta":{"_acf_changed":false,"rs_blank_template":"","rs_page_bg_color":"","slide_template_v7":""},"product_brand":[],"product_cat":[2387,6188,4634,2391],"product_tag":[],"class_list":{"0":"post-47090","1":"product","2":"type-product","3":"status-publish","4":"has-post-thumbnail","6":"product_cat-avec-sv","7":"product_cat-gold-sv","8":"product_cat-premium-aged-sv","9":"product_cat-rom-sv","10":"pa_lagring-8-years-sv","11":"pa_procent-40-sv-2","12":"pa_producent-bacardi-limited-sv","13":"pa_volume-70-sv-2","15":"first","16":"instock","17":"sale","18":"taxable","19":"shipping-taxable","20":"purchasable","21":"product-type-simple"},"bundled_by":[],"bundle_stock_status":"instock","bundle_stock_quantity":null,"bundle_virtual":false,"bundle_layout":"","bundle_add_to_cart_form_location":"","bundle_editable_in_cart":false,"bundle_sold_individually_context":"","bundle_item_grouping":"","bundle_min_size":"","bundle_max_size":"","bundle_price":[],"bundled_items":[],"bundle_sell_ids":[],"acf":[],"_links":{"self":[{"href":"https:\/\/www.raschvin.com\/sv\/wp-json\/wp\/v2\/product\/47090","targetHints":{"allow":["GET"]}}],"collection":[{"href":"https:\/\/www.raschvin.com\/sv\/wp-json\/wp\/v2\/product"}],"about":[{"href":"https:\/\/www.raschvin.com\/sv\/wp-json\/wp\/v2\/types\/product"}],"wp:featuredmedia":[{"embeddable":true,"href":"https:\/\/www.raschvin.com\/sv\/wp-json\/wp\/v2\/media\/47120"}],"wp:attachment":[{"href":"https:\/\/www.raschvin.com\/sv\/wp-json\/wp\/v2\/media?parent=47090"}],"wp:term":[{"taxonomy":"product_brand","embeddable":true,"href":"https:\/\/www.raschvin.com\/sv\/wp-json\/wp\/v2\/product_brand?post=47090"},{"taxonomy":"product_cat","embeddable":true,"href":"https:\/\/www.raschvin.com\/sv\/wp-json\/wp\/v2\/product_cat?post=47090"},{"taxonomy":"product_tag","embeddable":true,"href":"https:\/\/www.raschvin.com\/sv\/wp-json\/wp\/v2\/product_tag?post=47090"}],"curies":[{"name":"wp","href":"https:\/\/api.w.org\/{rel}","templated":true}]}}