{"id":47086,"date":"2024-01-25T18:57:26","date_gmt":"2024-01-25T17:57:26","guid":{"rendered":"https:\/\/www.raschvin.com\/produkt\/ron-miel-indias-70-cl-20\/"},"modified":"2024-01-25T18:57:26","modified_gmt":"2024-01-25T17:57:26","slug":"ron-miel-indias-70-cl-20","status":"publish","type":"product","link":"https:\/\/www.raschvin.com\/sv\/produkt\/ron-miel-indias-70-cl-20\/","title":{"rendered":"Ron Miel Indias 70 cl. 20%"},"content":{"rendered":"<p>Traditionell kanarisk produkt. Det \u00e4r en typisk kanarisk honungsrom, gjord med sprit och destillat fr\u00e5n olika ursprung.<\/p>\n<p>Med definierade egenskaper i aromen och smaken som apelsinblomshonung och r\u00f6rsocker har inkorporerats i.<\/p>\n<p>Genom att troget f\u00f6lja f\u00f6rrtidens produktionsprocess, f\u00e5 en produkt balanserad i arom och smak. Perfekt som aperitif-matsm\u00e4ltningsapparat.<\/p>\n<p>Beroende p\u00e5 tillf\u00e4lle kan den tas med en touch av gr\u00e4dde och kanel.<\/p>\n","protected":false},"excerpt":{"rendered":"<p>Elaborado En Las Islas Canarias \u2013 Honey Rum<\/p>\n","protected":false},"featured_media":47108,"template":"","meta":{"_acf_changed":false,"rs_blank_template":"","rs_page_bg_color":"","slide_template_v7":""},"product_brand":[],"product_cat":[2387,2391,4678,4639,2390],"product_tag":[],"class_list":{"0":"post-47086","1":"product","2":"type-product","3":"status-publish","4":"has-post-thumbnail","6":"product_cat-avec-sv","7":"product_cat-rom-sv","8":"product_cat-romlikor","9":"product_cat-romliqueur-sv","10":"product_cat-sprit","11":"pa_land-kanarieoearna","12":"pa_procent-20-sv","13":"pa_volume-70-sv-2","15":"first","16":"instock","17":"taxable","18":"shipping-taxable","19":"purchasable","20":"product-type-simple"},"bundled_by":[],"bundle_stock_status":"instock","bundle_stock_quantity":null,"bundle_virtual":false,"bundle_layout":"","bundle_add_to_cart_form_location":"","bundle_editable_in_cart":false,"bundle_sold_individually_context":"","bundle_item_grouping":"","bundle_min_size":"","bundle_max_size":"","bundle_price":[],"bundled_items":[],"bundle_sell_ids":[],"acf":[],"_links":{"self":[{"href":"https:\/\/www.raschvin.com\/sv\/wp-json\/wp\/v2\/product\/47086","targetHints":{"allow":["GET"]}}],"collection":[{"href":"https:\/\/www.raschvin.com\/sv\/wp-json\/wp\/v2\/product"}],"about":[{"href":"https:\/\/www.raschvin.com\/sv\/wp-json\/wp\/v2\/types\/product"}],"wp:featuredmedia":[{"embeddable":true,"href":"https:\/\/www.raschvin.com\/sv\/wp-json\/wp\/v2\/media\/47108"}],"wp:attachment":[{"href":"https:\/\/www.raschvin.com\/sv\/wp-json\/wp\/v2\/media?parent=47086"}],"wp:term":[{"taxonomy":"product_brand","embeddable":true,"href":"https:\/\/www.raschvin.com\/sv\/wp-json\/wp\/v2\/product_brand?post=47086"},{"taxonomy":"product_cat","embeddable":true,"href":"https:\/\/www.raschvin.com\/sv\/wp-json\/wp\/v2\/product_cat?post=47086"},{"taxonomy":"product_tag","embeddable":true,"href":"https:\/\/www.raschvin.com\/sv\/wp-json\/wp\/v2\/product_tag?post=47086"}],"curies":[{"name":"wp","href":"https:\/\/api.w.org\/{rel}","templated":true}]}}