{"id":47051,"date":"2024-01-25T09:16:38","date_gmt":"2024-01-25T08:16:38","guid":{"rendered":"https:\/\/www.raschvin.com\/produkt\/rowans-creek-bourbon-70-cl-501\/"},"modified":"2024-01-25T09:16:38","modified_gmt":"2024-01-25T08:16:38","slug":"rowans-creek-bourbon-70-cl-501","status":"publish","type":"product","link":"https:\/\/www.raschvin.com\/sv\/produkt\/rowans-creek-bourbon-70-cl-501\/","title":{"rendered":"Rowan&#8217;s Creek Bourbon 70 cl. 50,1%"},"content":{"rendered":"<p>En utm\u00e4rkt 50 proof small batch bourbon som \u00e4r en del av Willetts Small Batch Boutique Bourbon Collection.<\/p>\n<p>Smaknoter: B\u00f6rjar med bra kryddiga, mintiga toner &amp; n\u00e4r vatten tills\u00e4tts f\u00e5r n\u00e4san dig att vilja sl\u00e5 upp ett t\u00e4lt i skogen! Klassiska karamell- och vaniljtoner lyser p\u00e5 gommen med ljus cedertr\u00e4 och mer minttoner som dominerar avslutningen.<\/p>\n<p>&#8221;Ta med n\u00e4san till glaset och din n\u00e4sa behandlas med kola och vanilj i lager p\u00e5 \u00f6rt- och blommiga toner. Munk\u00e4nslan b\u00f6rjar oljig men avslutas torr. P\u00e5 gommen behandlas du med s\u00f6t karamell, vanilj, pudrad i blommiga toner&#8230; avslutande toner av ek och en ih\u00e5llande kryddighet.&#8221;<\/p>\n<p>Om Kentucky Bourbon Distillers<br \/>\nKentucky Bourbon Distillers \u00e4r ett familje\u00e4gt f\u00f6retag, grundat 1935. F\u00f6retaget, bel\u00e4get i utkanten av Bardstown, d\u00e4r bl.a. hittar ocks\u00e5 Heaven Hill Distillery, som fungerar som b\u00e5de ett destilleri och en oberoende buteljerare. De \u00e4r faktiskt en relativt stor oberoende buteljerare av whisky och kallas d\u00e4rf\u00f6r ocks\u00e5 ofta f\u00f6r bourbon- och r\u00e5g-tappningarnas fader. Kentucky Bourbon Distillers produkter \u00e4r i kategorin Premium\/Superpremium. De flesta av husets whisky \u00e4r vanligtvis lagrade mellan 6 och 17 \u00e5r, men vissa \u00e5ldras upp till 23 \u00e5r i ny amerikansk vit ek. Vid f\u00f6rvaring p\u00e5 sm\u00e5 nya 200-litersfat p\u00e5skyndas mognadsprocessen med ca. faktor 2,5 j\u00e4mf\u00f6rt med t.ex. Skotsk whisky (detsamma g\u00e4ller v\u00e5r rom fr\u00e5n St. Lucia). Det betyder att en bourbon som har lagrats i 10 \u00e5r i amerikansk ek motsvarar en skotsk whisky som har lagrats 2,5 g\u00e5nger l\u00e4ngre, det vill s\u00e4ga 25 \u00e5r p\u00e5 fat.<\/p>\n<p>Bourbon i v\u00e4rldsklass<br \/>\nDet finns f\u00f6r n\u00e4rvarande 14 heltidsanst\u00e4llda p\u00e5 destilleriet, varav fyra fr\u00e5n den ursprungliga familjen Willett, som dock idag heter Kulsveen. Regiss\u00f6ren Even Kulsveen, som kommer fr\u00e5n en emigrantfamilj fr\u00e5n Hamar i Norge, \u00e4r gift med Martha Willett. Marthas far var A.L. Thompson Willett, som var VD f\u00f6r f\u00f6retaget fram till 1984 och \u00e4ven har varit ordf\u00f6rande f\u00f6r Kentucky Distillers Association (alla destillerier i omr\u00e5det). Vi har agenturen p\u00e5 ett exklusivt urval av Kentucky Bourbon Distillers &#8211; b\u00e5de bourbon och r\u00e5g. F\u00f6r att kallas bourbon m\u00e5ste minst 51 % av inneh\u00e5llet vara destillerat fr\u00e5n majs \u2013 detsamma g\u00e4ller r\u00e5gwhisky (51 % r\u00e5g). Alla whisky \u00e4r s\u00e5 kallade &#8221;straights&#8221; \u2013 en beteckning som motsvarar single malt, och som ska anv\u00e4ndas n\u00e4r inneh\u00e5llet i en flaska kommer fr\u00e5n ett och samma destilleri.<\/p>\n","protected":false},"excerpt":{"rendered":"<p>Kentucky Bourbon Distilllers<\/p>\n","protected":false},"featured_media":47054,"template":"","meta":{"_acf_changed":false,"rs_blank_template":"","rs_page_bg_color":"","slide_template_v7":""},"product_brand":[],"product_cat":[4657,2387,2392],"product_tag":[],"class_list":{"0":"post-47051","1":"product","2":"type-product","3":"status-publish","4":"has-post-thumbnail","6":"product_cat-american-bourbon-sv","7":"product_cat-avec-sv","8":"product_cat-whisky-sv","9":"pa_land-usa-sv","10":"pa_procent-50-1-sv","11":"pa_producent-kentucky-bourbon-distillers-sv","12":"pa_region-kentucky-sv","13":"pa_traefad-american-oak-sv","14":"pa_volume-70-sv-2","16":"first","17":"instock","18":"taxable","19":"shipping-taxable","20":"purchasable","21":"product-type-simple"},"bundled_by":[],"bundle_stock_status":"instock","bundle_stock_quantity":null,"bundle_virtual":false,"bundle_layout":"","bundle_add_to_cart_form_location":"","bundle_editable_in_cart":false,"bundle_sold_individually_context":"","bundle_item_grouping":"","bundle_min_size":"","bundle_max_size":"","bundle_price":[],"bundled_items":[],"bundle_sell_ids":[],"acf":[],"_links":{"self":[{"href":"https:\/\/www.raschvin.com\/sv\/wp-json\/wp\/v2\/product\/47051","targetHints":{"allow":["GET"]}}],"collection":[{"href":"https:\/\/www.raschvin.com\/sv\/wp-json\/wp\/v2\/product"}],"about":[{"href":"https:\/\/www.raschvin.com\/sv\/wp-json\/wp\/v2\/types\/product"}],"wp:featuredmedia":[{"embeddable":true,"href":"https:\/\/www.raschvin.com\/sv\/wp-json\/wp\/v2\/media\/47054"}],"wp:attachment":[{"href":"https:\/\/www.raschvin.com\/sv\/wp-json\/wp\/v2\/media?parent=47051"}],"wp:term":[{"taxonomy":"product_brand","embeddable":true,"href":"https:\/\/www.raschvin.com\/sv\/wp-json\/wp\/v2\/product_brand?post=47051"},{"taxonomy":"product_cat","embeddable":true,"href":"https:\/\/www.raschvin.com\/sv\/wp-json\/wp\/v2\/product_cat?post=47051"},{"taxonomy":"product_tag","embeddable":true,"href":"https:\/\/www.raschvin.com\/sv\/wp-json\/wp\/v2\/product_tag?post=47051"}],"curies":[{"name":"wp","href":"https:\/\/api.w.org\/{rel}","templated":true}]}}