{"id":47005,"date":"2026-03-06T07:33:59","date_gmt":"2026-03-06T06:33:59","guid":{"rendered":"https:\/\/www.raschvin.com\/produkt\/campbeltown-loch-70-cl-46\/"},"modified":"2024-01-24T08:15:59","modified_gmt":"2024-01-24T07:15:59","slug":"campbeltown-loch-70-cl-46","status":"publish","type":"product","link":"https:\/\/www.raschvin.com\/sv\/produkt\/campbeltown-loch-70-cl-46\/","title":{"rendered":"Campbeltown Loch 70 cl. 46%"},"content":{"rendered":"<p>Springbank \u00e4r givetvis k\u00e4nt f\u00f6r sin single malt, men h\u00e4r tillverkas \u00e4ven prisbel\u00f6nta Campbeltown Loch: en s\u00e5 kallad &#8221;blended malt&#8221;, vilket betyder att det \u00e4r en blandning av olika singelmalt. Det \u00e4r ingen grain whisky i den, och d\u00e4rf\u00f6r \u00e4r kvaliteten ocks\u00e5 h\u00f6g. Faktum \u00e4r att 5 olika single malts fr\u00e5n stadens tre destillerier ing\u00e5r: Springbank, Longrow och Hazelburn fr\u00e5n Springbank Distillery samt Kilkerran och Glen Scotia.<\/p>\n<p>Whiskyn lagras p\u00e5 b\u00e5de bourbonfat och sherryfat och buteljeras p\u00e5 klassiska 46%. Det \u00e4r en whisky med fantastisk valuta f\u00f6r pengarna &#8211; och den har absolut massor av &#8221;Springbank-magi&#8221;<\/p>\n<p>F\u00e4rg: Amber.<br \/>\nLukt: Mycket distinkt Campbeltown-doft med toner av havsbris, kallt sm\u00f6r, brittisk julkaka och rostade n\u00f6tter. En liten touch av r\u00f6k kompletterar doften &#8211; fantastiskt!<br \/>\nSmaknoter: Kr\u00e4mig p\u00e5 tungan med toner av nyrostat kaffe, saltad kola, dadlar och farinsocker. Helt mjuk, mild r\u00f6k i eftersmaken som \u00e4r l\u00e5ng och komplex.<\/p>\n<p>Serveringsf\u00f6rslag: Njut av snyggt.<\/p>\n<p>Hos Springbank produceras 3 distinkta typer av whisky, som skiljer sig \u00e5t p\u00e5 ett antal parametrar. Den klassiska Springbank har en l\u00e4tt torvr\u00f6k. R\u00f6kniv\u00e5n anges (n\u00e5got oprecist) med ett m\u00e5tt p\u00e5 fenol i det f\u00e4rdiga m\u00e4ltade kornet och \u00e4r cirka 10-15 &#8221;parts per million&#8221; (malten torkas i 6 timmar med torvr\u00f6k och 30 timmar med varmluft). Springbank destilleras ocks\u00e5 2,5 g\u00e5nger. &#8221;Longrow&#8221; &#8211; en starkt r\u00f6kt variant gjordes f\u00f6rsta g\u00e5ngen 1973. H\u00e4r \u00e4r r\u00f6ken uppe i 50-55 ppm, malten torkas i 48 timmar med torvr\u00f6k, och den destilleras tv\u00e5 g\u00e5nger. Den nyaste varianten, Hazelburn, s\u00e5g dagens ljus 1997 n\u00e4r de f\u00f6rsta g\u00e5ngen provade helt or\u00f6kt och trippeldestillerad whisky. Av de cirka 175 000 literna som det lilla Campbeltown-destilleriet producerar per \u00e5r \u00e4r 80 % Springbank, cirka 10 % Longrow och 10 % Hazelburn.<\/p>\n<p>Oavsett vilken variant du \u00e4r ute efter \u00e4r Springbank v\u00e4rt att l\u00e4ra k\u00e4nna. Det \u00e4r favoritdestilleriet f\u00f6r m\u00e5nga whiskyn\u00f6rdar och av goda sk\u00e4l! Som det enda destilleriet i Skottland maltar de sj\u00e4lva allt korn de beh\u00f6ver. F\u00e4rg tills\u00e4tts aldrig och whiskyn \u00e4r inte kylfiltrerad.<\/p>\n","protected":false},"excerpt":{"rendered":"<p>Blended Malt Scotch Whisky<\/p>\n","protected":false},"featured_media":47018,"template":"","meta":{"_acf_changed":false,"rs_blank_template":"","rs_page_bg_color":"","slide_template_v7":""},"product_brand":[],"product_cat":[2387,4648,2392],"product_tag":[],"class_list":{"0":"post-47005","1":"product","2":"type-product","3":"status-publish","4":"has-post-thumbnail","6":"product_cat-avec-sv","7":"product_cat-blended-malt","8":"product_cat-whisky-sv","9":"pa_land-skottland","10":"pa_procent-46-sv","11":"pa_region-campbeltown-sv","12":"pa_traefad-bourbon-sv","13":"pa_traefad-sherry-sv","14":"pa_volume-70-sv-2","16":"first","17":"instock","18":"taxable","19":"shipping-taxable","20":"purchasable","21":"product-type-simple"},"bundled_by":[],"bundle_stock_status":"instock","bundle_stock_quantity":null,"bundle_virtual":false,"bundle_layout":"","bundle_add_to_cart_form_location":"","bundle_editable_in_cart":false,"bundle_sold_individually_context":"","bundle_item_grouping":"","bundle_min_size":"","bundle_max_size":"","bundle_price":[],"bundled_items":[],"bundle_sell_ids":[],"acf":[],"_links":{"self":[{"href":"https:\/\/www.raschvin.com\/sv\/wp-json\/wp\/v2\/product\/47005","targetHints":{"allow":["GET"]}}],"collection":[{"href":"https:\/\/www.raschvin.com\/sv\/wp-json\/wp\/v2\/product"}],"about":[{"href":"https:\/\/www.raschvin.com\/sv\/wp-json\/wp\/v2\/types\/product"}],"wp:featuredmedia":[{"embeddable":true,"href":"https:\/\/www.raschvin.com\/sv\/wp-json\/wp\/v2\/media\/47018"}],"wp:attachment":[{"href":"https:\/\/www.raschvin.com\/sv\/wp-json\/wp\/v2\/media?parent=47005"}],"wp:term":[{"taxonomy":"product_brand","embeddable":true,"href":"https:\/\/www.raschvin.com\/sv\/wp-json\/wp\/v2\/product_brand?post=47005"},{"taxonomy":"product_cat","embeddable":true,"href":"https:\/\/www.raschvin.com\/sv\/wp-json\/wp\/v2\/product_cat?post=47005"},{"taxonomy":"product_tag","embeddable":true,"href":"https:\/\/www.raschvin.com\/sv\/wp-json\/wp\/v2\/product_tag?post=47005"}],"curies":[{"name":"wp","href":"https:\/\/api.w.org\/{rel}","templated":true}]}}