{"id":46957,"date":"2024-01-23T08:30:38","date_gmt":"2024-01-23T07:30:38","guid":{"rendered":"https:\/\/www.raschvin.com\/produkt\/marthas-decanter-10-years-tawny-port-glass-50-cl\/"},"modified":"2024-01-23T08:30:38","modified_gmt":"2024-01-23T07:30:38","slug":"marthas-decanter-10-years-tawny-port-glass-50-cl","status":"publish","type":"product","link":"https:\/\/www.raschvin.com\/sv\/produkt\/marthas-decanter-10-years-tawny-port-glass-50-cl\/","title":{"rendered":"Martha\u2019s Decanter 10 Years Tawny Port + Glass 50 cl."},"content":{"rendered":"<p>Marthas 10-\u00e5riga Tawny \u00e4r en formidabel port, mognad p\u00e5 ekfat.<\/p>\n<p>Vinet ligger p\u00e5 19%. En blandning av 6 olika druvor; Touriga Nacional, Touriga Franca, Tinta Barroca, Tinto C\u00e3o, Tinta Amarela och Tinta Roriz. Med sin djupa klassiska tawny f\u00e4rg och komplexa smaker av n\u00f6tter och rostade aromer, slutar upplevelsen i en rik kvardr\u00f6jande, h\u00e4rlig finish.<\/p>\n<p>Martha&#8217;s Wine &#038; Spirits grundades 1727, i Dourodalen i Portugal, av Martas familj med sin f\u00f6rsta ving\u00e5rd. I b\u00f6rjan tillverkade familjen Marta bara druvor som s\u00e5ldes till andra vinproducenter, men f\u00f6r sex generationer sedan startade de sj\u00e4lva portvinsproduktionen. Allt fr\u00e5n sk\u00f6rd, produktion, tappning och kommersialisering ansvarar de f\u00f6r sj\u00e4lva, de \u00e4r vad man kan kalla ett f\u00e4lt till flaskf\u00f6retag.<\/p>\n<p>Idag har de ett brett utbud av framf\u00f6rallt portvin, men \u00e4ven moscatel finns i deras sortiment. Det finns utan tvekan ett portvin f\u00f6r alla i Marthas-serien.<\/p>\n<p>Doft<\/p>\n<p>Doft av n\u00f6tter, s\u00f6tma<\/p>\n<p>Smak<\/p>\n<p>Fyllig, balanserad. Framst\u00e5ende alkohol<\/p>\n<p>Eftersmak<\/p>\n<p>Fullst\u00e4ndigt kvardr\u00f6jande h\u00e4rlig finish<\/p>\n<p>Kommentar<\/p>\n<p>Vacker, djupr\u00f6d f\u00e4rg &#8211; Perfekt f\u00f6r tyngre desserter.<\/p>\n<p>Kommentar<\/p>\n<p>Serveras l\u00e4tt kyld, \u00e4r perfekt f\u00f6r sig eller i kombination med portugisisk omelett, n\u00f6tt\u00e5rta eller alla sorters &#8221;rika&#8221; desserter.<\/p>\n","protected":false},"excerpt":{"rendered":"<p>Douro Valley Port<\/p>\n","protected":false},"featured_media":46972,"template":"","meta":{"_acf_changed":false,"rs_blank_template":"","rs_page_bg_color":"","slide_template_v7":""},"product_brand":[],"product_cat":[2765,2772,4734],"product_tag":[],"class_list":{"0":"post-46957","1":"product","2":"type-product","3":"status-publish","4":"has-post-thumbnail","6":"product_cat-hedvin-sv","7":"product_cat-hamn","8":"product_cat-aged-tawny-sv","9":"pa_drue-tinta-amarela-sv","10":"pa_drue-tinta-barroca-sv","11":"pa_drue-tinta-roriz-sv","12":"pa_drue-touriga-franca-sv","13":"pa_drue-touriga-nacional-sv","14":"pa_drue-tinta-cao-sv","15":"pa_lagring-10-years-sv","16":"pa_land-portugal-sv","17":"pa_procent-19-sv","18":"pa_producent-marthas-sv","19":"pa_region-douro-sv","20":"pa_serveringstemperatur-18-sv","21":"pa_volume-50-sv","23":"first","24":"instock","25":"sale","26":"taxable","27":"shipping-taxable","28":"purchasable","29":"product-type-simple"},"bundled_by":[],"bundle_stock_status":"instock","bundle_stock_quantity":null,"bundle_virtual":false,"bundle_layout":"","bundle_add_to_cart_form_location":"","bundle_editable_in_cart":false,"bundle_sold_individually_context":"","bundle_item_grouping":"","bundle_min_size":"","bundle_max_size":"","bundle_price":[],"bundled_items":[],"bundle_sell_ids":[],"acf":[],"_links":{"self":[{"href":"https:\/\/www.raschvin.com\/sv\/wp-json\/wp\/v2\/product\/46957","targetHints":{"allow":["GET"]}}],"collection":[{"href":"https:\/\/www.raschvin.com\/sv\/wp-json\/wp\/v2\/product"}],"about":[{"href":"https:\/\/www.raschvin.com\/sv\/wp-json\/wp\/v2\/types\/product"}],"wp:featuredmedia":[{"embeddable":true,"href":"https:\/\/www.raschvin.com\/sv\/wp-json\/wp\/v2\/media\/46972"}],"wp:attachment":[{"href":"https:\/\/www.raschvin.com\/sv\/wp-json\/wp\/v2\/media?parent=46957"}],"wp:term":[{"taxonomy":"product_brand","embeddable":true,"href":"https:\/\/www.raschvin.com\/sv\/wp-json\/wp\/v2\/product_brand?post=46957"},{"taxonomy":"product_cat","embeddable":true,"href":"https:\/\/www.raschvin.com\/sv\/wp-json\/wp\/v2\/product_cat?post=46957"},{"taxonomy":"product_tag","embeddable":true,"href":"https:\/\/www.raschvin.com\/sv\/wp-json\/wp\/v2\/product_tag?post=46957"}],"curies":[{"name":"wp","href":"https:\/\/api.w.org\/{rel}","templated":true}]}}