{"id":46950,"date":"2024-01-23T08:08:02","date_gmt":"2024-01-23T07:08:02","guid":{"rendered":"https:\/\/www.raschvin.com\/produkt\/borges-porto-vintage-port-2003-75-cl\/"},"modified":"2024-01-23T08:08:02","modified_gmt":"2024-01-23T07:08:02","slug":"borges-porto-vintage-port-2003-75-cl","status":"publish","type":"product","link":"https:\/\/www.raschvin.com\/sv\/produkt\/borges-porto-vintage-port-2003-75-cl\/","title":{"rendered":"Borges Porto \u2013 Vintage Port 2003 75 cl."},"content":{"rendered":"<p>Sedan 1884 har Borges antagit utmaningen att producera exceptionella viner. Adeln i denna vintage g\u00e5r tillbaka till 1904, n\u00e4r grundarna av Borges f\u00f6rv\u00e4rvade Quinta da Soalheira.<\/p>\n<p>Region | Douro avgr\u00e4nsad region<br \/>\nDruvsorter | Touriga-nacional, Touriga-Franca och Sous\u00e3o.<\/p>\n<p>Smakanteckningar<\/p>\n<p>Utseende | Intensiv, m\u00f6rk rubinf\u00e4rgad f\u00e4rg.<br \/>\nArom | Mycket intensiv, ung och fr\u00e4sch doft, k\u00e4nnetecknad av toner av eukalyptus och mynta, med nyanser av moget svart plommon, som avsl\u00f6jar ett \u00e5r av full mognad.<br \/>\nSmaka | Fylligt vin med utm\u00e4rkt volym, framh\u00e4vt av fasta och milda tanniner som g\u00f6r det smidigt i munnen. Detta vin har en utm\u00e4rkt balans mellan s\u00f6tma och syra, med en smak som perfekt f\u00f6rmedlar de aromatiska sensationerna f\u00f6rl\u00e4ngda i en mycket ih\u00e5llande finish.<\/p>\n<p>Ytterligare information | Finns i en 750 ml flaska.<\/p>\n","protected":false},"excerpt":{"rendered":"<p>Dour Valley Portwine Portugal<\/p>\n","protected":false},"featured_media":46966,"template":"","meta":{"_acf_changed":false,"rs_blank_template":"","rs_page_bg_color":"","slide_template_v7":""},"product_brand":[],"product_cat":[2765,2772,4749],"product_tag":[],"class_list":{"0":"post-46950","1":"product","2":"type-product","3":"status-publish","4":"has-post-thumbnail","6":"product_cat-hedvin-sv","7":"product_cat-hamn","8":"product_cat-vintage-port-sv","9":"pa_drue-sousao-sv","10":"pa_drue-touriga-franca-sv","11":"pa_drue-touriga-nacional-sv","12":"pa_land-portugal-sv","13":"pa_procent-20-sv","14":"pa_producent-borges-port-sv","15":"pa_region-douro-sv","16":"pa_serveringstemperatur-16-18-sv","17":"pa_vintage-2003-sv","18":"pa_volume-75-sv","20":"first","21":"instock","22":"sale","23":"taxable","24":"shipping-taxable","25":"purchasable","26":"product-type-simple"},"bundled_by":[],"bundle_stock_status":"instock","bundle_stock_quantity":null,"bundle_virtual":false,"bundle_layout":"","bundle_add_to_cart_form_location":"","bundle_editable_in_cart":false,"bundle_sold_individually_context":"","bundle_item_grouping":"","bundle_min_size":"","bundle_max_size":"","bundle_price":[],"bundled_items":[],"bundle_sell_ids":[],"acf":[],"_links":{"self":[{"href":"https:\/\/www.raschvin.com\/sv\/wp-json\/wp\/v2\/product\/46950","targetHints":{"allow":["GET"]}}],"collection":[{"href":"https:\/\/www.raschvin.com\/sv\/wp-json\/wp\/v2\/product"}],"about":[{"href":"https:\/\/www.raschvin.com\/sv\/wp-json\/wp\/v2\/types\/product"}],"wp:featuredmedia":[{"embeddable":true,"href":"https:\/\/www.raschvin.com\/sv\/wp-json\/wp\/v2\/media\/46966"}],"wp:attachment":[{"href":"https:\/\/www.raschvin.com\/sv\/wp-json\/wp\/v2\/media?parent=46950"}],"wp:term":[{"taxonomy":"product_brand","embeddable":true,"href":"https:\/\/www.raschvin.com\/sv\/wp-json\/wp\/v2\/product_brand?post=46950"},{"taxonomy":"product_cat","embeddable":true,"href":"https:\/\/www.raschvin.com\/sv\/wp-json\/wp\/v2\/product_cat?post=46950"},{"taxonomy":"product_tag","embeddable":true,"href":"https:\/\/www.raschvin.com\/sv\/wp-json\/wp\/v2\/product_tag?post=46950"}],"curies":[{"name":"wp","href":"https:\/\/api.w.org\/{rel}","templated":true}]}}