{"id":46910,"date":"2024-01-22T08:32:08","date_gmt":"2024-01-22T07:32:08","guid":{"rendered":"https:\/\/www.raschvin.com\/produkt\/borges-porto-reserve-port-wooden-case-giftpack-4x5-cl-19\/"},"modified":"2024-01-22T08:32:08","modified_gmt":"2024-01-22T07:32:08","slug":"borges-porto-reserve-port-wooden-case-giftpack-4x5-cl-19","status":"publish","type":"product","link":"https:\/\/www.raschvin.com\/sv\/produkt\/borges-porto-reserve-port-wooden-case-giftpack-4x5-cl-19\/","title":{"rendered":"Borges Porto \u2013 Reserve Port Wooden Case Giftpack 4&#215;5 cl. 19%"},"content":{"rendered":"<p>Fin presentask i tr\u00e4 som presenterar Borges Portos standardportf\u00f6lj<\/p>\n<p>Borges White Reserva<br \/>\nIntensiv profil som kombinerar fr\u00e4sch\u00f6r med effekten av \u00e5ldrande. En blandning av portviner<br \/>\n\u00e4r ca 6 \u00e5r gamla.<\/p>\n<p>Borges Reserve White \u00e4r gjord av Malvasia-Fina, Gouveio, Rab igato och Viosinho.<\/p>\n<p>Arom: Intensiva aromer, d\u00e4r \u00e5ldrandet understryker n\u00e4rvaron av honung och cederharts<br \/>\nSmak: Mycket volumin\u00f6s i munnen. En perfekt balans mellan syra och s\u00f6tma.<br \/>\nEftersmak: Kommer den karakteristiska smaken av honung och hasseln\u00f6tter som \u00e4r s\u00e5 vanlig f\u00f6r en port av denna \u00e5lder<br \/>\nKommentar: Serveras mellan 8-12 grader som aperitif eller med torkad frukt och godis med citrus<br \/>\nBorges Tawny Reserva<\/p>\n<p>Profilen kombinerar friskhet med komplexitet som kommer fr\u00e5n vinets lagring. En blandning av portviner som \u00e4r runt 7 till 8 \u00e5r gamla.<\/p>\n<p>Borges Reserve Tawny \u00e4r gjord av Touriga-Franca, Touriga-Nacional, Tinta-Barroca, Tinto-C\u00e5o och Tinta-Rkoriz.<\/p>\n<p>Doft: Mogna aromer, som honung och sylt<br \/>\nSmak: Mjuk k\u00e4nsla och smak av sylt och marmelad. Avslutet i munnen avsl\u00f6jar effekten av \u00e5ldrande p\u00e5 vinet. Balansen mellan syra och s\u00f6tma ger en ih\u00e5llande och behaglig finish<br \/>\nKommentar: Serveras b\u00e4st mellan 14-16 grader som aperitif. Perfekt f\u00f6r godis gjorda av \u00e4gg eller torkad frukt. Gott till ostar och foie gras. Till mat anv\u00e4nds den n\u00e4r fet fisk serveras<br \/>\nBorges Ruby Reserva<\/p>\n<p>Fruktig, fr\u00e4sch och intensiv profil, med viss komplexitet. En blandning av portviner med en medel\u00e5lder p\u00e5 3 \u00e5r.<\/p>\n<p>Borges Reserve Ruby \u00e4r gjord av Touriga-Franca, Touriga-Nacional, Tinta-Barroca, Tinto-C\u00e1o och Tinta-Rkoriz.<\/p>\n<p>Arom: Ett ungt och fr\u00e4scht vin med toner av svarta frukter som bj\u00f6rnb\u00e4r, pepparmynta och eukalyptus<br \/>\nSmak: Mjuka tanniner i munnen ger vinet struktur och en ung smak som bekr\u00e4ftar den intensiva n\u00e4rvaron av bj\u00f6rnb\u00e4r och f\u00e4rsk pepparmynta. Vinet har en v\u00e4lbalanserad syra<br \/>\nKommentar: Serveras mellan 16-18 grader med alla sorters ost, chokladdesserter och r\u00f6da frukter. Perfekt f\u00f6r kryddigt och grillat k\u00f6tt\/\u00e5l<\/p>\n<p>Borges Soalheira 10 \u00e5r Vit<\/p>\n<p>Doft: Komplex arom, torkad frukt, hasseln\u00f6t, mandel, curry.<br \/>\nSmak: Bra syra men balanserad av s\u00f6tma, frukt, n\u00f6tter igen, curry.<br \/>\nKommentar: Avnjuts som aperitif, tillsammans med n\u00f6tter, citrusgodis. F\u00f6rr\u00e4tter med lax eller sushi.<\/p>\n","protected":false},"excerpt":{"rendered":"<p>Dour Valley Portwine Portugal<\/p>\n","protected":false},"featured_media":46922,"template":"","meta":{"_acf_changed":false,"rs_blank_template":"","rs_page_bg_color":"","slide_template_v7":""},"product_brand":[],"product_cat":[4734,2765,4731,2772,4725,4728],"product_tag":[],"class_list":{"0":"post-46910","1":"product","2":"type-product","3":"status-publish","4":"has-post-thumbnail","6":"product_cat-aged-tawny-sv","7":"product_cat-hedvin-sv","8":"product_cat-fine-tawny-sv","9":"product_cat-hamn","10":"product_cat-ruby-reserve-sv","11":"product_cat-white-port-sv","12":"pa_land-portugal-sv","13":"pa_procent-19-sv","14":"pa_producent-borges-port-sv","15":"pa_region-douro-sv","16":"pa_volume-20-sv","18":"first","19":"instock","20":"sale","21":"taxable","22":"shipping-taxable","23":"purchasable","24":"product-type-simple"},"bundled_by":[],"bundle_stock_status":"instock","bundle_stock_quantity":null,"bundle_virtual":false,"bundle_layout":"","bundle_add_to_cart_form_location":"","bundle_editable_in_cart":false,"bundle_sold_individually_context":"","bundle_item_grouping":"","bundle_min_size":"","bundle_max_size":"","bundle_price":[],"bundled_items":[],"bundle_sell_ids":[],"acf":[],"_links":{"self":[{"href":"https:\/\/www.raschvin.com\/sv\/wp-json\/wp\/v2\/product\/46910","targetHints":{"allow":["GET"]}}],"collection":[{"href":"https:\/\/www.raschvin.com\/sv\/wp-json\/wp\/v2\/product"}],"about":[{"href":"https:\/\/www.raschvin.com\/sv\/wp-json\/wp\/v2\/types\/product"}],"wp:featuredmedia":[{"embeddable":true,"href":"https:\/\/www.raschvin.com\/sv\/wp-json\/wp\/v2\/media\/46922"}],"wp:attachment":[{"href":"https:\/\/www.raschvin.com\/sv\/wp-json\/wp\/v2\/media?parent=46910"}],"wp:term":[{"taxonomy":"product_brand","embeddable":true,"href":"https:\/\/www.raschvin.com\/sv\/wp-json\/wp\/v2\/product_brand?post=46910"},{"taxonomy":"product_cat","embeddable":true,"href":"https:\/\/www.raschvin.com\/sv\/wp-json\/wp\/v2\/product_cat?post=46910"},{"taxonomy":"product_tag","embeddable":true,"href":"https:\/\/www.raschvin.com\/sv\/wp-json\/wp\/v2\/product_tag?post=46910"}],"curies":[{"name":"wp","href":"https:\/\/api.w.org\/{rel}","templated":true}]}}