{"id":46907,"date":"2024-01-22T08:19:42","date_gmt":"2024-01-22T07:19:42","guid":{"rendered":"https:\/\/www.raschvin.com\/produkt\/sazerac-rye-70-cl-45\/"},"modified":"2024-01-22T08:19:42","modified_gmt":"2024-01-22T07:19:42","slug":"sazerac-rye-70-cl-45","status":"publish","type":"product","link":"https:\/\/www.raschvin.com\/sv\/produkt\/sazerac-rye-70-cl-45\/","title":{"rendered":"Sazerac Rye 70 cl. 45%"},"content":{"rendered":"<p>Sazerac Rye Whisky \u2013 The One and Only Original fr\u00e5n New Orleans<\/p>\n<p>Sazerac Rye Whisky, symbolen f\u00f6r New Orleans tradition och historia.<\/p>\n<p>Rye Whisky som kan dateras tillbaka till 1800-talet. Runt den tiden v\u00e4xte salonger, f\u00f6rkl\u00e4dda till kaf\u00e9er, upp p\u00e5 gatorna i New Orleans.<\/p>\n<p>Det var p\u00e5 Sazerac Coffee House p\u00e5 Royal Street, d\u00e4r den lokala \u00f6verklassen serverades &#8221;toddies&#8221; gjorda p\u00e5 Rye Whisky och Peychaud&#8217;s Bitters. Blanddrycken blev k\u00e4nd som &#8221;Sazerac&#8221; \u2013 USA:s f\u00f6rsta cocktail f\u00f6ddes, och det h\u00e4r \u00e4r whiskyn som startade allt.<\/p>\n<p>Doft<\/p>\n<p>Dofter av kryddnejlika, vanilj, anis, citrus och peppar<\/p>\n<p>Smak<\/p>\n<p>Subtila toner av kryddor och citrus. Bitter apelsin, m\u00f6rk choklad och svart te<\/p>\n<p>Eftersmak<\/p>\n<p>Den stora finishen \u00e4r sl\u00e4t med inslag av lakrits och en pepprig nyans. Sammetslen k\u00e4nsla, trots den snabba alkoholen<\/p>\n<p>Kommentar<\/p>\n<p>&#8221;Var som helst krispigare och glaset skulle krossas &#8230; en s\u00e4llsynt och v\u00e4rdefull p\u00e4rla!&#8221; \u2013 Jim Murray<\/p>\n<p>\u00c5r 1838 bj\u00f6d Antoine Amedie Peychaud, en apotekares \u00e4gare i New Orleans, p\u00e5 sina v\u00e4nner med brandy toddies av hans eget recept, inklusive hans &#8221;Peychaud&#8217;s Bitters&#8221;, gjord p\u00e5 ett hemligt familjerecept. Toddies gjordes med hj\u00e4lp av en \u00e4ggkopp som m\u00e5ttkopp, en jigger som blev k\u00e4nd som en &#8221;coquetier&#8221; (uttalas &#8221;ko-k-tay&#8221;) som blev &#8221;cocktailen&#8221;!<\/p>\n<p>1850 var Sazerac Cocktail \u2013 franskt Sazerac brandy och Peychaud&#8217;s Bitters, enormt popul\u00e4r och blev den f\u00f6rsta &#8221;m\u00e4rkta&#8221; cocktailen.<\/p>\n<p>1873 \u00e4ndrades receptet p\u00e5 Sazerac Cocktail. French Brandy ersattes med American Rye whisky och en touch av absint tillsattes.<\/p>\n<p>1933 buteljerades Sazerac Cocktail och marknadsf\u00f6rdes av Sazerac Company i New Orleans. Samma \u00e5r, &#8221;Herbsaint&#8221;, gjordes en pastis enligt franskt recept. &#8221;Herbsaint&#8221; fick sitt namn efter New Orleans term f\u00f6r mal\u00f6rt &#8211; &#8221;Herb Sainte.&#8221;<\/p>\n<p>1940 \u00e4ndrades det officiella Sazerac Cocktail-receptet f\u00f6r att anv\u00e4nda Herbsaint som absint.<\/p>\n<p>Slutligen, \u00e5r 2000, modifierades det officiella Sazerac Cocktail-receptet f\u00f6r att anv\u00e4nda Sazerac Kentucky Straight Rye Whisky.<\/p>\n<p>Den officiella Sazerac-cocktailen<\/p>\n<p>1 sockerbit<br \/>\n45 ml Sazerac Rye Whisky<br \/>\n6 ml Herbsaint<br \/>\n3 droppar Peychaud&#8217;s Bitters<br \/>\nCitronskal<br \/>\nFyll ett glas med is. L\u00e4gg sockerbiten i ett annat glas och tills\u00e4tt Peychaud&#8217;s Bitters. Krossa sedan sockerbiten. Tills\u00e4tt Sazerac Rye Whisky i glaset som inneh\u00e5ller Peychaud&#8217;s Bitters och socker. T\u00f6m isen fr\u00e5n det f\u00f6rsta glaset och bestryk det glaset med Herbsaint. Kasta sedan resterande Herbsaint. H\u00e4ll whisky, bitter och sockerblandningen i det andra glaset och garnera med citronskal.<\/p>\n","protected":false},"excerpt":{"rendered":"<p> Kentucky Straight Rye Whiskey<\/p>\n","protected":false},"featured_media":46925,"template":"","meta":{"_acf_changed":false,"rs_blank_template":"","rs_page_bg_color":"","slide_template_v7":""},"product_brand":[],"product_cat":[4657,2387,2392],"product_tag":[],"class_list":{"0":"post-46907","1":"product","2":"type-product","3":"status-publish","4":"has-post-thumbnail","6":"product_cat-american-whiskey","7":"product_cat-avec-sv","8":"product_cat-whisky-sv","9":"pa_land-usa-sv","10":"pa_procent-45-sv","11":"pa_producent-buffalo-trace-sv","12":"pa_region-kentucky-sv","13":"pa_volume-70-sv-2","15":"first","16":"instock","17":"sale","18":"taxable","19":"shipping-taxable","20":"purchasable","21":"product-type-simple"},"bundled_by":[],"bundle_stock_status":"instock","bundle_stock_quantity":null,"bundle_virtual":false,"bundle_layout":"","bundle_add_to_cart_form_location":"","bundle_editable_in_cart":false,"bundle_sold_individually_context":"","bundle_item_grouping":"","bundle_min_size":"","bundle_max_size":"","bundle_price":[],"bundled_items":[],"bundle_sell_ids":[],"acf":[],"_links":{"self":[{"href":"https:\/\/www.raschvin.com\/sv\/wp-json\/wp\/v2\/product\/46907","targetHints":{"allow":["GET"]}}],"collection":[{"href":"https:\/\/www.raschvin.com\/sv\/wp-json\/wp\/v2\/product"}],"about":[{"href":"https:\/\/www.raschvin.com\/sv\/wp-json\/wp\/v2\/types\/product"}],"wp:featuredmedia":[{"embeddable":true,"href":"https:\/\/www.raschvin.com\/sv\/wp-json\/wp\/v2\/media\/46925"}],"wp:attachment":[{"href":"https:\/\/www.raschvin.com\/sv\/wp-json\/wp\/v2\/media?parent=46907"}],"wp:term":[{"taxonomy":"product_brand","embeddable":true,"href":"https:\/\/www.raschvin.com\/sv\/wp-json\/wp\/v2\/product_brand?post=46907"},{"taxonomy":"product_cat","embeddable":true,"href":"https:\/\/www.raschvin.com\/sv\/wp-json\/wp\/v2\/product_cat?post=46907"},{"taxonomy":"product_tag","embeddable":true,"href":"https:\/\/www.raschvin.com\/sv\/wp-json\/wp\/v2\/product_tag?post=46907"}],"curies":[{"name":"wp","href":"https:\/\/api.w.org\/{rel}","templated":true}]}}