{"id":46903,"date":"2024-01-22T08:09:54","date_gmt":"2024-01-22T07:09:54","guid":{"rendered":"https:\/\/www.raschvin.com\/produkt\/pussers-rum-gunpowder-proof-spiced-70-cl-545\/"},"modified":"2024-01-22T08:09:54","modified_gmt":"2024-01-22T07:09:54","slug":"pussers-rum-gunpowder-proof-spiced-70-cl-545","status":"publish","type":"product","link":"https:\/\/www.raschvin.com\/sv\/produkt\/pussers-rum-gunpowder-proof-spiced-70-cl-545\/","title":{"rendered":"Pusser\u2019s Rum \u2013 Gunpowder Proof Spiced 70 cl. 54,5%"},"content":{"rendered":"<p>Pusser&#8217;s &#8217;Gunpowder Proof&#8217; Spiced \u00e4r en s\u00e4rskilt fyllig kryddad rom, gjord p\u00e5 rom mognad p\u00e5 f\u00f6rkolnade bourbonfat i ek och kombinerat med ett urval av salta ingredienser inklusive banan, kanel, choklad, ingef\u00e4ra och vanilj. Liksom sitt Black Label-uttryck har denna rom buteljerats upp till 54,5 % ABV, vilket ger en robust smakprofil som s\u00e4kerligen sticker ut i blandade drinkar och cocktails. Stora portioner kanel och ingef\u00e4ra p\u00e5 framsidan, mjukas snabbt av lager av choklad\u00f6verdragen banan och vaniljglass med kolas\u00e5s. En rikedom av torkad \u00f6ring utvecklas senare, plus inslag av pekann\u00f6t, valn\u00f6t och mogen frukt.<\/p>\n<p>Pusser&#8217;s Gunpowder Proof Spiced 70cl \u00e4r en l\u00e4cker rom som f\u00e5ngar essensen av Karibien i varje klunk. Tillverkad av Pusser&#8217;s, ett v\u00e4lk\u00e4nt varum\u00e4rke med en rik historia som g\u00e5r tillbaka till den brittiska kungliga flottans dagar, denna kryddade rom \u00e4r ett sant bevis p\u00e5 deras expertis i att tillverka exceptionella spritdrycker.<\/p>\n<p>Ursprung och produktion<\/p>\n<p>Pusser&#8217;s Gunpowder Proof Spiced 70cl tillverkas p\u00e5 Brittiska Jungfru\u00f6arna, ett tropiskt paradis k\u00e4nt f\u00f6r sina or\u00f6rda str\u00e4nder och kristallklara vatten. Bel\u00e4get p\u00e5 \u00f6n Tortola, anv\u00e4nder destilleriet regionens rikliga sockerr\u00f6rsgr\u00f6dor f\u00f6r att skapa en rom som f\u00f6rkroppsligar de karibiska smakerna och aromerna.<\/p>\n<p>Smak och arom<\/p>\n<p>Smakm\u00e4ssigt erbjuder Pusser&#8217;s Gunpowder Proof Spiced 70cl en harmonisk blandning av kryddor som lockar gommen. Den har toner av vanilj, kanel, muskotn\u00f6t och ingef\u00e4ra, vilket skapar en varm och inbjudande smakprofil. Denna balanserade kombination g\u00f6r den perfekt att njuta av snyggt eller f\u00f6r att ge djup till dina favoritcocktails.<\/p>\n<p>Doften av Pussers Gunpowder Proof Spiced 70cl \u00e4r lika f\u00f6rf\u00f6risk. N\u00e4r du h\u00f6jer glaset till n\u00e4san m\u00f6ts du av en berusande bukett \u00f6rter och tropiska frukter. Doften frammanar bilder av exotiska \u00f6ar och soliga str\u00e4nder, vilket banar v\u00e4g f\u00f6r en riktigt njutbar dryckesupplevelse.<\/p>\n<p>Roliga fakta<\/p>\n<p>Kul fakta: Pusser&#8217;s Gunpowder Proof Spiced 70cl hyllar den historiska traditionen att ge dagliga romransoner till Royal Navy-seglare. Dessa ransoner kallades k\u00e4rleksfullt &#8221;Pusser&#8217;s&#8221; och v\u00e4rderades h\u00f6gt av sj\u00f6m\u00e4n f\u00f6r deras f\u00f6rm\u00e5ga att \u00f6ka moralen under l\u00e5nga sj\u00f6resor.<\/p>\n<p>Tillverkningsprocess<\/p>\n<p>Produktionsprocessen bakom Pussers Gunpowder Proof Spiced 70cl \u00e4r ett k\u00e4rleksarbete. Rommen \u00e4r noggrant gjord med traditionella metoder, inklusive anv\u00e4ndning av kopparpotstills och ekfat f\u00f6r mognad. Detta noggranna tillv\u00e4gag\u00e5ngss\u00e4tt s\u00e4kerst\u00e4ller att varje flaska levererar den anm\u00e4rkningsv\u00e4rda kvalitet och s\u00e4rart som Pusser&#8217;s \u00e4r k\u00e4nt f\u00f6r.<\/p>\n","protected":false},"excerpt":{"rendered":"<p>Original Admiralty Rum \u2013 Product of Guyana<\/p>\n","protected":false},"featured_media":46913,"template":"","meta":{"_acf_changed":false,"rs_blank_template":"","rs_page_bg_color":"","slide_template_v7":""},"product_brand":[],"product_cat":[2387,4634,2391,4631],"product_tag":[],"class_list":{"0":"post-46903","1":"product","2":"type-product","3":"status-publish","4":"has-post-thumbnail","6":"product_cat-avec-sv","7":"product_cat-premium-aged-sv","8":"product_cat-rom-sv","9":"product_cat-spiced-sv","10":"pa_land-guyana-sv","11":"pa_procent-54-5-sv","12":"pa_producent-pussers-rum-ltd-sv","13":"pa_volume-70-sv-2","15":"first","16":"instock","17":"taxable","18":"shipping-taxable","19":"purchasable","20":"product-type-simple"},"bundled_by":[],"bundle_stock_status":"instock","bundle_stock_quantity":null,"bundle_virtual":false,"bundle_layout":"","bundle_add_to_cart_form_location":"","bundle_editable_in_cart":false,"bundle_sold_individually_context":"","bundle_item_grouping":"","bundle_min_size":"","bundle_max_size":"","bundle_price":[],"bundled_items":[],"bundle_sell_ids":[],"acf":[],"_links":{"self":[{"href":"https:\/\/www.raschvin.com\/sv\/wp-json\/wp\/v2\/product\/46903","targetHints":{"allow":["GET"]}}],"collection":[{"href":"https:\/\/www.raschvin.com\/sv\/wp-json\/wp\/v2\/product"}],"about":[{"href":"https:\/\/www.raschvin.com\/sv\/wp-json\/wp\/v2\/types\/product"}],"wp:featuredmedia":[{"embeddable":true,"href":"https:\/\/www.raschvin.com\/sv\/wp-json\/wp\/v2\/media\/46913"}],"wp:attachment":[{"href":"https:\/\/www.raschvin.com\/sv\/wp-json\/wp\/v2\/media?parent=46903"}],"wp:term":[{"taxonomy":"product_brand","embeddable":true,"href":"https:\/\/www.raschvin.com\/sv\/wp-json\/wp\/v2\/product_brand?post=46903"},{"taxonomy":"product_cat","embeddable":true,"href":"https:\/\/www.raschvin.com\/sv\/wp-json\/wp\/v2\/product_cat?post=46903"},{"taxonomy":"product_tag","embeddable":true,"href":"https:\/\/www.raschvin.com\/sv\/wp-json\/wp\/v2\/product_tag?post=46903"}],"curies":[{"name":"wp","href":"https:\/\/api.w.org\/{rel}","templated":true}]}}