{"id":46808,"date":"2024-01-19T08:55:02","date_gmt":"2024-01-19T07:55:02","guid":{"rendered":"https:\/\/www.raschvin.com\/produkt\/becker-cremant-de-alsace-extra-brut-nature-eco-75-cl\/"},"modified":"2024-01-19T08:55:02","modified_gmt":"2024-01-19T07:55:02","slug":"becker-cremant-de-alsace-extra-brut-nature-eco-75-cl","status":"publish","type":"product","link":"https:\/\/www.raschvin.com\/sv\/produkt\/becker-cremant-de-alsace-extra-brut-nature-eco-75-cl\/","title":{"rendered":"Becker Cr\u00e9mant de Alsace Extra Brut Nature &#8211; ECO 75 cl."},"content":{"rendered":"<p>Blandning av olika terroirer fr\u00e5n Ribeauvill\u00e9-regionen med druvsorter: Chardonnay \u2013 Pinot Blanc \u2013 Auxerrois \u2013 Pinot Noir. Sk\u00f6rda vid h\u00f6g mognad f\u00f6r ett mognare uttryck av druvsorterna. Naturlig reduktion (mj\u00f6lksyrabakterier) av syran i basvinet.<\/p>\n<p>Ett s\u00e4llsynt mousserande naturvin.<\/p>\n<p>Fr\u00e5n slutet av 1800-talet framst\u00e4lldes mousserande viner i Alsace enligt traditionell metod. Denna tradition, som var mindre levande under f\u00f6rsta h\u00e4lften av detta \u00e5rhundrade, bibeh\u00f6lls dock tills Cr\u00e9mant d&#8217;Alsace Appellation d&#8217;Origine Contr\u00f4l\u00e9e erk\u00e4ndes genom dekret av den 24 augusti 1976.<\/p>\n<p>Cr\u00e9mant d&#8217;Alsaces ursprungliga personlighet och oklanderliga kvalitet, garanterad av produktionsregler av exemplarisk str\u00e4nghet, har varit mycket framg\u00e5ngsrika, naturligtvis i Alsace, men \u00e4ven i andra franska regioner och med v\u00e5ra europeiska grannar.<\/p>\n","protected":false},"excerpt":{"rendered":"<p>Organic French Sparkling Wine<\/p>\n","protected":false},"featured_media":46825,"template":"","meta":{"_acf_changed":false,"rs_blank_template":"","rs_page_bg_color":"","slide_template_v7":""},"product_brand":[],"product_cat":[2783,2776],"product_tag":[],"class_list":{"0":"post-46808","1":"product","2":"type-product","3":"status-publish","4":"has-post-thumbnail","6":"product_cat-cremant-sv","7":"product_cat-mousserende-sv","8":"pa_drue-chardonnay-sv","9":"pa_drue-pinot-auxerrois-sv","10":"pa_drue-pinot-blanc-sv","11":"pa_drue-pinot-noir-sv","12":"pa_land-frankrike","13":"pa_naturlig-vin-naturvin","14":"pa_oekologisk-yes-sv","15":"pa_procent-12-5-sv","16":"pa_producent-becker-sv","17":"pa_region-alsace-sv","18":"pa_serveringstemperatur-8-10-sv","19":"pa_volume-75-sv","21":"first","22":"instock","23":"taxable","24":"shipping-taxable","25":"purchasable","26":"product-type-simple"},"bundled_by":[],"bundle_stock_status":"instock","bundle_stock_quantity":null,"bundle_virtual":false,"bundle_layout":"","bundle_add_to_cart_form_location":"","bundle_editable_in_cart":false,"bundle_sold_individually_context":"","bundle_item_grouping":"","bundle_min_size":"","bundle_max_size":"","bundle_price":[],"bundled_items":[],"bundle_sell_ids":[],"acf":[],"_links":{"self":[{"href":"https:\/\/www.raschvin.com\/sv\/wp-json\/wp\/v2\/product\/46808","targetHints":{"allow":["GET"]}}],"collection":[{"href":"https:\/\/www.raschvin.com\/sv\/wp-json\/wp\/v2\/product"}],"about":[{"href":"https:\/\/www.raschvin.com\/sv\/wp-json\/wp\/v2\/types\/product"}],"wp:featuredmedia":[{"embeddable":true,"href":"https:\/\/www.raschvin.com\/sv\/wp-json\/wp\/v2\/media\/46825"}],"wp:attachment":[{"href":"https:\/\/www.raschvin.com\/sv\/wp-json\/wp\/v2\/media?parent=46808"}],"wp:term":[{"taxonomy":"product_brand","embeddable":true,"href":"https:\/\/www.raschvin.com\/sv\/wp-json\/wp\/v2\/product_brand?post=46808"},{"taxonomy":"product_cat","embeddable":true,"href":"https:\/\/www.raschvin.com\/sv\/wp-json\/wp\/v2\/product_cat?post=46808"},{"taxonomy":"product_tag","embeddable":true,"href":"https:\/\/www.raschvin.com\/sv\/wp-json\/wp\/v2\/product_tag?post=46808"}],"curies":[{"name":"wp","href":"https:\/\/api.w.org\/{rel}","templated":true}]}}