{"id":46805,"date":"2024-01-19T08:30:10","date_gmt":"2024-01-19T07:30:10","guid":{"rendered":"https:\/\/www.raschvin.com\/produkt\/becker-cremant-de-alsace-rose-eco-75-cl\/"},"modified":"2024-01-19T08:30:10","modified_gmt":"2024-01-19T07:30:10","slug":"becker-cremant-de-alsace-rose-eco-75-cl","status":"publish","type":"product","link":"https:\/\/www.raschvin.com\/sv\/produkt\/becker-cremant-de-alsace-rose-eco-75-cl\/","title":{"rendered":"Becker Cr\u00e9mant de Alsace Ros\u00e9 &#8211; ECO 75 cl."},"content":{"rendered":"<p>\u00c4ven om Cremant d&#8217;Alsace fick AOC-status f\u00f6rst 1976, har Alsace en l\u00e5ng tradition av mousserande vin av h\u00f6g kvalitet. De anv\u00e4nder den traditionella metoden med sekund\u00e4rj\u00e4sning p\u00e5 flaskan f\u00f6r att g\u00f6ra vinet mousserande, precis som i Champagne, och denna ros\u00e9utg\u00e5va fr\u00e5n Domaine Jean Becker \u00e4r gjord p\u00e5 100% ekologiskt odlad och handsk\u00f6rdad Pinot Noir.<\/p>\n<p>F\u00e4rg: Rosa.<br \/>\nDoft: Sm\u00e5, r\u00f6da b\u00e4r som vinb\u00e4r, jordgubbar och en ton av rabarber.<br \/>\nSmaknoter: Raffinerad, torr och mineral. Bra balans och diskret r\u00f6d frukt.<\/p>\n<p>Serveringsf\u00f6rslag: Njut av den kyld, till exempel med l\u00e4tt k\u00f6tt eller fr\u00e4scha sommarsallader.<\/p>\n<p>Domaine Jean Becker \u00e4r en gammal familje\u00e4gd ving\u00e5rd i Alsace med r\u00f6tter tillbaka till 1610. Sedan 1999 har de odlat ekologiskt vin i sina ving\u00e5rdar och har d\u00e4rf\u00f6r endast erbjudit ekologiskt vin sedan 2001. Syskonen Martine, Phillipe och Francois Becker, som driver huset idag, bor tillsammans med resten av f\u00f6retaget i Zellenberg i Alsace och de flesta vinerna \u00e4r gjorda p\u00e5 de klassiska Alsace vita vindruvorna: Pinot Blanc, Riesling, Sylvaner, Gew\u00fcrztraminer, etc. men familjen g\u00f6r \u00e4ven individuella r\u00f6da viner fr\u00e5n Pinot Noir. Becker odlar \u00e4ven vin p\u00e5 flera av de mycket stora Grand Cru-f\u00e4lten, d\u00e4ribland: Froehn, Schoenenbourg, Mandelberg och Sonnenglantz.<\/p>\n","protected":false},"excerpt":{"rendered":"<p>Organic French Sparkling Wine<\/p>\n","protected":false},"featured_media":46828,"template":"","meta":{"_acf_changed":false,"rs_blank_template":"","rs_page_bg_color":"","slide_template_v7":""},"product_brand":[],"product_cat":[2776,2783,2787],"product_tag":[],"class_list":{"0":"post-46805","1":"product","2":"type-product","3":"status-publish","4":"has-post-thumbnail","6":"product_cat-mousserende-sv","7":"product_cat-cremant-sv","8":"product_cat-sparkling-rose-sv","9":"pa_drue-pinot-noir-sv","10":"pa_land-frankrike","11":"pa_oekologisk-organisk","12":"pa_procent-12-5-sv","13":"pa_producent-becker-sv","14":"pa_region-alsace-sv","15":"pa_serveringstemperatur-8-10-sv","16":"pa_volume-75-sv","18":"first","19":"instock","20":"taxable","21":"shipping-taxable","22":"purchasable","23":"product-type-simple"},"bundled_by":[],"bundle_stock_status":"instock","bundle_stock_quantity":null,"bundle_virtual":false,"bundle_layout":"","bundle_add_to_cart_form_location":"","bundle_editable_in_cart":false,"bundle_sold_individually_context":"","bundle_item_grouping":"","bundle_min_size":"","bundle_max_size":"","bundle_price":[],"bundled_items":[],"bundle_sell_ids":[],"acf":[],"_links":{"self":[{"href":"https:\/\/www.raschvin.com\/sv\/wp-json\/wp\/v2\/product\/46805","targetHints":{"allow":["GET"]}}],"collection":[{"href":"https:\/\/www.raschvin.com\/sv\/wp-json\/wp\/v2\/product"}],"about":[{"href":"https:\/\/www.raschvin.com\/sv\/wp-json\/wp\/v2\/types\/product"}],"wp:featuredmedia":[{"embeddable":true,"href":"https:\/\/www.raschvin.com\/sv\/wp-json\/wp\/v2\/media\/46828"}],"wp:attachment":[{"href":"https:\/\/www.raschvin.com\/sv\/wp-json\/wp\/v2\/media?parent=46805"}],"wp:term":[{"taxonomy":"product_brand","embeddable":true,"href":"https:\/\/www.raschvin.com\/sv\/wp-json\/wp\/v2\/product_brand?post=46805"},{"taxonomy":"product_cat","embeddable":true,"href":"https:\/\/www.raschvin.com\/sv\/wp-json\/wp\/v2\/product_cat?post=46805"},{"taxonomy":"product_tag","embeddable":true,"href":"https:\/\/www.raschvin.com\/sv\/wp-json\/wp\/v2\/product_tag?post=46805"}],"curies":[{"name":"wp","href":"https:\/\/api.w.org\/{rel}","templated":true}]}}