{"id":46802,"date":"2024-01-19T08:20:46","date_gmt":"2024-01-19T07:20:46","guid":{"rendered":"https:\/\/www.raschvin.com\/produkt\/becker-pinot-blanc-nature-eco-75-cl\/"},"modified":"2024-01-19T08:20:46","modified_gmt":"2024-01-19T07:20:46","slug":"becker-pinot-blanc-nature-eco-75-cl","status":"publish","type":"product","link":"https:\/\/www.raschvin.com\/sv\/produkt\/becker-pinot-blanc-nature-eco-75-cl\/","title":{"rendered":"Becker Pinot Blanc Nature &#8211; ECO 75 cl."},"content":{"rendered":"<p>Denna Pinot Blanc \u00e4r ytterligare en f\u00f6rl\u00e4ngning av Domaine Jean Beckers utbud av \u00e4kta naturviner. Tillverkad helt utan tillsats av svavel. Det ger en intensiv och \u00f6ppen fruktighet och saftighet som \u00e4r sv\u00e5r att inte gilla, h\u00e4r tolkad av sorten Pinot Blanc som med sin mildare syra \u00e4n Riesling ger ett rundare och mycket v\u00e4lkomnande vitt vin.<\/p>\n<p>F\u00e4rg: halmgul.<br \/>\nDoft: \u00c4pple, p\u00e4ron, citrus och lime, murklor, lite persika, vita blommor och f\u00e4rska vindruvor.<br \/>\nSmaknoter: Medelfyllig, torr och fr\u00e4sch med \u00e4pple, p\u00e4ron, stenfrukt och n\u00e4stan lite nypressad druvjuice.<\/p>\n<p>Serveringsf\u00f6rslag: Njut av den kyld till r\u00e4tter med fisk eller f\u00e5gel.<\/p>\n<p>Domaine Jean Becker \u00e4r en gammal familje\u00e4gd ving\u00e5rd i Alsace med r\u00f6tter tillbaka till 1610. Sedan 1999 har de odlat ekologiskt vin i sina ving\u00e5rdar och har d\u00e4rf\u00f6r endast erbjudit ekologiskt vin sedan 2001. Syskonen Martine, Phillipe och Francois Becker, som driver huset idag, bor tillsammans med resten av f\u00f6retaget i Zellenberg i Alsace och de flesta vinerna \u00e4r gjorda p\u00e5 de klassiska Alsace vita vindruvorna: Pinot Blanc, Riesling, Sylvaner, Gew\u00fcrztraminer, etc. men familjen g\u00f6r \u00e4ven individuella r\u00f6da viner fr\u00e5n Pinot Noir. Becker odlar \u00e4ven vin p\u00e5 flera av de mycket stora Grand Cru-f\u00e4lten, d\u00e4ribland: Froehn, Schoenenbourg, Mandelberg och Sonnenglantz.<\/p>\n","protected":false},"excerpt":{"rendered":"<p>Wine Nature \u2013 Alsace<\/p>\n","protected":false},"featured_media":46819,"template":"","meta":{"_acf_changed":false,"rs_blank_template":"","rs_page_bg_color":"","slide_template_v7":""},"product_brand":[],"product_cat":[2788,2792,4481],"product_tag":[],"class_list":{"0":"post-46802","1":"product","2":"type-product","3":"status-publish","4":"has-post-thumbnail","6":"product_cat-vin-sv","7":"product_cat-vitt-vin","8":"product_cat-naturvin-sv","9":"pa_drue-pinot-blanc-sv","10":"pa_land-frankrike","11":"pa_oekologisk-organisk","12":"pa_procent-13-sv","13":"pa_producent-becker-sv","14":"pa_region-alsace-sv","15":"pa_serveringstemperatur-12-14-sv","16":"pa_volume-75-sv","18":"first","19":"instock","20":"taxable","21":"shipping-taxable","22":"purchasable","23":"product-type-simple"},"bundled_by":["120620"],"bundle_stock_status":"instock","bundle_stock_quantity":null,"bundle_virtual":false,"bundle_layout":"","bundle_add_to_cart_form_location":"","bundle_editable_in_cart":false,"bundle_sold_individually_context":"","bundle_item_grouping":"","bundle_min_size":"","bundle_max_size":"","bundle_price":[],"bundled_items":[],"bundle_sell_ids":[],"acf":[],"_links":{"self":[{"href":"https:\/\/www.raschvin.com\/sv\/wp-json\/wp\/v2\/product\/46802","targetHints":{"allow":["GET"]}}],"collection":[{"href":"https:\/\/www.raschvin.com\/sv\/wp-json\/wp\/v2\/product"}],"about":[{"href":"https:\/\/www.raschvin.com\/sv\/wp-json\/wp\/v2\/types\/product"}],"wp:featuredmedia":[{"embeddable":true,"href":"https:\/\/www.raschvin.com\/sv\/wp-json\/wp\/v2\/media\/46819"}],"wp:attachment":[{"href":"https:\/\/www.raschvin.com\/sv\/wp-json\/wp\/v2\/media?parent=46802"}],"wp:term":[{"taxonomy":"product_brand","embeddable":true,"href":"https:\/\/www.raschvin.com\/sv\/wp-json\/wp\/v2\/product_brand?post=46802"},{"taxonomy":"product_cat","embeddable":true,"href":"https:\/\/www.raschvin.com\/sv\/wp-json\/wp\/v2\/product_cat?post=46802"},{"taxonomy":"product_tag","embeddable":true,"href":"https:\/\/www.raschvin.com\/sv\/wp-json\/wp\/v2\/product_tag?post=46802"}],"curies":[{"name":"wp","href":"https:\/\/api.w.org\/{rel}","templated":true}]}}