{"id":46796,"date":"2024-01-19T08:03:11","date_gmt":"2024-01-19T07:03:11","guid":{"rendered":"https:\/\/www.raschvin.com\/produkt\/becker-riesling-hagenschlauf-nature-eco-75-cl\/"},"modified":"2024-01-19T08:03:11","modified_gmt":"2024-01-19T07:03:11","slug":"becker-riesling-hagenschlauf-nature-eco-75-cl","status":"publish","type":"product","link":"https:\/\/www.raschvin.com\/sv\/produkt\/becker-riesling-hagenschlauf-nature-eco-75-cl\/","title":{"rendered":"Becker Riesling Hagenschlauf Nature &#8211; ECO 75 cl."},"content":{"rendered":"<p>Allt vin fr\u00e5n Domaine Jean Becker \u00e4r ekologiskt och biodynamiskt odlat och det anv\u00e4nds alltid ett minimum av svavel, men denna version har tagits ett steg l\u00e4ngre och producerats helt utan tillsats av svavel. Riktigt naturvin. Producenten kallar det ett &#8221;gratis&#8221; vin med en extra \u00f6ppen och intensiv fruktighet. En underbar bekantskap!<\/p>\n<p>F\u00e4rg: halmgul.<br \/>\nDoft: \u00c4pple, citrongr\u00e4s, mandarin, vindruvor och andra blandade citrusfrukter.<br \/>\nSmaknoter: Medelfyllig, torr och fr\u00e4sch med massor av gr\u00f6na \u00e4pplen, lime, grapefrukt och citrus.<\/p>\n<p>Serveringsf\u00f6rslag: Njut av den kyld till r\u00e4tter med fisk eller f\u00e5gel.<\/p>\n<p>Domaine Jean Becker \u00e4r en gammal familje\u00e4gd ving\u00e5rd i Alsace med r\u00f6tter tillbaka till 1610. Sedan 1999 har de odlat ekologiskt vin i sina ving\u00e5rdar och har d\u00e4rf\u00f6r endast erbjudit ekologiskt vin sedan 2001. Syskonen Martine, Phillipe och Francois Becker, som driver huset idag, bor tillsammans med resten av f\u00f6retaget i Zellenberg i Alsace och de flesta vinerna \u00e4r gjorda p\u00e5 de klassiska Alsace vita vindruvorna: Pinot Blanc, Riesling, Sylvaner, Gew\u00fcrztraminer, etc. men familjen g\u00f6r \u00e4ven individuella r\u00f6da viner fr\u00e5n Pinot Noir. Becker odlar \u00e4ven vin p\u00e5 flera av de mycket stora Grand Cru-f\u00e4lten, d\u00e4ribland: Froehn, Schoenenbourg, Mandelberg och Sonnenglantz.<\/p>\n","protected":false},"excerpt":{"rendered":"<p>Wine Nature \u2013 Alsace<\/p>\n","protected":false},"featured_media":46834,"template":"","meta":{"_acf_changed":false,"rs_blank_template":"","rs_page_bg_color":"","slide_template_v7":""},"product_brand":[],"product_cat":[2788,2792,4481],"product_tag":[],"class_list":{"0":"post-46796","1":"product","2":"type-product","3":"status-publish","4":"has-post-thumbnail","6":"product_cat-vin-sv","7":"product_cat-vitt-vin","8":"product_cat-naturvin-sv","9":"pa_drue-riesling-sv","10":"pa_land-frankrike","11":"pa_oekologisk-organisk","12":"pa_procent-13-sv","13":"pa_producent-becker-sv","14":"pa_region-alsace-sv","15":"pa_serveringstemperatur-10-12-sv-2","16":"pa_volume-75-sv","18":"first","19":"instock","20":"taxable","21":"shipping-taxable","22":"purchasable","23":"product-type-simple"},"bundled_by":["120620"],"bundle_stock_status":"instock","bundle_stock_quantity":null,"bundle_virtual":false,"bundle_layout":"","bundle_add_to_cart_form_location":"","bundle_editable_in_cart":false,"bundle_sold_individually_context":"","bundle_item_grouping":"","bundle_min_size":"","bundle_max_size":"","bundle_price":[],"bundled_items":[],"bundle_sell_ids":[],"acf":[],"_links":{"self":[{"href":"https:\/\/www.raschvin.com\/sv\/wp-json\/wp\/v2\/product\/46796","targetHints":{"allow":["GET"]}}],"collection":[{"href":"https:\/\/www.raschvin.com\/sv\/wp-json\/wp\/v2\/product"}],"about":[{"href":"https:\/\/www.raschvin.com\/sv\/wp-json\/wp\/v2\/types\/product"}],"wp:featuredmedia":[{"embeddable":true,"href":"https:\/\/www.raschvin.com\/sv\/wp-json\/wp\/v2\/media\/46834"}],"wp:attachment":[{"href":"https:\/\/www.raschvin.com\/sv\/wp-json\/wp\/v2\/media?parent=46796"}],"wp:term":[{"taxonomy":"product_brand","embeddable":true,"href":"https:\/\/www.raschvin.com\/sv\/wp-json\/wp\/v2\/product_brand?post=46796"},{"taxonomy":"product_cat","embeddable":true,"href":"https:\/\/www.raschvin.com\/sv\/wp-json\/wp\/v2\/product_cat?post=46796"},{"taxonomy":"product_tag","embeddable":true,"href":"https:\/\/www.raschvin.com\/sv\/wp-json\/wp\/v2\/product_tag?post=46796"}],"curies":[{"name":"wp","href":"https:\/\/api.w.org\/{rel}","templated":true}]}}