{"id":45784,"date":"2023-12-07T20:13:05","date_gmt":"2023-12-07T19:13:05","guid":{"rendered":"https:\/\/www.raschvin.com\/produkt\/warres-port-1972-colheita-golden-jubilee-port-50th-anniversary-bottling-75-cl\/"},"modified":"2023-12-07T20:13:05","modified_gmt":"2023-12-07T19:13:05","slug":"warres-port-1972-colheita-golden-jubilee-port-50th-anniversary-bottling-75-cl","status":"publish","type":"product","link":"https:\/\/www.raschvin.com\/sv\/produkt\/warres-port-1972-colheita-golden-jubilee-port-50th-anniversary-bottling-75-cl\/","title":{"rendered":"Warre\u2019s Port &#8211; 1972 Colheita Golden Jubilee Port 50th Anniversary Bottling 75 cl."},"content":{"rendered":"<p>Endast 300 flaskor, endast i Danmark<\/p>\n<p>Warres 1972 Colheita Port \u00e4r en exceptionell port som har mognats p\u00e5 kryddade ekfat i Warres k\u00e4llare under de senaste fem decennierna.<\/p>\n<p>Chefsvinmakaren, Charles Symington, har personligen valt ut det b\u00e4sta fatet fr\u00e5n 1972 \u2013 \u00e5ret Hennes Majest\u00e4t Drottningen blev Danmarks regent \u2013 \u200b\u200bf\u00f6r denna mycket begr\u00e4nsade tappning. Som Kunglig Hovleverant\u00f6r \u00e4r vi stolta \u00f6ver att kunna sl\u00e4ppa endast 300 individuellt numrerade flaskor f\u00f6r att fira Hennes Majest\u00e4ts jubileum.<br \/>\nAvnjut med olika n\u00f6t-, choklad- eller kolabaserade desserter, kanske med en s\u00f6t pat\u00e9, n\u00f6tiga ostar.<br \/>\nEller kanske bara i ett stort vinglas i en mjuk f\u00e5t\u00f6lj en kall vinterdag.<\/p>\n<p>N\u00e4r portvin har j\u00e4st i 24 timmar flyter skalen ovanp\u00e5 som en liten hatt (manta).<br \/>\nDen lagras i l\u00e5ga granitkar (lagrad) och efter 36-48 timmar tills\u00e4tts druvbrandy p\u00e5 77%. Detta g\u00f6r att j\u00e4sningen avbryts.<br \/>\nDet finns fortfarande naturligt restsocker i musten (100-120 g\/l). Samtidigt kommer portvinet ha uppn\u00e5tt en alkoholhalt p\u00e5 19-20%.<br \/>\nDenna Colheita har legat p\u00e5 fat sedan 1972 innan den buteljerades i november. 2022.<br \/>\nInneh\u00e5ll: 75 cl<br \/>\nAlkohol: 20%<\/p>\n","protected":false},"excerpt":{"rendered":"<p>Douro Valley Port<\/p>\n","protected":false},"featured_media":45871,"template":"","meta":{"_acf_changed":false,"rs_blank_template":"","rs_page_bg_color":"","slide_template_v7":""},"product_brand":[],"product_cat":[4737,2772,2765],"product_tag":[],"class_list":{"0":"post-45784","1":"product","2":"type-product","3":"status-publish","4":"has-post-thumbnail","6":"product_cat-colheita-sv","7":"product_cat-hamn","8":"product_cat-hedvin-sv","9":"pa_drue-tinta-barroca-sv","10":"pa_drue-tinta-roriz-sv","11":"pa_drue-tinto-cao-sv","12":"pa_drue-touriga-franca-sv","13":"pa_drue-touriga-nacional-sv","14":"pa_land-portugal-sv","15":"pa_procent-20-sv","16":"pa_producent-warres-sv","17":"pa_region-douro-sv","18":"pa_vintage-1972-sv","19":"pa_volume-75-sv","21":"first","22":"instock","23":"taxable","24":"shipping-taxable","25":"purchasable","26":"product-type-simple"},"bundled_by":[],"bundle_stock_status":"instock","bundle_stock_quantity":null,"bundle_virtual":false,"bundle_layout":"","bundle_add_to_cart_form_location":"","bundle_editable_in_cart":false,"bundle_sold_individually_context":"","bundle_item_grouping":"","bundle_min_size":"","bundle_max_size":"","bundle_price":[],"bundled_items":[],"bundle_sell_ids":[],"acf":[],"_links":{"self":[{"href":"https:\/\/www.raschvin.com\/sv\/wp-json\/wp\/v2\/product\/45784","targetHints":{"allow":["GET"]}}],"collection":[{"href":"https:\/\/www.raschvin.com\/sv\/wp-json\/wp\/v2\/product"}],"about":[{"href":"https:\/\/www.raschvin.com\/sv\/wp-json\/wp\/v2\/types\/product"}],"wp:featuredmedia":[{"embeddable":true,"href":"https:\/\/www.raschvin.com\/sv\/wp-json\/wp\/v2\/media\/45871"}],"wp:attachment":[{"href":"https:\/\/www.raschvin.com\/sv\/wp-json\/wp\/v2\/media?parent=45784"}],"wp:term":[{"taxonomy":"product_brand","embeddable":true,"href":"https:\/\/www.raschvin.com\/sv\/wp-json\/wp\/v2\/product_brand?post=45784"},{"taxonomy":"product_cat","embeddable":true,"href":"https:\/\/www.raschvin.com\/sv\/wp-json\/wp\/v2\/product_cat?post=45784"},{"taxonomy":"product_tag","embeddable":true,"href":"https:\/\/www.raschvin.com\/sv\/wp-json\/wp\/v2\/product_tag?post=45784"}],"curies":[{"name":"wp","href":"https:\/\/api.w.org\/{rel}","templated":true}]}}