{"id":45778,"date":"2023-12-07T18:54:21","date_gmt":"2023-12-07T17:54:21","guid":{"rendered":"https:\/\/www.raschvin.com\/produkt\/yellowstone-select-bourbon-93-proof-70-cl-465\/"},"modified":"2023-12-07T18:54:21","modified_gmt":"2023-12-07T17:54:21","slug":"yellowstone-select-bourbon-93-proof-70-cl-465","status":"publish","type":"product","link":"https:\/\/www.raschvin.com\/sv\/produkt\/yellowstone-select-bourbon-93-proof-70-cl-465\/","title":{"rendered":"Yellowstone Select Bourbon 93 Proof 70 cl. 46,5%"},"content":{"rendered":"<p>P\u00e5 Limestone Branch Distillery forts\u00e4tter Stephen och Paul Beam familjetraditionen att producera Kentuckys finaste &#8221;Craft Spirits&#8221;.<\/p>\n<p>Bel\u00e4get i Libanon, hyllar destilleriet br\u00f6dernas f\u00f6rflutna samtidigt som de tillverkar gammaldags whisky och gin f\u00f6r de av dagens konsumenter som uppskattar hur det gjordes i tidernas gryning. Br\u00f6derna \u00e4r den sjunde generationen p\u00e5 familjens destilleri.<\/p>\n<p>Yellowstone Select Kentucky Straight Bourbon Whisky<\/p>\n<p>Dofter av r\u00e5gkrydda med mjuka l\u00e4derk\u00f6rsb\u00e4r. Smaken l\u00e4gger till r\u00f6kt kola och avslutas med r\u00f6kt ek och farinsocker.<\/p>\n<p>En delikat blandning av smaker. V\u00e4lj bland 4- och 7-\u00e5riga bourbons. En exklusiv gammaldags whisky som hedrar sitt familjeursprung.<\/p>\n","protected":false},"excerpt":{"rendered":"<p>Kentucky Straight Bourbon Whiskey<\/p>\n","protected":false},"featured_media":45796,"template":"","meta":{"_acf_changed":false,"rs_blank_template":"","rs_page_bg_color":"","slide_template_v7":""},"product_brand":[],"product_cat":[4657,2387,2392],"product_tag":[],"class_list":{"0":"post-45778","1":"product","2":"type-product","3":"status-publish","4":"has-post-thumbnail","6":"product_cat-american-bourbon-sv","7":"product_cat-avec-sv","8":"product_cat-whisky-sv","9":"pa_land-usa-sv","10":"pa_procent-46-5-sv","11":"pa_producent-limestone-branch-distillery-sv","12":"pa_region-kentucky-sv","13":"pa_volume-70-sv-2","15":"first","16":"instock","17":"sale","18":"taxable","19":"shipping-taxable","20":"purchasable","21":"product-type-simple"},"bundled_by":[],"bundle_stock_status":"instock","bundle_stock_quantity":null,"bundle_virtual":false,"bundle_layout":"","bundle_add_to_cart_form_location":"","bundle_editable_in_cart":false,"bundle_sold_individually_context":"","bundle_item_grouping":"","bundle_min_size":"","bundle_max_size":"","bundle_price":[],"bundled_items":[],"bundle_sell_ids":[],"acf":[],"_links":{"self":[{"href":"https:\/\/www.raschvin.com\/sv\/wp-json\/wp\/v2\/product\/45778","targetHints":{"allow":["GET"]}}],"collection":[{"href":"https:\/\/www.raschvin.com\/sv\/wp-json\/wp\/v2\/product"}],"about":[{"href":"https:\/\/www.raschvin.com\/sv\/wp-json\/wp\/v2\/types\/product"}],"wp:featuredmedia":[{"embeddable":true,"href":"https:\/\/www.raschvin.com\/sv\/wp-json\/wp\/v2\/media\/45796"}],"wp:attachment":[{"href":"https:\/\/www.raschvin.com\/sv\/wp-json\/wp\/v2\/media?parent=45778"}],"wp:term":[{"taxonomy":"product_brand","embeddable":true,"href":"https:\/\/www.raschvin.com\/sv\/wp-json\/wp\/v2\/product_brand?post=45778"},{"taxonomy":"product_cat","embeddable":true,"href":"https:\/\/www.raschvin.com\/sv\/wp-json\/wp\/v2\/product_cat?post=45778"},{"taxonomy":"product_tag","embeddable":true,"href":"https:\/\/www.raschvin.com\/sv\/wp-json\/wp\/v2\/product_tag?post=45778"}],"curies":[{"name":"wp","href":"https:\/\/api.w.org\/{rel}","templated":true}]}}