{"id":45772,"date":"2023-12-07T18:35:23","date_gmt":"2023-12-07T17:35:23","guid":{"rendered":"https:\/\/www.raschvin.com\/produkt\/david-nicholson-1843-bourbon-70-cl-50\/"},"modified":"2023-12-07T18:35:23","modified_gmt":"2023-12-07T17:35:23","slug":"david-nicholson-1843-bourbon-70-cl-50","status":"publish","type":"product","link":"https:\/\/www.raschvin.com\/sv\/produkt\/david-nicholson-1843-bourbon-70-cl-50\/","title":{"rendered":"David Nicholson 1843 Bourbon 70 cl. 50%"},"content":{"rendered":"<p>En vete bourbon med en exceptionellt v\u00e4lrundad smak.<\/p>\n<p>Doft<\/p>\n<p>Honung och sm\u00f6r, samt en touch av vanilj och ek.<\/p>\n<p>Smak<\/p>\n<p>Otroligt rundad \u2013 med ek- och r\u00f6ktoner.<\/p>\n<p>Eftersmak<\/p>\n<p>L\u00e5ngvarig och varm &#8211; med en hint av krydda.<\/p>\n<p>Om produkten<br \/>\nDavid Nicholson 1843 uppr\u00e4tth\u00e5ller \u00e4n i dag den exceptionella kvalitet som fastst\u00e4lldes p\u00e5 sin tid genom David Nicholsons ursprungliga \u201d43\u201d-recept.<\/p>\n<p>Lagrad p\u00e5 nya f\u00f6rkolnade amerikanska ekfat, denna bourbon \u00e4r gjord p\u00e5 Lux Rows vetebourbonmos, best\u00e5ende av 68 % majs, 20 % vete och 12 % m\u00e4ltat korn.<\/p>\n<p>David Nicholson 1843 buteljeras med 100 American proof \u2013 vilket motsvarar 50 % alkohol.<\/p>\n<p>Smakanteckningar<br \/>\nH\u00e4rlig doft av honung och sm\u00f6r, samt milda inslag av vanilj och ek \u00e5terfinns i doften. Vid provsmakning m\u00f6ts du av en exceptionellt v\u00e4l avrundad smak som snabbt glider \u00f6ver i ek- och r\u00f6knoter, innan den slutar i en l\u00e5ng varm eftersmak med en touch av krydda.<\/p>\n<p>Om David Nicholson<br \/>\nF\u00f6r n\u00e4stan 200 \u00e5r sedan skapade David Nicholson det ber\u00f6mda &#8221;43&#8221; bourbonreceptet i bakrummet i sin mataff\u00e4r i St. Louis. Sedan dess har receptet g\u00e5tt i arv fr\u00e5n far till son genom generationerna.<\/p>\n<p>Slutligen, prova en av dessa prisbel\u00f6nta Kentucky bourbons \u2013 den rundade och trevliga vetebourbonen David Nicholson 1843, eller den kryddiga r\u00e5gbourbonen David Nicholson Reserve.<\/p>\n<p>Lux Row Distillers<\/p>\n<p>David Nicholson \u00e4r tillverkad av Lux Row Distillers i Bardstown \u2013 Bourbons huvudstad i v\u00e4rlden. Det n\u00e4stan 1700 m2 stora destilleriet \u00e4r uppkallat efter den mycket anm\u00e4rkningsv\u00e4rda tr\u00e4draden som finns p\u00e5 tomten. Dessutom hittar du p\u00e5 destilleriets marker \u00e4ven hela 6 lager med plats f\u00f6r cirka 20 000 fat vardera. Samt en gigantisk, 13 meter h\u00f6g, specialtillverkad koppargryta p\u00e5 vilken David Nicholson och destilleriets \u00f6vriga whiskym\u00e4rken destilleras.<\/p>\n<p>Luxco har faktiskt varit i bourbonbranschen i m\u00e5nga \u00e5r. Men under de f\u00f6rsta \u00e5ren av dess existens var Luxco inte sj\u00e4lv ansvarig f\u00f6r produktionen av deras whisky \u2013 vilket \u00e4r helt normalt inom den amerikanska whiskyindustrin. Det var f\u00f6rst 2015 som Luxco byggde ett eget destilleri i form av destilleriet Lux Row \u2013 h\u00e4r kunde de anv\u00e4nda all kunskap de samlat p\u00e5 sig under decennier om tillverkning och lagring av bourbon och r\u00e5gwhisky.<\/p>\n<p>Lux Row skiljer sig fr\u00e5n de flesta andra bourbondestillerier genom att anv\u00e4nda tv\u00e5 olika recept (kallade &#8221;mash bills&#8221;) f\u00f6r deras bourbon:<\/p>\n<p>Den ena \u00e4r en rundad bourbonm\u00e4skn\u00e4bb av vete best\u00e5ende av 68% majs, 20% vete och 12% m\u00e4ltat korn, vilket \u00e4r vad David Nicholson 1843 \u00e4r gjord p\u00e5. Den andra \u00e4r en kryddig r\u00e5gbourbon som best\u00e5r av 78 % majs, 10 % r\u00e5g och 12 % m\u00e4ltat korn, vilket \u00e4r vad David Nicholson Reserve \u00e4r gjord av.<\/p>\n","protected":false},"excerpt":{"rendered":"<p>Kentucky Straight Bourbon Whiskey<\/p>\n","protected":false},"featured_media":45838,"template":"","meta":{"_acf_changed":false,"rs_blank_template":"","rs_page_bg_color":"","slide_template_v7":""},"product_brand":[],"product_cat":[4657,2387,2392],"product_tag":[],"class_list":{"0":"post-45772","1":"product","2":"type-product","3":"status-publish","4":"has-post-thumbnail","6":"product_cat-american-bourbon-sv","7":"product_cat-avec-sv","8":"product_cat-whisky-sv","9":"pa_land-usa-sv","10":"pa_procent-50-sv","11":"pa_producent-lux-row-distillers-sv","12":"pa_region-kentucky-sv","13":"pa_volume-70-sv-2","15":"first","16":"instock","17":"sale","18":"taxable","19":"shipping-taxable","20":"purchasable","21":"product-type-simple"},"bundled_by":[],"bundle_stock_status":"instock","bundle_stock_quantity":null,"bundle_virtual":false,"bundle_layout":"","bundle_add_to_cart_form_location":"","bundle_editable_in_cart":false,"bundle_sold_individually_context":"","bundle_item_grouping":"","bundle_min_size":"","bundle_max_size":"","bundle_price":[],"bundled_items":[],"bundle_sell_ids":[],"acf":[],"_links":{"self":[{"href":"https:\/\/www.raschvin.com\/sv\/wp-json\/wp\/v2\/product\/45772","targetHints":{"allow":["GET"]}}],"collection":[{"href":"https:\/\/www.raschvin.com\/sv\/wp-json\/wp\/v2\/product"}],"about":[{"href":"https:\/\/www.raschvin.com\/sv\/wp-json\/wp\/v2\/types\/product"}],"wp:featuredmedia":[{"embeddable":true,"href":"https:\/\/www.raschvin.com\/sv\/wp-json\/wp\/v2\/media\/45838"}],"wp:attachment":[{"href":"https:\/\/www.raschvin.com\/sv\/wp-json\/wp\/v2\/media?parent=45772"}],"wp:term":[{"taxonomy":"product_brand","embeddable":true,"href":"https:\/\/www.raschvin.com\/sv\/wp-json\/wp\/v2\/product_brand?post=45772"},{"taxonomy":"product_cat","embeddable":true,"href":"https:\/\/www.raschvin.com\/sv\/wp-json\/wp\/v2\/product_cat?post=45772"},{"taxonomy":"product_tag","embeddable":true,"href":"https:\/\/www.raschvin.com\/sv\/wp-json\/wp\/v2\/product_tag?post=45772"}],"curies":[{"name":"wp","href":"https:\/\/api.w.org\/{rel}","templated":true}]}}